{"id":568,"date":"2022-07-12T19:15:54","date_gmt":"2022-07-12T19:15:54","guid":{"rendered":"https:\/\/www.peintredurail.com\/?post_type=product&#038;p=568"},"modified":"2022-07-13T14:15:55","modified_gmt":"2022-07-13T14:15:55","slug":"le-mans","status":"publish","type":"product","link":"https:\/\/predictor943.hrunk.dev\/fr\/product\/le-mans\/","title":{"rendered":"Le Mans"},"content":{"rendered":"<p>Une sc\u00e8ne quotidienne \u00e0 la gare du Mans, &#8220;le grand relais de l&#8217;Ouest&#8221;, avec une belle locomotive \u00e9lectrique 2D2 \u00e0 la t\u00eate d&#8217;un train pour Paris St Lazare. A l&#8217;arri\u00e8re plan, un autorail rouge. Ces derniers \u00e9taient surnomm\u00e9s &#8220;Formule 1&#8221; pour leur capacit\u00e9 d&#8217;acc\u00e9l\u00e9ration. En fait, ils servaient de services d&#8217;alimentation \u00e0 partir de lignes secondaires vers des gares principales comme Le Mans.<\/p>\n","protected":false},"excerpt":{"rendered":"<p>Une sc\u00e8ne quotidienne \u00e0 la gare du Mans, &#8220;le grand relais de l&#8217;Ouest&#8221;, avec une belle locomotive \u00e9lectrique 2D2 \u00e0 la t\u00eate d&#8217;un train pour Paris St Lazare. A l&#8217;arri\u00e8re plan, un autorail rouge. Ces derniers \u00e9taient surnomm\u00e9s &#8220;Formule 1&#8221; pour leur capacit\u00e9 d&#8217;acc\u00e9l\u00e9ration. En fait, ils servaient de services d&#8217;alimentation \u00e0 partir de lignes &hellip;<\/p>\n","protected":false},"featured_media":569,"template":"","meta":{"_acf_changed":false},"product_brand":[],"product_cat":[20],"product_tag":[],"class_list":{"0":"post-568","1":"product","2":"type-product","3":"status-publish","4":"has-post-thumbnail","6":"product_cat-gallery","8":"first","9":"instock","10":"shipping-taxable","11":"purchasable","12":"product-type-simple"},"acf":[],"yoast_head":"<!-- This site is optimized with the Yoast SEO plugin v26.5 - https:\/\/yoast.com\/wordpress\/plugins\/seo\/ -->\n<title>Le Mans<\/title>\n<meta name=\"robots\" content=\"index, follow, max-snippet:-1, max-image-preview:large, max-video-preview:-1\" \/>\n<link rel=\"canonical\" href=\"https:\/\/predictor943.hrunk.dev\/fr\/product\/le-mans\/\" \/>\n<meta property=\"og:locale\" content=\"fr_FR\" \/>\n<meta property=\"og:locale:alternate\" content=\"en_GB\" \/>\n<meta property=\"og:type\" content=\"article\" \/>\n<meta property=\"og:title\" content=\"Le Mans\" \/>\n<meta property=\"og:description\" content=\"Une sc\u00e8ne quotidienne \u00e0 la gare du Mans, &#8220;le grand relais de l&#8217;Ouest&#8221;, avec une belle locomotive \u00e9lectrique 2D2 \u00e0 la t\u00eate d&#8217;un train pour Paris St Lazare. A l&#8217;arri\u00e8re plan, un autorail rouge. Ces derniers \u00e9taient surnomm\u00e9s &#8220;Formule 1&#8221; pour leur capacit\u00e9 d&#8217;acc\u00e9l\u00e9ration. En fait, ils servaient de services d&#8217;alimentation \u00e0 partir de lignes &hellip;\" \/>\n<meta property=\"og:url\" content=\"https:\/\/predictor943.hrunk.dev\/fr\/product\/le-mans\/\" \/>\n<meta property=\"og:site_name\" content=\"Peintre du Rail\" \/>\n<meta property=\"article:modified_time\" content=\"2022-07-13T14:15:55+00:00\" \/>\n<meta property=\"og:image\" content=\"https:\/\/predictor943.hrunk.dev\/wp-content\/uploads\/2022\/07\/LeMans.jpg\" \/>\n\t<meta property=\"og:image:width\" content=\"1280\" \/>\n\t<meta property=\"og:image:height\" content=\"900\" \/>\n\t<meta property=\"og:image:type\" content=\"image\/jpeg\" \/>\n<meta name=\"twitter:card\" content=\"summary_large_image\" \/>\n<meta name=\"twitter:label1\" content=\"Est. reading time\" \/>\n\t<meta name=\"twitter:data1\" content=\"1 minute\" \/>\n<script type=\"application\/ld+json\" class=\"yoast-schema-graph\">{\"@context\":\"https:\/\/schema.org\",\"@graph\":[{\"@type\":\"WebPage\",\"@id\":\"https:\/\/predictor943.hrunk.dev\/fr\/product\/le-mans\/\",\"url\":\"https:\/\/predictor943.hrunk.dev\/fr\/product\/le-mans\/\",\"name\":\"Le Mans\",\"isPartOf\":{\"@id\":\"https:\/\/predictor943.hrunk.dev\/#website\"},\"primaryImageOfPage\":{\"@id\":\"https:\/\/predictor943.hrunk.dev\/fr\/product\/le-mans\/#primaryimage\"},\"image\":{\"@id\":\"https:\/\/predictor943.hrunk.dev\/fr\/product\/le-mans\/#primaryimage\"},\"thumbnailUrl\":\"https:\/\/predictor943.hrunk.dev\/wp-content\/uploads\/2022\/07\/LeMans.jpg\",\"datePublished\":\"2022-07-12T19:15:54+00:00\",\"dateModified\":\"2022-07-13T14:15:55+00:00\",\"breadcrumb\":{\"@id\":\"https:\/\/predictor943.hrunk.dev\/fr\/product\/le-mans\/#breadcrumb\"},\"inLanguage\":\"fr-FR\",\"potentialAction\":[{\"@type\":\"ReadAction\",\"target\":[\"https:\/\/predictor943.hrunk.dev\/fr\/product\/le-mans\/\"]}]},{\"@type\":\"ImageObject\",\"inLanguage\":\"fr-FR\",\"@id\":\"https:\/\/predictor943.hrunk.dev\/fr\/product\/le-mans\/#primaryimage\",\"url\":\"https:\/\/predictor943.hrunk.dev\/wp-content\/uploads\/2022\/07\/LeMans.jpg\",\"contentUrl\":\"https:\/\/predictor943.hrunk.dev\/wp-content\/uploads\/2022\/07\/LeMans.jpg\",\"width\":1280,\"height\":900},{\"@type\":\"BreadcrumbList\",\"@id\":\"https:\/\/predictor943.hrunk.dev\/fr\/product\/le-mans\/#breadcrumb\",\"itemListElement\":[{\"@type\":\"ListItem\",\"position\":1,\"name\":\"Home\",\"item\":\"https:\/\/predictor943.hrunk.dev\/\"},{\"@type\":\"ListItem\",\"position\":2,\"name\":\"Buy Prints\",\"item\":\"https:\/\/predictor943.hrunk.dev\/shop\/\"},{\"@type\":\"ListItem\",\"position\":3,\"name\":\"Le Mans\"}]},{\"@type\":\"WebSite\",\"@id\":\"https:\/\/predictor943.hrunk.dev\/#website\",\"url\":\"https:\/\/predictor943.hrunk.dev\/\",\"name\":\"Peintre du Rail\",\"description\":\"Chris Ludlow\",\"potentialAction\":[{\"@type\":\"SearchAction\",\"target\":{\"@type\":\"EntryPoint\",\"urlTemplate\":\"https:\/\/predictor943.hrunk.dev\/?s={search_term_string}\"},\"query-input\":{\"@type\":\"PropertyValueSpecification\",\"valueRequired\":true,\"valueName\":\"search_term_string\"}}],\"inLanguage\":\"fr-FR\"}]}<\/script>\n<!-- \/ Yoast SEO plugin. -->","yoast_head_json":{"title":"Le Mans","robots":{"index":"index","follow":"follow","max-snippet":"max-snippet:-1","max-image-preview":"max-image-preview:large","max-video-preview":"max-video-preview:-1"},"canonical":"https:\/\/predictor943.hrunk.dev\/fr\/product\/le-mans\/","og_locale":"fr_FR","og_type":"article","og_title":"[:en]Le Mans[:fr]Le Mans[:] - Peintre du Rail","og_description":"Une sc\u00e8ne quotidienne \u00e0 la gare du Mans, &#8220;le grand relais de l&#8217;Ouest&#8221;, avec une belle locomotive \u00e9lectrique 2D2 \u00e0 la t\u00eate d&#8217;un train pour Paris St Lazare. A l&#8217;arri\u00e8re plan, un autorail rouge. Ces derniers \u00e9taient surnomm\u00e9s &#8220;Formule 1&#8221; pour leur capacit\u00e9 d&#8217;acc\u00e9l\u00e9ration. En fait, ils servaient de services d&#8217;alimentation \u00e0 partir de lignes &hellip;","og_url":"https:\/\/predictor943.hrunk.dev\/fr\/product\/le-mans\/","og_site_name":"Peintre du Rail","article_modified_time":"2022-07-13T14:15:55+00:00","og_image":[{"width":1280,"height":900,"url":"https:\/\/predictor943.hrunk.dev\/wp-content\/uploads\/2022\/07\/LeMans.jpg","type":"image\/jpeg"}],"twitter_card":"summary_large_image","twitter_misc":{"Est. reading time":"1 minute"},"schema":{"@context":"https:\/\/schema.org","@graph":[{"@type":"WebPage","@id":"https:\/\/predictor943.hrunk.dev\/fr\/product\/le-mans\/","url":"https:\/\/predictor943.hrunk.dev\/fr\/product\/le-mans\/","name":"Le Mans","isPartOf":{"@id":"https:\/\/predictor943.hrunk.dev\/#website"},"primaryImageOfPage":{"@id":"https:\/\/predictor943.hrunk.dev\/fr\/product\/le-mans\/#primaryimage"},"image":{"@id":"https:\/\/predictor943.hrunk.dev\/fr\/product\/le-mans\/#primaryimage"},"thumbnailUrl":"https:\/\/predictor943.hrunk.dev\/wp-content\/uploads\/2022\/07\/LeMans.jpg","datePublished":"2022-07-12T19:15:54+00:00","dateModified":"2022-07-13T14:15:55+00:00","breadcrumb":{"@id":"https:\/\/predictor943.hrunk.dev\/fr\/product\/le-mans\/#breadcrumb"},"inLanguage":"fr-FR","potentialAction":[{"@type":"ReadAction","target":["https:\/\/predictor943.hrunk.dev\/fr\/product\/le-mans\/"]}]},{"@type":"ImageObject","inLanguage":"fr-FR","@id":"https:\/\/predictor943.hrunk.dev\/fr\/product\/le-mans\/#primaryimage","url":"https:\/\/predictor943.hrunk.dev\/wp-content\/uploads\/2022\/07\/LeMans.jpg","contentUrl":"https:\/\/predictor943.hrunk.dev\/wp-content\/uploads\/2022\/07\/LeMans.jpg","width":1280,"height":900},{"@type":"BreadcrumbList","@id":"https:\/\/predictor943.hrunk.dev\/fr\/product\/le-mans\/#breadcrumb","itemListElement":[{"@type":"ListItem","position":1,"name":"Home","item":"https:\/\/predictor943.hrunk.dev\/"},{"@type":"ListItem","position":2,"name":"Buy Prints","item":"https:\/\/predictor943.hrunk.dev\/shop\/"},{"@type":"ListItem","position":3,"name":"Le Mans"}]},{"@type":"WebSite","@id":"https:\/\/predictor943.hrunk.dev\/#website","url":"https:\/\/predictor943.hrunk.dev\/","name":"Peintre du Rail","description":"Chris Ludlow","potentialAction":[{"@type":"SearchAction","target":{"@type":"EntryPoint","urlTemplate":"https:\/\/predictor943.hrunk.dev\/?s={search_term_string}"},"query-input":{"@type":"PropertyValueSpecification","valueRequired":true,"valueName":"search_term_string"}}],"inLanguage":"fr-FR"}]}},"_links":{"self":[{"href":"https:\/\/predictor943.hrunk.dev\/fr\/wp-json\/wp\/v2\/product\/568","targetHints":{"allow":["GET"]}}],"collection":[{"href":"https:\/\/predictor943.hrunk.dev\/fr\/wp-json\/wp\/v2\/product"}],"about":[{"href":"https:\/\/predictor943.hrunk.dev\/fr\/wp-json\/wp\/v2\/types\/product"}],"wp:featuredmedia":[{"embeddable":true,"href":"https:\/\/predictor943.hrunk.dev\/fr\/wp-json\/wp\/v2\/media\/569"}],"wp:attachment":[{"href":"https:\/\/predictor943.hrunk.dev\/fr\/wp-json\/wp\/v2\/media?parent=568"}],"wp:term":[{"taxonomy":"product_brand","embeddable":true,"href":"https:\/\/predictor943.hrunk.dev\/fr\/wp-json\/wp\/v2\/product_brand?post=568"},{"taxonomy":"product_cat","embeddable":true,"href":"https:\/\/predictor943.hrunk.dev\/fr\/wp-json\/wp\/v2\/product_cat?post=568"},{"taxonomy":"product_tag","embeddable":true,"href":"https:\/\/predictor943.hrunk.dev\/fr\/wp-json\/wp\/v2\/product_tag?post=568"}],"curies":[{"name":"wp","href":"https:\/\/api.w.org\/{rel}","templated":true}]}}