{"id":566,"date":"2022-07-12T19:14:59","date_gmt":"2022-07-12T19:14:59","guid":{"rendered":"https:\/\/www.peintredurail.com\/?post_type=product&#038;p=566"},"modified":"2022-07-13T12:13:03","modified_gmt":"2022-07-13T12:13:03","slug":"pennsy-puissance","status":"publish","type":"product","link":"https:\/\/predictor943.hrunk.dev\/fr\/product\/pennsy-puissance\/","title":{"rendered":"La puissance du Pennsy"},"content":{"rendered":"<p>Quelle locomotive \u00e9tait la T1\u00a0! Une vitesse de croisi\u00e8re de 160 km\/h avec 1 000 tonnes au crochet ! Elles \u00e9taient loin d&#8217;\u00eatre parfaites, elles patinaient \u00e0 grande vitesse, elles cassaient leurs soupapes, mais quelle allure spectaculaire et quelle \u00e9norme impression de puissance. La vapeur \u00e9tait sur le d\u00e9clin lorsqu&#8217;ils ont \u00e9t\u00e9 construits, mais quelle fa\u00e7on de s&#8217;\u00e9teindre ! Ils \u00e9taient magnifiques, mais les diesels \u00e9taient tout \u00e0 fait conqu\u00e9rants et le T1 n&#8217;avait nulle part o\u00f9 aller \u00e0 partir de l\u00e0.<\/p>\n","protected":false},"excerpt":{"rendered":"<p>Quelle locomotive \u00e9tait la T1\u00a0! Une vitesse de croisi\u00e8re de 160 km\/h avec 1 000 tonnes au crochet ! Elles \u00e9taient loin d&#8217;\u00eatre parfaites, elles patinaient \u00e0 grande vitesse, elles cassaient leurs soupapes, mais quelle allure spectaculaire et quelle \u00e9norme impression de puissance. La vapeur \u00e9tait sur le d\u00e9clin lorsqu&#8217;ils ont \u00e9t\u00e9 construits, mais quelle &hellip;<\/p>\n","protected":false},"featured_media":567,"template":"","meta":{"_acf_changed":false},"product_brand":[],"product_cat":[20,19],"product_tag":[],"class_list":{"0":"post-566","1":"product","2":"type-product","3":"status-publish","4":"has-post-thumbnail","6":"product_cat-gallery","7":"product_cat-not-for-sale","9":"first","10":"outofstock","11":"shipping-taxable","12":"product-type-simple"},"acf":[],"yoast_head":"<!-- This site is optimized with the Yoast SEO plugin v26.5 - https:\/\/yoast.com\/wordpress\/plugins\/seo\/ -->\n<title>La puissance du Pennsy<\/title>\n<meta name=\"robots\" content=\"index, follow, max-snippet:-1, max-image-preview:large, max-video-preview:-1\" \/>\n<link rel=\"canonical\" href=\"https:\/\/predictor943.hrunk.dev\/fr\/product\/pennsy-puissance\/\" \/>\n<meta property=\"og:locale\" content=\"fr_FR\" \/>\n<meta property=\"og:locale:alternate\" content=\"en_GB\" \/>\n<meta property=\"og:type\" content=\"article\" \/>\n<meta property=\"og:title\" content=\"La puissance du Pennsy\" \/>\n<meta property=\"og:description\" content=\"Quelle locomotive \u00e9tait la T1\u00a0! Une vitesse de croisi\u00e8re de 160 km\/h avec 1 000 tonnes au crochet ! Elles \u00e9taient loin d&#8217;\u00eatre parfaites, elles patinaient \u00e0 grande vitesse, elles cassaient leurs soupapes, mais quelle allure spectaculaire et quelle \u00e9norme impression de puissance. La vapeur \u00e9tait sur le d\u00e9clin lorsqu&#8217;ils ont \u00e9t\u00e9 construits, mais quelle &hellip;\" \/>\n<meta property=\"og:url\" content=\"https:\/\/predictor943.hrunk.dev\/fr\/product\/pennsy-puissance\/\" \/>\n<meta property=\"og:site_name\" content=\"Peintre du Rail\" \/>\n<meta property=\"article:modified_time\" content=\"2022-07-13T12:13:03+00:00\" \/>\n<meta property=\"og:image\" content=\"https:\/\/predictor943.hrunk.dev\/wp-content\/uploads\/2022\/07\/PennsyPuissance.jpg\" \/>\n\t<meta property=\"og:image:width\" content=\"1280\" \/>\n\t<meta property=\"og:image:height\" content=\"493\" \/>\n\t<meta property=\"og:image:type\" content=\"image\/jpeg\" \/>\n<meta name=\"twitter:card\" content=\"summary_large_image\" \/>\n<meta name=\"twitter:label1\" content=\"Est. reading time\" \/>\n\t<meta name=\"twitter:data1\" content=\"1 minute\" \/>\n<script type=\"application\/ld+json\" class=\"yoast-schema-graph\">{\"@context\":\"https:\/\/schema.org\",\"@graph\":[{\"@type\":\"WebPage\",\"@id\":\"https:\/\/predictor943.hrunk.dev\/product\/pennsy-puissance\/\",\"url\":\"https:\/\/predictor943.hrunk.dev\/product\/pennsy-puissance\/\",\"name\":\"La puissance du Pennsy\",\"isPartOf\":{\"@id\":\"https:\/\/predictor943.hrunk.dev\/#website\"},\"primaryImageOfPage\":{\"@id\":\"https:\/\/predictor943.hrunk.dev\/product\/pennsy-puissance\/#primaryimage\"},\"image\":{\"@id\":\"https:\/\/predictor943.hrunk.dev\/product\/pennsy-puissance\/#primaryimage\"},\"thumbnailUrl\":\"https:\/\/predictor943.hrunk.dev\/wp-content\/uploads\/2022\/07\/PennsyPuissance.jpg\",\"datePublished\":\"2022-07-12T19:14:59+00:00\",\"dateModified\":\"2022-07-13T12:13:03+00:00\",\"breadcrumb\":{\"@id\":\"https:\/\/predictor943.hrunk.dev\/product\/pennsy-puissance\/#breadcrumb\"},\"inLanguage\":\"fr-FR\",\"potentialAction\":[{\"@type\":\"ReadAction\",\"target\":[\"https:\/\/predictor943.hrunk.dev\/product\/pennsy-puissance\/\"]}]},{\"@type\":\"ImageObject\",\"inLanguage\":\"fr-FR\",\"@id\":\"https:\/\/predictor943.hrunk.dev\/product\/pennsy-puissance\/#primaryimage\",\"url\":\"https:\/\/predictor943.hrunk.dev\/wp-content\/uploads\/2022\/07\/PennsyPuissance.jpg\",\"contentUrl\":\"https:\/\/predictor943.hrunk.dev\/wp-content\/uploads\/2022\/07\/PennsyPuissance.jpg\",\"width\":1280,\"height\":493},{\"@type\":\"BreadcrumbList\",\"@id\":\"https:\/\/predictor943.hrunk.dev\/product\/pennsy-puissance\/#breadcrumb\",\"itemListElement\":[{\"@type\":\"ListItem\",\"position\":1,\"name\":\"Home\",\"item\":\"https:\/\/predictor943.hrunk.dev\/\"},{\"@type\":\"ListItem\",\"position\":2,\"name\":\"Buy Prints\",\"item\":\"https:\/\/predictor943.hrunk.dev\/shop\/\"},{\"@type\":\"ListItem\",\"position\":3,\"name\":\"Pennsy puissance\"}]},{\"@type\":\"WebSite\",\"@id\":\"https:\/\/predictor943.hrunk.dev\/#website\",\"url\":\"https:\/\/predictor943.hrunk.dev\/\",\"name\":\"Peintre du Rail\",\"description\":\"Chris Ludlow\",\"potentialAction\":[{\"@type\":\"SearchAction\",\"target\":{\"@type\":\"EntryPoint\",\"urlTemplate\":\"https:\/\/predictor943.hrunk.dev\/?s={search_term_string}\"},\"query-input\":{\"@type\":\"PropertyValueSpecification\",\"valueRequired\":true,\"valueName\":\"search_term_string\"}}],\"inLanguage\":\"fr-FR\"}]}<\/script>\n<!-- \/ Yoast SEO plugin. -->","yoast_head_json":{"title":"La puissance du Pennsy","robots":{"index":"index","follow":"follow","max-snippet":"max-snippet:-1","max-image-preview":"max-image-preview:large","max-video-preview":"max-video-preview:-1"},"canonical":"https:\/\/predictor943.hrunk.dev\/fr\/product\/pennsy-puissance\/","og_locale":"fr_FR","og_type":"article","og_title":"[:en]Pennsy puissance[:fr]La puissance du Pennsy[:] - Peintre du Rail","og_description":"Quelle locomotive \u00e9tait la T1\u00a0! Une vitesse de croisi\u00e8re de 160 km\/h avec 1 000 tonnes au crochet ! Elles \u00e9taient loin d&#8217;\u00eatre parfaites, elles patinaient \u00e0 grande vitesse, elles cassaient leurs soupapes, mais quelle allure spectaculaire et quelle \u00e9norme impression de puissance. La vapeur \u00e9tait sur le d\u00e9clin lorsqu&#8217;ils ont \u00e9t\u00e9 construits, mais quelle &hellip;","og_url":"https:\/\/predictor943.hrunk.dev\/fr\/product\/pennsy-puissance\/","og_site_name":"Peintre du Rail","article_modified_time":"2022-07-13T12:13:03+00:00","og_image":[{"width":1280,"height":493,"url":"https:\/\/predictor943.hrunk.dev\/wp-content\/uploads\/2022\/07\/PennsyPuissance.jpg","type":"image\/jpeg"}],"twitter_card":"summary_large_image","twitter_misc":{"Est. reading time":"1 minute"},"schema":{"@context":"https:\/\/schema.org","@graph":[{"@type":"WebPage","@id":"https:\/\/predictor943.hrunk.dev\/product\/pennsy-puissance\/","url":"https:\/\/predictor943.hrunk.dev\/product\/pennsy-puissance\/","name":"La puissance du Pennsy","isPartOf":{"@id":"https:\/\/predictor943.hrunk.dev\/#website"},"primaryImageOfPage":{"@id":"https:\/\/predictor943.hrunk.dev\/product\/pennsy-puissance\/#primaryimage"},"image":{"@id":"https:\/\/predictor943.hrunk.dev\/product\/pennsy-puissance\/#primaryimage"},"thumbnailUrl":"https:\/\/predictor943.hrunk.dev\/wp-content\/uploads\/2022\/07\/PennsyPuissance.jpg","datePublished":"2022-07-12T19:14:59+00:00","dateModified":"2022-07-13T12:13:03+00:00","breadcrumb":{"@id":"https:\/\/predictor943.hrunk.dev\/product\/pennsy-puissance\/#breadcrumb"},"inLanguage":"fr-FR","potentialAction":[{"@type":"ReadAction","target":["https:\/\/predictor943.hrunk.dev\/product\/pennsy-puissance\/"]}]},{"@type":"ImageObject","inLanguage":"fr-FR","@id":"https:\/\/predictor943.hrunk.dev\/product\/pennsy-puissance\/#primaryimage","url":"https:\/\/predictor943.hrunk.dev\/wp-content\/uploads\/2022\/07\/PennsyPuissance.jpg","contentUrl":"https:\/\/predictor943.hrunk.dev\/wp-content\/uploads\/2022\/07\/PennsyPuissance.jpg","width":1280,"height":493},{"@type":"BreadcrumbList","@id":"https:\/\/predictor943.hrunk.dev\/product\/pennsy-puissance\/#breadcrumb","itemListElement":[{"@type":"ListItem","position":1,"name":"Home","item":"https:\/\/predictor943.hrunk.dev\/"},{"@type":"ListItem","position":2,"name":"Buy Prints","item":"https:\/\/predictor943.hrunk.dev\/shop\/"},{"@type":"ListItem","position":3,"name":"Pennsy puissance"}]},{"@type":"WebSite","@id":"https:\/\/predictor943.hrunk.dev\/#website","url":"https:\/\/predictor943.hrunk.dev\/","name":"Peintre du Rail","description":"Chris Ludlow","potentialAction":[{"@type":"SearchAction","target":{"@type":"EntryPoint","urlTemplate":"https:\/\/predictor943.hrunk.dev\/?s={search_term_string}"},"query-input":{"@type":"PropertyValueSpecification","valueRequired":true,"valueName":"search_term_string"}}],"inLanguage":"fr-FR"}]}},"_links":{"self":[{"href":"https:\/\/predictor943.hrunk.dev\/fr\/wp-json\/wp\/v2\/product\/566","targetHints":{"allow":["GET"]}}],"collection":[{"href":"https:\/\/predictor943.hrunk.dev\/fr\/wp-json\/wp\/v2\/product"}],"about":[{"href":"https:\/\/predictor943.hrunk.dev\/fr\/wp-json\/wp\/v2\/types\/product"}],"wp:featuredmedia":[{"embeddable":true,"href":"https:\/\/predictor943.hrunk.dev\/fr\/wp-json\/wp\/v2\/media\/567"}],"wp:attachment":[{"href":"https:\/\/predictor943.hrunk.dev\/fr\/wp-json\/wp\/v2\/media?parent=566"}],"wp:term":[{"taxonomy":"product_brand","embeddable":true,"href":"https:\/\/predictor943.hrunk.dev\/fr\/wp-json\/wp\/v2\/product_brand?post=566"},{"taxonomy":"product_cat","embeddable":true,"href":"https:\/\/predictor943.hrunk.dev\/fr\/wp-json\/wp\/v2\/product_cat?post=566"},{"taxonomy":"product_tag","embeddable":true,"href":"https:\/\/predictor943.hrunk.dev\/fr\/wp-json\/wp\/v2\/product_tag?post=566"}],"curies":[{"name":"wp","href":"https:\/\/api.w.org\/{rel}","templated":true}]}}