{"id":563,"date":"2022-07-12T19:13:58","date_gmt":"2022-07-12T19:13:58","guid":{"rendered":"https:\/\/www.peintredurail.com\/?post_type=product&#038;p=563"},"modified":"2022-07-13T12:12:59","modified_gmt":"2022-07-13T12:12:59","slug":"le-rayol-canadel","status":"publish","type":"product","link":"https:\/\/predictor943.hrunk.dev\/fr\/product\/le-rayol-canadel\/","title":{"rendered":"Le Rayol &#8211; Canadel"},"content":{"rendered":"<p>Je dois avouer que je suis un peu obs\u00e9d\u00e9 par l&#8217;id\u00e9e de la ligne \u00e0 voie \u00e9troite qui reliait Toulon \u00e0 Fr\u00e9jus, jusqu&#8217;\u00e0 sa fermeture en 1951. Chaque fois que nous roulons le long de la c\u00f4te \u00e0 l\u2019est de Toulon, nous voyons des vestiges de cette ligne, le principal \u00e9tant la piste cyclable qui accompagne la route. Quel avantage cette ligne aurait-elle aujourd&#8217;hui, avec un trafic routier qui atteint des niveaux inou\u00efs, et des retards importants pendant les mois d&#8217;\u00e9t\u00e9. Trop tard maintenant.<\/p>\n","protected":false},"excerpt":{"rendered":"<p>Je dois avouer que je suis un peu obs\u00e9d\u00e9 par l&#8217;id\u00e9e de la ligne \u00e0 voie \u00e9troite qui reliait Toulon \u00e0 Fr\u00e9jus, jusqu&#8217;\u00e0 sa fermeture en 1951. Chaque fois que nous roulons le long de la c\u00f4te \u00e0 l\u2019est de Toulon, nous voyons des vestiges de cette ligne, le principal \u00e9tant la piste cyclable qui &hellip;<\/p>\n","protected":false},"featured_media":564,"template":"","meta":{"_acf_changed":false},"product_brand":[],"product_cat":[20,19],"product_tag":[],"class_list":{"0":"post-563","1":"product","2":"type-product","3":"status-publish","4":"has-post-thumbnail","6":"product_cat-gallery","7":"product_cat-not-for-sale","9":"first","10":"outofstock","11":"shipping-taxable","12":"product-type-simple"},"acf":[],"yoast_head":"<!-- This site is optimized with the Yoast SEO plugin v26.5 - https:\/\/yoast.com\/wordpress\/plugins\/seo\/ -->\n<title>Le Rayol - Canadel<\/title>\n<meta name=\"robots\" content=\"index, follow, max-snippet:-1, max-image-preview:large, max-video-preview:-1\" \/>\n<link rel=\"canonical\" href=\"https:\/\/predictor943.hrunk.dev\/fr\/product\/le-rayol-canadel\/\" \/>\n<meta property=\"og:locale\" content=\"fr_FR\" \/>\n<meta property=\"og:locale:alternate\" content=\"en_GB\" \/>\n<meta property=\"og:type\" content=\"article\" \/>\n<meta property=\"og:title\" content=\"Le Rayol - Canadel\" \/>\n<meta property=\"og:description\" content=\"Je dois avouer que je suis un peu obs\u00e9d\u00e9 par l&#8217;id\u00e9e de la ligne \u00e0 voie \u00e9troite qui reliait Toulon \u00e0 Fr\u00e9jus, jusqu&#8217;\u00e0 sa fermeture en 1951. Chaque fois que nous roulons le long de la c\u00f4te \u00e0 l\u2019est de Toulon, nous voyons des vestiges de cette ligne, le principal \u00e9tant la piste cyclable qui &hellip;\" \/>\n<meta property=\"og:url\" content=\"https:\/\/predictor943.hrunk.dev\/fr\/product\/le-rayol-canadel\/\" \/>\n<meta property=\"og:site_name\" content=\"Peintre du Rail\" \/>\n<meta property=\"article:modified_time\" content=\"2022-07-13T12:12:59+00:00\" \/>\n<meta property=\"og:image\" content=\"https:\/\/predictor943.hrunk.dev\/wp-content\/uploads\/2022\/07\/Le-Rayol-Canadel.jpg\" \/>\n\t<meta property=\"og:image:width\" content=\"1280\" \/>\n\t<meta property=\"og:image:height\" content=\"906\" \/>\n\t<meta property=\"og:image:type\" content=\"image\/jpeg\" \/>\n<meta name=\"twitter:card\" content=\"summary_large_image\" \/>\n<meta name=\"twitter:label1\" content=\"Est. reading time\" \/>\n\t<meta name=\"twitter:data1\" content=\"1 minute\" \/>\n<script type=\"application\/ld+json\" class=\"yoast-schema-graph\">{\"@context\":\"https:\/\/schema.org\",\"@graph\":[{\"@type\":\"WebPage\",\"@id\":\"https:\/\/predictor943.hrunk.dev\/product\/le-rayol-canadel\/\",\"url\":\"https:\/\/predictor943.hrunk.dev\/product\/le-rayol-canadel\/\",\"name\":\"Le Rayol - Canadel\",\"isPartOf\":{\"@id\":\"https:\/\/predictor943.hrunk.dev\/#website\"},\"primaryImageOfPage\":{\"@id\":\"https:\/\/predictor943.hrunk.dev\/product\/le-rayol-canadel\/#primaryimage\"},\"image\":{\"@id\":\"https:\/\/predictor943.hrunk.dev\/product\/le-rayol-canadel\/#primaryimage\"},\"thumbnailUrl\":\"https:\/\/predictor943.hrunk.dev\/wp-content\/uploads\/2022\/07\/Le-Rayol-Canadel.jpg\",\"datePublished\":\"2022-07-12T19:13:58+00:00\",\"dateModified\":\"2022-07-13T12:12:59+00:00\",\"breadcrumb\":{\"@id\":\"https:\/\/predictor943.hrunk.dev\/product\/le-rayol-canadel\/#breadcrumb\"},\"inLanguage\":\"fr-FR\",\"potentialAction\":[{\"@type\":\"ReadAction\",\"target\":[\"https:\/\/predictor943.hrunk.dev\/product\/le-rayol-canadel\/\"]}]},{\"@type\":\"ImageObject\",\"inLanguage\":\"fr-FR\",\"@id\":\"https:\/\/predictor943.hrunk.dev\/product\/le-rayol-canadel\/#primaryimage\",\"url\":\"https:\/\/predictor943.hrunk.dev\/wp-content\/uploads\/2022\/07\/Le-Rayol-Canadel.jpg\",\"contentUrl\":\"https:\/\/predictor943.hrunk.dev\/wp-content\/uploads\/2022\/07\/Le-Rayol-Canadel.jpg\",\"width\":1280,\"height\":906},{\"@type\":\"BreadcrumbList\",\"@id\":\"https:\/\/predictor943.hrunk.dev\/product\/le-rayol-canadel\/#breadcrumb\",\"itemListElement\":[{\"@type\":\"ListItem\",\"position\":1,\"name\":\"Home\",\"item\":\"https:\/\/predictor943.hrunk.dev\/\"},{\"@type\":\"ListItem\",\"position\":2,\"name\":\"Buy Prints\",\"item\":\"https:\/\/predictor943.hrunk.dev\/shop\/\"},{\"@type\":\"ListItem\",\"position\":3,\"name\":\"Le Rayol \u2013 Canadel\"}]},{\"@type\":\"WebSite\",\"@id\":\"https:\/\/predictor943.hrunk.dev\/#website\",\"url\":\"https:\/\/predictor943.hrunk.dev\/\",\"name\":\"Peintre du Rail\",\"description\":\"Chris Ludlow\",\"potentialAction\":[{\"@type\":\"SearchAction\",\"target\":{\"@type\":\"EntryPoint\",\"urlTemplate\":\"https:\/\/predictor943.hrunk.dev\/?s={search_term_string}\"},\"query-input\":{\"@type\":\"PropertyValueSpecification\",\"valueRequired\":true,\"valueName\":\"search_term_string\"}}],\"inLanguage\":\"fr-FR\"}]}<\/script>\n<!-- \/ Yoast SEO plugin. -->","yoast_head_json":{"title":"Le Rayol - Canadel","robots":{"index":"index","follow":"follow","max-snippet":"max-snippet:-1","max-image-preview":"max-image-preview:large","max-video-preview":"max-video-preview:-1"},"canonical":"https:\/\/predictor943.hrunk.dev\/fr\/product\/le-rayol-canadel\/","og_locale":"fr_FR","og_type":"article","og_title":"[:en]Le Rayol \u2013 Canadel[:fr]Le Rayol - Canadel[:] - Peintre du Rail","og_description":"Je dois avouer que je suis un peu obs\u00e9d\u00e9 par l&#8217;id\u00e9e de la ligne \u00e0 voie \u00e9troite qui reliait Toulon \u00e0 Fr\u00e9jus, jusqu&#8217;\u00e0 sa fermeture en 1951. Chaque fois que nous roulons le long de la c\u00f4te \u00e0 l\u2019est de Toulon, nous voyons des vestiges de cette ligne, le principal \u00e9tant la piste cyclable qui &hellip;","og_url":"https:\/\/predictor943.hrunk.dev\/fr\/product\/le-rayol-canadel\/","og_site_name":"Peintre du Rail","article_modified_time":"2022-07-13T12:12:59+00:00","og_image":[{"width":1280,"height":906,"url":"https:\/\/predictor943.hrunk.dev\/wp-content\/uploads\/2022\/07\/Le-Rayol-Canadel.jpg","type":"image\/jpeg"}],"twitter_card":"summary_large_image","twitter_misc":{"Est. reading time":"1 minute"},"schema":{"@context":"https:\/\/schema.org","@graph":[{"@type":"WebPage","@id":"https:\/\/predictor943.hrunk.dev\/product\/le-rayol-canadel\/","url":"https:\/\/predictor943.hrunk.dev\/product\/le-rayol-canadel\/","name":"Le Rayol - Canadel","isPartOf":{"@id":"https:\/\/predictor943.hrunk.dev\/#website"},"primaryImageOfPage":{"@id":"https:\/\/predictor943.hrunk.dev\/product\/le-rayol-canadel\/#primaryimage"},"image":{"@id":"https:\/\/predictor943.hrunk.dev\/product\/le-rayol-canadel\/#primaryimage"},"thumbnailUrl":"https:\/\/predictor943.hrunk.dev\/wp-content\/uploads\/2022\/07\/Le-Rayol-Canadel.jpg","datePublished":"2022-07-12T19:13:58+00:00","dateModified":"2022-07-13T12:12:59+00:00","breadcrumb":{"@id":"https:\/\/predictor943.hrunk.dev\/product\/le-rayol-canadel\/#breadcrumb"},"inLanguage":"fr-FR","potentialAction":[{"@type":"ReadAction","target":["https:\/\/predictor943.hrunk.dev\/product\/le-rayol-canadel\/"]}]},{"@type":"ImageObject","inLanguage":"fr-FR","@id":"https:\/\/predictor943.hrunk.dev\/product\/le-rayol-canadel\/#primaryimage","url":"https:\/\/predictor943.hrunk.dev\/wp-content\/uploads\/2022\/07\/Le-Rayol-Canadel.jpg","contentUrl":"https:\/\/predictor943.hrunk.dev\/wp-content\/uploads\/2022\/07\/Le-Rayol-Canadel.jpg","width":1280,"height":906},{"@type":"BreadcrumbList","@id":"https:\/\/predictor943.hrunk.dev\/product\/le-rayol-canadel\/#breadcrumb","itemListElement":[{"@type":"ListItem","position":1,"name":"Home","item":"https:\/\/predictor943.hrunk.dev\/"},{"@type":"ListItem","position":2,"name":"Buy Prints","item":"https:\/\/predictor943.hrunk.dev\/shop\/"},{"@type":"ListItem","position":3,"name":"Le Rayol \u2013 Canadel"}]},{"@type":"WebSite","@id":"https:\/\/predictor943.hrunk.dev\/#website","url":"https:\/\/predictor943.hrunk.dev\/","name":"Peintre du Rail","description":"Chris Ludlow","potentialAction":[{"@type":"SearchAction","target":{"@type":"EntryPoint","urlTemplate":"https:\/\/predictor943.hrunk.dev\/?s={search_term_string}"},"query-input":{"@type":"PropertyValueSpecification","valueRequired":true,"valueName":"search_term_string"}}],"inLanguage":"fr-FR"}]}},"_links":{"self":[{"href":"https:\/\/predictor943.hrunk.dev\/fr\/wp-json\/wp\/v2\/product\/563","targetHints":{"allow":["GET"]}}],"collection":[{"href":"https:\/\/predictor943.hrunk.dev\/fr\/wp-json\/wp\/v2\/product"}],"about":[{"href":"https:\/\/predictor943.hrunk.dev\/fr\/wp-json\/wp\/v2\/types\/product"}],"wp:featuredmedia":[{"embeddable":true,"href":"https:\/\/predictor943.hrunk.dev\/fr\/wp-json\/wp\/v2\/media\/564"}],"wp:attachment":[{"href":"https:\/\/predictor943.hrunk.dev\/fr\/wp-json\/wp\/v2\/media?parent=563"}],"wp:term":[{"taxonomy":"product_brand","embeddable":true,"href":"https:\/\/predictor943.hrunk.dev\/fr\/wp-json\/wp\/v2\/product_brand?post=563"},{"taxonomy":"product_cat","embeddable":true,"href":"https:\/\/predictor943.hrunk.dev\/fr\/wp-json\/wp\/v2\/product_cat?post=563"},{"taxonomy":"product_tag","embeddable":true,"href":"https:\/\/predictor943.hrunk.dev\/fr\/wp-json\/wp\/v2\/product_tag?post=563"}],"curies":[{"name":"wp","href":"https:\/\/api.w.org\/{rel}","templated":true}]}}