{"id":561,"date":"2022-07-12T19:13:08","date_gmt":"2022-07-12T19:13:08","guid":{"rendered":"https:\/\/www.peintredurail.com\/?post_type=product&#038;p=561"},"modified":"2022-07-13T12:12:52","modified_gmt":"2022-07-13T12:12:52","slug":"pittsburgh-scenery","status":"publish","type":"product","link":"https:\/\/predictor943.hrunk.dev\/fr\/product\/pittsburgh-scenery\/","title":{"rendered":"Pittsburgh paysage"},"content":{"rendered":"<p>Il s&#8217;agit d&#8217;une tr\u00e8s grande peinture d&#8217;une sc\u00e8ne industrielle en Pennsylvanie, comprenant la rivi\u00e8re Monongahela, l&#8217;aci\u00e9rie Edgar Thomson, la ligne principale de la Pennsylvania Railroad et un magnifique pont \u00e0 poutres d&#8217;acier. Telle \u00e9tait la puissance des \u00c9tats-Unis en ces temps lointains, avant que les avions et l&#8217;\u00e9lectronique grand public ne conqui\u00e8rent tout. Pollu\u00e9e, certes, mais d&#8217;une mani\u00e8re \u00e9vidente plut\u00f4t que la pollution insidieuse du XXIe si\u00e8cle.<\/p>\n","protected":false},"excerpt":{"rendered":"<p>Il s&#8217;agit d&#8217;une tr\u00e8s grande peinture d&#8217;une sc\u00e8ne industrielle en Pennsylvanie, comprenant la rivi\u00e8re Monongahela, l&#8217;aci\u00e9rie Edgar Thomson, la ligne principale de la Pennsylvania Railroad et un magnifique pont \u00e0 poutres d&#8217;acier. Telle \u00e9tait la puissance des \u00c9tats-Unis en ces temps lointains, avant que les avions et l&#8217;\u00e9lectronique grand public ne conqui\u00e8rent tout. Pollu\u00e9e, certes, &hellip;<\/p>\n","protected":false},"featured_media":562,"template":"","meta":{"_acf_changed":false},"product_brand":[],"product_cat":[20,19],"product_tag":[],"class_list":{"0":"post-561","1":"product","2":"type-product","3":"status-publish","4":"has-post-thumbnail","6":"product_cat-gallery","7":"product_cat-not-for-sale","9":"first","10":"outofstock","11":"shipping-taxable","12":"product-type-simple"},"acf":[],"yoast_head":"<!-- This site is optimized with the Yoast SEO plugin v26.5 - https:\/\/yoast.com\/wordpress\/plugins\/seo\/ -->\n<title>Pittsburgh paysage<\/title>\n<meta name=\"robots\" content=\"index, follow, max-snippet:-1, max-image-preview:large, max-video-preview:-1\" \/>\n<link rel=\"canonical\" href=\"https:\/\/predictor943.hrunk.dev\/fr\/product\/pittsburgh-scenery\/\" \/>\n<meta property=\"og:locale\" content=\"fr_FR\" \/>\n<meta property=\"og:locale:alternate\" content=\"en_GB\" \/>\n<meta property=\"og:type\" content=\"article\" \/>\n<meta property=\"og:title\" content=\"Pittsburgh paysage\" \/>\n<meta property=\"og:description\" content=\"Il s&#8217;agit d&#8217;une tr\u00e8s grande peinture d&#8217;une sc\u00e8ne industrielle en Pennsylvanie, comprenant la rivi\u00e8re Monongahela, l&#8217;aci\u00e9rie Edgar Thomson, la ligne principale de la Pennsylvania Railroad et un magnifique pont \u00e0 poutres d&#8217;acier. Telle \u00e9tait la puissance des \u00c9tats-Unis en ces temps lointains, avant que les avions et l&#8217;\u00e9lectronique grand public ne conqui\u00e8rent tout. Pollu\u00e9e, certes, &hellip;\" \/>\n<meta property=\"og:url\" content=\"https:\/\/predictor943.hrunk.dev\/fr\/product\/pittsburgh-scenery\/\" \/>\n<meta property=\"og:site_name\" content=\"Peintre du Rail\" \/>\n<meta property=\"article:modified_time\" content=\"2022-07-13T12:12:52+00:00\" \/>\n<meta property=\"og:image\" content=\"https:\/\/predictor943.hrunk.dev\/wp-content\/uploads\/2022\/07\/PittsburghScenery.jpg\" \/>\n\t<meta property=\"og:image:width\" content=\"1280\" \/>\n\t<meta property=\"og:image:height\" content=\"946\" \/>\n\t<meta property=\"og:image:type\" content=\"image\/jpeg\" \/>\n<meta name=\"twitter:card\" content=\"summary_large_image\" \/>\n<meta name=\"twitter:label1\" content=\"Est. reading time\" \/>\n\t<meta name=\"twitter:data1\" content=\"1 minute\" \/>\n<script type=\"application\/ld+json\" class=\"yoast-schema-graph\">{\"@context\":\"https:\/\/schema.org\",\"@graph\":[{\"@type\":\"WebPage\",\"@id\":\"https:\/\/predictor943.hrunk.dev\/product\/pittsburgh-scenery\/\",\"url\":\"https:\/\/predictor943.hrunk.dev\/product\/pittsburgh-scenery\/\",\"name\":\"Pittsburgh paysage\",\"isPartOf\":{\"@id\":\"https:\/\/predictor943.hrunk.dev\/#website\"},\"primaryImageOfPage\":{\"@id\":\"https:\/\/predictor943.hrunk.dev\/product\/pittsburgh-scenery\/#primaryimage\"},\"image\":{\"@id\":\"https:\/\/predictor943.hrunk.dev\/product\/pittsburgh-scenery\/#primaryimage\"},\"thumbnailUrl\":\"https:\/\/predictor943.hrunk.dev\/wp-content\/uploads\/2022\/07\/PittsburghScenery.jpg\",\"datePublished\":\"2022-07-12T19:13:08+00:00\",\"dateModified\":\"2022-07-13T12:12:52+00:00\",\"breadcrumb\":{\"@id\":\"https:\/\/predictor943.hrunk.dev\/product\/pittsburgh-scenery\/#breadcrumb\"},\"inLanguage\":\"fr-FR\",\"potentialAction\":[{\"@type\":\"ReadAction\",\"target\":[\"https:\/\/predictor943.hrunk.dev\/product\/pittsburgh-scenery\/\"]}]},{\"@type\":\"ImageObject\",\"inLanguage\":\"fr-FR\",\"@id\":\"https:\/\/predictor943.hrunk.dev\/product\/pittsburgh-scenery\/#primaryimage\",\"url\":\"https:\/\/predictor943.hrunk.dev\/wp-content\/uploads\/2022\/07\/PittsburghScenery.jpg\",\"contentUrl\":\"https:\/\/predictor943.hrunk.dev\/wp-content\/uploads\/2022\/07\/PittsburghScenery.jpg\",\"width\":1280,\"height\":946},{\"@type\":\"BreadcrumbList\",\"@id\":\"https:\/\/predictor943.hrunk.dev\/product\/pittsburgh-scenery\/#breadcrumb\",\"itemListElement\":[{\"@type\":\"ListItem\",\"position\":1,\"name\":\"Home\",\"item\":\"https:\/\/predictor943.hrunk.dev\/\"},{\"@type\":\"ListItem\",\"position\":2,\"name\":\"Buy Prints\",\"item\":\"https:\/\/predictor943.hrunk.dev\/shop\/\"},{\"@type\":\"ListItem\",\"position\":3,\"name\":\"Pittsburgh scenery\"}]},{\"@type\":\"WebSite\",\"@id\":\"https:\/\/predictor943.hrunk.dev\/#website\",\"url\":\"https:\/\/predictor943.hrunk.dev\/\",\"name\":\"Peintre du Rail\",\"description\":\"Chris Ludlow\",\"potentialAction\":[{\"@type\":\"SearchAction\",\"target\":{\"@type\":\"EntryPoint\",\"urlTemplate\":\"https:\/\/predictor943.hrunk.dev\/?s={search_term_string}\"},\"query-input\":{\"@type\":\"PropertyValueSpecification\",\"valueRequired\":true,\"valueName\":\"search_term_string\"}}],\"inLanguage\":\"fr-FR\"}]}<\/script>\n<!-- \/ Yoast SEO plugin. -->","yoast_head_json":{"title":"Pittsburgh paysage","robots":{"index":"index","follow":"follow","max-snippet":"max-snippet:-1","max-image-preview":"max-image-preview:large","max-video-preview":"max-video-preview:-1"},"canonical":"https:\/\/predictor943.hrunk.dev\/fr\/product\/pittsburgh-scenery\/","og_locale":"fr_FR","og_type":"article","og_title":"[:en]Pittsburgh scenery[:fr]Pittsburgh paysage[:] - Peintre du Rail","og_description":"Il s&#8217;agit d&#8217;une tr\u00e8s grande peinture d&#8217;une sc\u00e8ne industrielle en Pennsylvanie, comprenant la rivi\u00e8re Monongahela, l&#8217;aci\u00e9rie Edgar Thomson, la ligne principale de la Pennsylvania Railroad et un magnifique pont \u00e0 poutres d&#8217;acier. Telle \u00e9tait la puissance des \u00c9tats-Unis en ces temps lointains, avant que les avions et l&#8217;\u00e9lectronique grand public ne conqui\u00e8rent tout. Pollu\u00e9e, certes, &hellip;","og_url":"https:\/\/predictor943.hrunk.dev\/fr\/product\/pittsburgh-scenery\/","og_site_name":"Peintre du Rail","article_modified_time":"2022-07-13T12:12:52+00:00","og_image":[{"width":1280,"height":946,"url":"https:\/\/predictor943.hrunk.dev\/wp-content\/uploads\/2022\/07\/PittsburghScenery.jpg","type":"image\/jpeg"}],"twitter_card":"summary_large_image","twitter_misc":{"Est. reading time":"1 minute"},"schema":{"@context":"https:\/\/schema.org","@graph":[{"@type":"WebPage","@id":"https:\/\/predictor943.hrunk.dev\/product\/pittsburgh-scenery\/","url":"https:\/\/predictor943.hrunk.dev\/product\/pittsburgh-scenery\/","name":"Pittsburgh paysage","isPartOf":{"@id":"https:\/\/predictor943.hrunk.dev\/#website"},"primaryImageOfPage":{"@id":"https:\/\/predictor943.hrunk.dev\/product\/pittsburgh-scenery\/#primaryimage"},"image":{"@id":"https:\/\/predictor943.hrunk.dev\/product\/pittsburgh-scenery\/#primaryimage"},"thumbnailUrl":"https:\/\/predictor943.hrunk.dev\/wp-content\/uploads\/2022\/07\/PittsburghScenery.jpg","datePublished":"2022-07-12T19:13:08+00:00","dateModified":"2022-07-13T12:12:52+00:00","breadcrumb":{"@id":"https:\/\/predictor943.hrunk.dev\/product\/pittsburgh-scenery\/#breadcrumb"},"inLanguage":"fr-FR","potentialAction":[{"@type":"ReadAction","target":["https:\/\/predictor943.hrunk.dev\/product\/pittsburgh-scenery\/"]}]},{"@type":"ImageObject","inLanguage":"fr-FR","@id":"https:\/\/predictor943.hrunk.dev\/product\/pittsburgh-scenery\/#primaryimage","url":"https:\/\/predictor943.hrunk.dev\/wp-content\/uploads\/2022\/07\/PittsburghScenery.jpg","contentUrl":"https:\/\/predictor943.hrunk.dev\/wp-content\/uploads\/2022\/07\/PittsburghScenery.jpg","width":1280,"height":946},{"@type":"BreadcrumbList","@id":"https:\/\/predictor943.hrunk.dev\/product\/pittsburgh-scenery\/#breadcrumb","itemListElement":[{"@type":"ListItem","position":1,"name":"Home","item":"https:\/\/predictor943.hrunk.dev\/"},{"@type":"ListItem","position":2,"name":"Buy Prints","item":"https:\/\/predictor943.hrunk.dev\/shop\/"},{"@type":"ListItem","position":3,"name":"Pittsburgh scenery"}]},{"@type":"WebSite","@id":"https:\/\/predictor943.hrunk.dev\/#website","url":"https:\/\/predictor943.hrunk.dev\/","name":"Peintre du Rail","description":"Chris Ludlow","potentialAction":[{"@type":"SearchAction","target":{"@type":"EntryPoint","urlTemplate":"https:\/\/predictor943.hrunk.dev\/?s={search_term_string}"},"query-input":{"@type":"PropertyValueSpecification","valueRequired":true,"valueName":"search_term_string"}}],"inLanguage":"fr-FR"}]}},"_links":{"self":[{"href":"https:\/\/predictor943.hrunk.dev\/fr\/wp-json\/wp\/v2\/product\/561","targetHints":{"allow":["GET"]}}],"collection":[{"href":"https:\/\/predictor943.hrunk.dev\/fr\/wp-json\/wp\/v2\/product"}],"about":[{"href":"https:\/\/predictor943.hrunk.dev\/fr\/wp-json\/wp\/v2\/types\/product"}],"wp:featuredmedia":[{"embeddable":true,"href":"https:\/\/predictor943.hrunk.dev\/fr\/wp-json\/wp\/v2\/media\/562"}],"wp:attachment":[{"href":"https:\/\/predictor943.hrunk.dev\/fr\/wp-json\/wp\/v2\/media?parent=561"}],"wp:term":[{"taxonomy":"product_brand","embeddable":true,"href":"https:\/\/predictor943.hrunk.dev\/fr\/wp-json\/wp\/v2\/product_brand?post=561"},{"taxonomy":"product_cat","embeddable":true,"href":"https:\/\/predictor943.hrunk.dev\/fr\/wp-json\/wp\/v2\/product_cat?post=561"},{"taxonomy":"product_tag","embeddable":true,"href":"https:\/\/predictor943.hrunk.dev\/fr\/wp-json\/wp\/v2\/product_tag?post=561"}],"curies":[{"name":"wp","href":"https:\/\/api.w.org\/{rel}","templated":true}]}}