{"id":559,"date":"2022-07-12T19:12:06","date_gmt":"2022-07-12T19:12:06","guid":{"rendered":"https:\/\/www.peintredurail.com\/?post_type=product&#038;p=559"},"modified":"2022-07-13T12:12:54","modified_gmt":"2022-07-13T12:12:54","slug":"gotthard-ambience","status":"publish","type":"product","link":"https:\/\/predictor943.hrunk.dev\/fr\/product\/gotthard-ambience\/","title":{"rendered":"Ambiance Gothard"},"content":{"rendered":"<p>Au tournant des 19e\/20e si\u00e8cles, deux locomotives de la Gotthardbahn suisse se d\u00e9battent sur le pont du Rohrbach, l&#8217;un d&#8217;un total incroyable de plus de 1 000 ponts sur la voie ferr\u00e9e. Ce pont en arc, l&#8217;un des rares de ce type sur le total, a \u00e9t\u00e9 remplac\u00e9 par une structure ferm\u00e9e en b\u00e9ton en 1985.<\/p>\n","protected":false},"excerpt":{"rendered":"<p>Au tournant des 19e\/20e si\u00e8cles, deux locomotives de la Gotthardbahn suisse se d\u00e9battent sur le pont du Rohrbach, l&#8217;un d&#8217;un total incroyable de plus de 1 000 ponts sur la voie ferr\u00e9e. Ce pont en arc, l&#8217;un des rares de ce type sur le total, a \u00e9t\u00e9 remplac\u00e9 par une structure ferm\u00e9e en b\u00e9ton en &hellip;<\/p>\n","protected":false},"featured_media":560,"template":"","meta":{"_acf_changed":false},"product_brand":[],"product_cat":[20,19],"product_tag":[],"class_list":{"0":"post-559","1":"product","2":"type-product","3":"status-publish","4":"has-post-thumbnail","6":"product_cat-gallery","7":"product_cat-not-for-sale","9":"first","10":"outofstock","11":"shipping-taxable","12":"product-type-simple"},"acf":[],"yoast_head":"<!-- This site is optimized with the Yoast SEO plugin v26.5 - https:\/\/yoast.com\/wordpress\/plugins\/seo\/ -->\n<title>Ambiance Gothard<\/title>\n<meta name=\"robots\" content=\"index, follow, max-snippet:-1, max-image-preview:large, max-video-preview:-1\" \/>\n<link rel=\"canonical\" href=\"https:\/\/predictor943.hrunk.dev\/fr\/product\/gotthard-ambience\/\" \/>\n<meta property=\"og:locale\" content=\"fr_FR\" \/>\n<meta property=\"og:locale:alternate\" content=\"en_GB\" \/>\n<meta property=\"og:type\" content=\"article\" \/>\n<meta property=\"og:title\" content=\"Ambiance Gothard\" \/>\n<meta property=\"og:description\" content=\"Au tournant des 19e\/20e si\u00e8cles, deux locomotives de la Gotthardbahn suisse se d\u00e9battent sur le pont du Rohrbach, l&#8217;un d&#8217;un total incroyable de plus de 1 000 ponts sur la voie ferr\u00e9e. Ce pont en arc, l&#8217;un des rares de ce type sur le total, a \u00e9t\u00e9 remplac\u00e9 par une structure ferm\u00e9e en b\u00e9ton en &hellip;\" \/>\n<meta property=\"og:url\" content=\"https:\/\/predictor943.hrunk.dev\/fr\/product\/gotthard-ambience\/\" \/>\n<meta property=\"og:site_name\" content=\"Peintre du Rail\" \/>\n<meta property=\"article:modified_time\" content=\"2022-07-13T12:12:54+00:00\" \/>\n<meta property=\"og:image\" content=\"https:\/\/predictor943.hrunk.dev\/wp-content\/uploads\/2022\/07\/GotthardAmbience.jpg\" \/>\n\t<meta property=\"og:image:width\" content=\"1280\" \/>\n\t<meta property=\"og:image:height\" content=\"1050\" \/>\n\t<meta property=\"og:image:type\" content=\"image\/jpeg\" \/>\n<meta name=\"twitter:card\" content=\"summary_large_image\" \/>\n<meta name=\"twitter:label1\" content=\"Est. reading time\" \/>\n\t<meta name=\"twitter:data1\" content=\"1 minute\" \/>\n<script type=\"application\/ld+json\" class=\"yoast-schema-graph\">{\"@context\":\"https:\/\/schema.org\",\"@graph\":[{\"@type\":\"WebPage\",\"@id\":\"https:\/\/predictor943.hrunk.dev\/product\/gotthard-ambience\/\",\"url\":\"https:\/\/predictor943.hrunk.dev\/product\/gotthard-ambience\/\",\"name\":\"Ambiance Gothard\",\"isPartOf\":{\"@id\":\"https:\/\/predictor943.hrunk.dev\/#website\"},\"primaryImageOfPage\":{\"@id\":\"https:\/\/predictor943.hrunk.dev\/product\/gotthard-ambience\/#primaryimage\"},\"image\":{\"@id\":\"https:\/\/predictor943.hrunk.dev\/product\/gotthard-ambience\/#primaryimage\"},\"thumbnailUrl\":\"https:\/\/predictor943.hrunk.dev\/wp-content\/uploads\/2022\/07\/GotthardAmbience.jpg\",\"datePublished\":\"2022-07-12T19:12:06+00:00\",\"dateModified\":\"2022-07-13T12:12:54+00:00\",\"breadcrumb\":{\"@id\":\"https:\/\/predictor943.hrunk.dev\/product\/gotthard-ambience\/#breadcrumb\"},\"inLanguage\":\"fr-FR\",\"potentialAction\":[{\"@type\":\"ReadAction\",\"target\":[\"https:\/\/predictor943.hrunk.dev\/product\/gotthard-ambience\/\"]}]},{\"@type\":\"ImageObject\",\"inLanguage\":\"fr-FR\",\"@id\":\"https:\/\/predictor943.hrunk.dev\/product\/gotthard-ambience\/#primaryimage\",\"url\":\"https:\/\/predictor943.hrunk.dev\/wp-content\/uploads\/2022\/07\/GotthardAmbience.jpg\",\"contentUrl\":\"https:\/\/predictor943.hrunk.dev\/wp-content\/uploads\/2022\/07\/GotthardAmbience.jpg\",\"width\":1280,\"height\":1050},{\"@type\":\"BreadcrumbList\",\"@id\":\"https:\/\/predictor943.hrunk.dev\/product\/gotthard-ambience\/#breadcrumb\",\"itemListElement\":[{\"@type\":\"ListItem\",\"position\":1,\"name\":\"Home\",\"item\":\"https:\/\/predictor943.hrunk.dev\/\"},{\"@type\":\"ListItem\",\"position\":2,\"name\":\"Buy Prints\",\"item\":\"https:\/\/predictor943.hrunk.dev\/shop\/\"},{\"@type\":\"ListItem\",\"position\":3,\"name\":\"Gotthard ambience\"}]},{\"@type\":\"WebSite\",\"@id\":\"https:\/\/predictor943.hrunk.dev\/#website\",\"url\":\"https:\/\/predictor943.hrunk.dev\/\",\"name\":\"Peintre du Rail\",\"description\":\"Chris Ludlow\",\"potentialAction\":[{\"@type\":\"SearchAction\",\"target\":{\"@type\":\"EntryPoint\",\"urlTemplate\":\"https:\/\/predictor943.hrunk.dev\/?s={search_term_string}\"},\"query-input\":{\"@type\":\"PropertyValueSpecification\",\"valueRequired\":true,\"valueName\":\"search_term_string\"}}],\"inLanguage\":\"fr-FR\"}]}<\/script>\n<!-- \/ Yoast SEO plugin. -->","yoast_head_json":{"title":"Ambiance Gothard","robots":{"index":"index","follow":"follow","max-snippet":"max-snippet:-1","max-image-preview":"max-image-preview:large","max-video-preview":"max-video-preview:-1"},"canonical":"https:\/\/predictor943.hrunk.dev\/fr\/product\/gotthard-ambience\/","og_locale":"fr_FR","og_type":"article","og_title":"[:en]Gotthard ambience[:fr]Ambiance Gothard[:] - Peintre du Rail","og_description":"Au tournant des 19e\/20e si\u00e8cles, deux locomotives de la Gotthardbahn suisse se d\u00e9battent sur le pont du Rohrbach, l&#8217;un d&#8217;un total incroyable de plus de 1 000 ponts sur la voie ferr\u00e9e. Ce pont en arc, l&#8217;un des rares de ce type sur le total, a \u00e9t\u00e9 remplac\u00e9 par une structure ferm\u00e9e en b\u00e9ton en &hellip;","og_url":"https:\/\/predictor943.hrunk.dev\/fr\/product\/gotthard-ambience\/","og_site_name":"Peintre du Rail","article_modified_time":"2022-07-13T12:12:54+00:00","og_image":[{"width":1280,"height":1050,"url":"https:\/\/predictor943.hrunk.dev\/wp-content\/uploads\/2022\/07\/GotthardAmbience.jpg","type":"image\/jpeg"}],"twitter_card":"summary_large_image","twitter_misc":{"Est. reading time":"1 minute"},"schema":{"@context":"https:\/\/schema.org","@graph":[{"@type":"WebPage","@id":"https:\/\/predictor943.hrunk.dev\/product\/gotthard-ambience\/","url":"https:\/\/predictor943.hrunk.dev\/product\/gotthard-ambience\/","name":"Ambiance Gothard","isPartOf":{"@id":"https:\/\/predictor943.hrunk.dev\/#website"},"primaryImageOfPage":{"@id":"https:\/\/predictor943.hrunk.dev\/product\/gotthard-ambience\/#primaryimage"},"image":{"@id":"https:\/\/predictor943.hrunk.dev\/product\/gotthard-ambience\/#primaryimage"},"thumbnailUrl":"https:\/\/predictor943.hrunk.dev\/wp-content\/uploads\/2022\/07\/GotthardAmbience.jpg","datePublished":"2022-07-12T19:12:06+00:00","dateModified":"2022-07-13T12:12:54+00:00","breadcrumb":{"@id":"https:\/\/predictor943.hrunk.dev\/product\/gotthard-ambience\/#breadcrumb"},"inLanguage":"fr-FR","potentialAction":[{"@type":"ReadAction","target":["https:\/\/predictor943.hrunk.dev\/product\/gotthard-ambience\/"]}]},{"@type":"ImageObject","inLanguage":"fr-FR","@id":"https:\/\/predictor943.hrunk.dev\/product\/gotthard-ambience\/#primaryimage","url":"https:\/\/predictor943.hrunk.dev\/wp-content\/uploads\/2022\/07\/GotthardAmbience.jpg","contentUrl":"https:\/\/predictor943.hrunk.dev\/wp-content\/uploads\/2022\/07\/GotthardAmbience.jpg","width":1280,"height":1050},{"@type":"BreadcrumbList","@id":"https:\/\/predictor943.hrunk.dev\/product\/gotthard-ambience\/#breadcrumb","itemListElement":[{"@type":"ListItem","position":1,"name":"Home","item":"https:\/\/predictor943.hrunk.dev\/"},{"@type":"ListItem","position":2,"name":"Buy Prints","item":"https:\/\/predictor943.hrunk.dev\/shop\/"},{"@type":"ListItem","position":3,"name":"Gotthard ambience"}]},{"@type":"WebSite","@id":"https:\/\/predictor943.hrunk.dev\/#website","url":"https:\/\/predictor943.hrunk.dev\/","name":"Peintre du Rail","description":"Chris Ludlow","potentialAction":[{"@type":"SearchAction","target":{"@type":"EntryPoint","urlTemplate":"https:\/\/predictor943.hrunk.dev\/?s={search_term_string}"},"query-input":{"@type":"PropertyValueSpecification","valueRequired":true,"valueName":"search_term_string"}}],"inLanguage":"fr-FR"}]}},"_links":{"self":[{"href":"https:\/\/predictor943.hrunk.dev\/fr\/wp-json\/wp\/v2\/product\/559","targetHints":{"allow":["GET"]}}],"collection":[{"href":"https:\/\/predictor943.hrunk.dev\/fr\/wp-json\/wp\/v2\/product"}],"about":[{"href":"https:\/\/predictor943.hrunk.dev\/fr\/wp-json\/wp\/v2\/types\/product"}],"wp:featuredmedia":[{"embeddable":true,"href":"https:\/\/predictor943.hrunk.dev\/fr\/wp-json\/wp\/v2\/media\/560"}],"wp:attachment":[{"href":"https:\/\/predictor943.hrunk.dev\/fr\/wp-json\/wp\/v2\/media?parent=559"}],"wp:term":[{"taxonomy":"product_brand","embeddable":true,"href":"https:\/\/predictor943.hrunk.dev\/fr\/wp-json\/wp\/v2\/product_brand?post=559"},{"taxonomy":"product_cat","embeddable":true,"href":"https:\/\/predictor943.hrunk.dev\/fr\/wp-json\/wp\/v2\/product_cat?post=559"},{"taxonomy":"product_tag","embeddable":true,"href":"https:\/\/predictor943.hrunk.dev\/fr\/wp-json\/wp\/v2\/product_tag?post=559"}],"curies":[{"name":"wp","href":"https:\/\/api.w.org\/{rel}","templated":true}]}}