{"id":557,"date":"2022-07-12T19:11:16","date_gmt":"2022-07-12T19:11:16","guid":{"rendered":"https:\/\/www.peintredurail.com\/?post_type=product&#038;p=557"},"modified":"2022-07-13T12:12:45","modified_gmt":"2022-07-13T12:12:45","slug":"paris-orleans-triumphant","status":"publish","type":"product","link":"https:\/\/predictor943.hrunk.dev\/fr\/product\/paris-orleans-triumphant\/","title":{"rendered":"Paris-Orl\u00e9ans triomphe !"},"content":{"rendered":"<p>Deux classes de locomotives reconstruites par Andr\u00e9 Chapelon \u00e0 partir des Pacific du Paris-Orl\u00e9ans des premi\u00e8res ann\u00e9es du 20\u00e8me si\u00e8cle. A gauche, toujours en Pacific (231) une 231H, qui fut la plus puissante Pacific fran\u00e7aise et, \u00e0 droite, une 241A, une Pacific reconstruite en 4-8-0. Cette derni\u00e8re est consid\u00e9r\u00e9e comme le chef-d&#8217;\u0153uvre de Chapelon. Par rapport \u00e0 sa taille, c&#8217;\u00e9tait la locomotive la plus puissante du monde, avec un rendement qu&#8217;aucune autre ne pouvait \u00e9galer.<\/p>\n","protected":false},"excerpt":{"rendered":"<p>Deux classes de locomotives reconstruites par Andr\u00e9 Chapelon \u00e0 partir des Pacific du Paris-Orl\u00e9ans des premi\u00e8res ann\u00e9es du 20\u00e8me si\u00e8cle. A gauche, toujours en Pacific (231) une 231H, qui fut la plus puissante Pacific fran\u00e7aise et, \u00e0 droite, une 241A, une Pacific reconstruite en 4-8-0. Cette derni\u00e8re est consid\u00e9r\u00e9e comme le chef-d&#8217;\u0153uvre de Chapelon. Par &hellip;<\/p>\n","protected":false},"featured_media":558,"template":"","meta":{"_acf_changed":false},"product_brand":[],"product_cat":[20,19],"product_tag":[],"class_list":{"0":"post-557","1":"product","2":"type-product","3":"status-publish","4":"has-post-thumbnail","6":"product_cat-gallery","7":"product_cat-not-for-sale","9":"first","10":"outofstock","11":"shipping-taxable","12":"product-type-simple"},"acf":[],"yoast_head":"<!-- This site is optimized with the Yoast SEO plugin v26.5 - https:\/\/yoast.com\/wordpress\/plugins\/seo\/ -->\n<title>Paris-Orl\u00e9ans triomphe !<\/title>\n<meta name=\"robots\" content=\"index, follow, max-snippet:-1, max-image-preview:large, max-video-preview:-1\" \/>\n<link rel=\"canonical\" href=\"https:\/\/predictor943.hrunk.dev\/fr\/product\/paris-orleans-triumphant\/\" \/>\n<meta property=\"og:locale\" content=\"fr_FR\" \/>\n<meta property=\"og:locale:alternate\" content=\"en_GB\" \/>\n<meta property=\"og:type\" content=\"article\" \/>\n<meta property=\"og:title\" content=\"Paris-Orl\u00e9ans triomphe !\" \/>\n<meta property=\"og:description\" content=\"Deux classes de locomotives reconstruites par Andr\u00e9 Chapelon \u00e0 partir des Pacific du Paris-Orl\u00e9ans des premi\u00e8res ann\u00e9es du 20\u00e8me si\u00e8cle. A gauche, toujours en Pacific (231) une 231H, qui fut la plus puissante Pacific fran\u00e7aise et, \u00e0 droite, une 241A, une Pacific reconstruite en 4-8-0. Cette derni\u00e8re est consid\u00e9r\u00e9e comme le chef-d&#8217;\u0153uvre de Chapelon. Par &hellip;\" \/>\n<meta property=\"og:url\" content=\"https:\/\/predictor943.hrunk.dev\/fr\/product\/paris-orleans-triumphant\/\" \/>\n<meta property=\"og:site_name\" content=\"Peintre du Rail\" \/>\n<meta property=\"article:modified_time\" content=\"2022-07-13T12:12:45+00:00\" \/>\n<meta property=\"og:image\" content=\"https:\/\/predictor943.hrunk.dev\/wp-content\/uploads\/2022\/07\/ParisOrleansTriumphant.jpg\" \/>\n\t<meta property=\"og:image:width\" content=\"1280\" \/>\n\t<meta property=\"og:image:height\" content=\"933\" \/>\n\t<meta property=\"og:image:type\" content=\"image\/jpeg\" \/>\n<meta name=\"twitter:card\" content=\"summary_large_image\" \/>\n<meta name=\"twitter:label1\" content=\"Est. reading time\" \/>\n\t<meta name=\"twitter:data1\" content=\"1 minute\" \/>\n<script type=\"application\/ld+json\" class=\"yoast-schema-graph\">{\"@context\":\"https:\/\/schema.org\",\"@graph\":[{\"@type\":\"WebPage\",\"@id\":\"https:\/\/predictor943.hrunk.dev\/product\/paris-orleans-triumphant\/\",\"url\":\"https:\/\/predictor943.hrunk.dev\/product\/paris-orleans-triumphant\/\",\"name\":\"Paris-Orl\u00e9ans triomphe !\",\"isPartOf\":{\"@id\":\"https:\/\/predictor943.hrunk.dev\/#website\"},\"primaryImageOfPage\":{\"@id\":\"https:\/\/predictor943.hrunk.dev\/product\/paris-orleans-triumphant\/#primaryimage\"},\"image\":{\"@id\":\"https:\/\/predictor943.hrunk.dev\/product\/paris-orleans-triumphant\/#primaryimage\"},\"thumbnailUrl\":\"https:\/\/predictor943.hrunk.dev\/wp-content\/uploads\/2022\/07\/ParisOrleansTriumphant.jpg\",\"datePublished\":\"2022-07-12T19:11:16+00:00\",\"dateModified\":\"2022-07-13T12:12:45+00:00\",\"breadcrumb\":{\"@id\":\"https:\/\/predictor943.hrunk.dev\/product\/paris-orleans-triumphant\/#breadcrumb\"},\"inLanguage\":\"fr-FR\",\"potentialAction\":[{\"@type\":\"ReadAction\",\"target\":[\"https:\/\/predictor943.hrunk.dev\/product\/paris-orleans-triumphant\/\"]}]},{\"@type\":\"ImageObject\",\"inLanguage\":\"fr-FR\",\"@id\":\"https:\/\/predictor943.hrunk.dev\/product\/paris-orleans-triumphant\/#primaryimage\",\"url\":\"https:\/\/predictor943.hrunk.dev\/wp-content\/uploads\/2022\/07\/ParisOrleansTriumphant.jpg\",\"contentUrl\":\"https:\/\/predictor943.hrunk.dev\/wp-content\/uploads\/2022\/07\/ParisOrleansTriumphant.jpg\",\"width\":1280,\"height\":933},{\"@type\":\"BreadcrumbList\",\"@id\":\"https:\/\/predictor943.hrunk.dev\/product\/paris-orleans-triumphant\/#breadcrumb\",\"itemListElement\":[{\"@type\":\"ListItem\",\"position\":1,\"name\":\"Home\",\"item\":\"https:\/\/predictor943.hrunk.dev\/\"},{\"@type\":\"ListItem\",\"position\":2,\"name\":\"Buy Prints\",\"item\":\"https:\/\/predictor943.hrunk.dev\/shop\/\"},{\"@type\":\"ListItem\",\"position\":3,\"name\":\"Paris-Orl\u00e9ans triumphant!\"}]},{\"@type\":\"WebSite\",\"@id\":\"https:\/\/predictor943.hrunk.dev\/#website\",\"url\":\"https:\/\/predictor943.hrunk.dev\/\",\"name\":\"Peintre du Rail\",\"description\":\"Chris Ludlow\",\"potentialAction\":[{\"@type\":\"SearchAction\",\"target\":{\"@type\":\"EntryPoint\",\"urlTemplate\":\"https:\/\/predictor943.hrunk.dev\/?s={search_term_string}\"},\"query-input\":{\"@type\":\"PropertyValueSpecification\",\"valueRequired\":true,\"valueName\":\"search_term_string\"}}],\"inLanguage\":\"fr-FR\"}]}<\/script>\n<!-- \/ Yoast SEO plugin. -->","yoast_head_json":{"title":"Paris-Orl\u00e9ans triomphe !","robots":{"index":"index","follow":"follow","max-snippet":"max-snippet:-1","max-image-preview":"max-image-preview:large","max-video-preview":"max-video-preview:-1"},"canonical":"https:\/\/predictor943.hrunk.dev\/fr\/product\/paris-orleans-triumphant\/","og_locale":"fr_FR","og_type":"article","og_title":"[:en]Paris-Orl\u00e9ans triumphant![:fr]Paris-Orl\u00e9ans triomphe ![:] - Peintre du Rail","og_description":"Deux classes de locomotives reconstruites par Andr\u00e9 Chapelon \u00e0 partir des Pacific du Paris-Orl\u00e9ans des premi\u00e8res ann\u00e9es du 20\u00e8me si\u00e8cle. A gauche, toujours en Pacific (231) une 231H, qui fut la plus puissante Pacific fran\u00e7aise et, \u00e0 droite, une 241A, une Pacific reconstruite en 4-8-0. Cette derni\u00e8re est consid\u00e9r\u00e9e comme le chef-d&#8217;\u0153uvre de Chapelon. Par &hellip;","og_url":"https:\/\/predictor943.hrunk.dev\/fr\/product\/paris-orleans-triumphant\/","og_site_name":"Peintre du Rail","article_modified_time":"2022-07-13T12:12:45+00:00","og_image":[{"width":1280,"height":933,"url":"https:\/\/predictor943.hrunk.dev\/wp-content\/uploads\/2022\/07\/ParisOrleansTriumphant.jpg","type":"image\/jpeg"}],"twitter_card":"summary_large_image","twitter_misc":{"Est. reading time":"1 minute"},"schema":{"@context":"https:\/\/schema.org","@graph":[{"@type":"WebPage","@id":"https:\/\/predictor943.hrunk.dev\/product\/paris-orleans-triumphant\/","url":"https:\/\/predictor943.hrunk.dev\/product\/paris-orleans-triumphant\/","name":"Paris-Orl\u00e9ans triomphe !","isPartOf":{"@id":"https:\/\/predictor943.hrunk.dev\/#website"},"primaryImageOfPage":{"@id":"https:\/\/predictor943.hrunk.dev\/product\/paris-orleans-triumphant\/#primaryimage"},"image":{"@id":"https:\/\/predictor943.hrunk.dev\/product\/paris-orleans-triumphant\/#primaryimage"},"thumbnailUrl":"https:\/\/predictor943.hrunk.dev\/wp-content\/uploads\/2022\/07\/ParisOrleansTriumphant.jpg","datePublished":"2022-07-12T19:11:16+00:00","dateModified":"2022-07-13T12:12:45+00:00","breadcrumb":{"@id":"https:\/\/predictor943.hrunk.dev\/product\/paris-orleans-triumphant\/#breadcrumb"},"inLanguage":"fr-FR","potentialAction":[{"@type":"ReadAction","target":["https:\/\/predictor943.hrunk.dev\/product\/paris-orleans-triumphant\/"]}]},{"@type":"ImageObject","inLanguage":"fr-FR","@id":"https:\/\/predictor943.hrunk.dev\/product\/paris-orleans-triumphant\/#primaryimage","url":"https:\/\/predictor943.hrunk.dev\/wp-content\/uploads\/2022\/07\/ParisOrleansTriumphant.jpg","contentUrl":"https:\/\/predictor943.hrunk.dev\/wp-content\/uploads\/2022\/07\/ParisOrleansTriumphant.jpg","width":1280,"height":933},{"@type":"BreadcrumbList","@id":"https:\/\/predictor943.hrunk.dev\/product\/paris-orleans-triumphant\/#breadcrumb","itemListElement":[{"@type":"ListItem","position":1,"name":"Home","item":"https:\/\/predictor943.hrunk.dev\/"},{"@type":"ListItem","position":2,"name":"Buy Prints","item":"https:\/\/predictor943.hrunk.dev\/shop\/"},{"@type":"ListItem","position":3,"name":"Paris-Orl\u00e9ans triumphant!"}]},{"@type":"WebSite","@id":"https:\/\/predictor943.hrunk.dev\/#website","url":"https:\/\/predictor943.hrunk.dev\/","name":"Peintre du Rail","description":"Chris Ludlow","potentialAction":[{"@type":"SearchAction","target":{"@type":"EntryPoint","urlTemplate":"https:\/\/predictor943.hrunk.dev\/?s={search_term_string}"},"query-input":{"@type":"PropertyValueSpecification","valueRequired":true,"valueName":"search_term_string"}}],"inLanguage":"fr-FR"}]}},"_links":{"self":[{"href":"https:\/\/predictor943.hrunk.dev\/fr\/wp-json\/wp\/v2\/product\/557","targetHints":{"allow":["GET"]}}],"collection":[{"href":"https:\/\/predictor943.hrunk.dev\/fr\/wp-json\/wp\/v2\/product"}],"about":[{"href":"https:\/\/predictor943.hrunk.dev\/fr\/wp-json\/wp\/v2\/types\/product"}],"wp:featuredmedia":[{"embeddable":true,"href":"https:\/\/predictor943.hrunk.dev\/fr\/wp-json\/wp\/v2\/media\/558"}],"wp:attachment":[{"href":"https:\/\/predictor943.hrunk.dev\/fr\/wp-json\/wp\/v2\/media?parent=557"}],"wp:term":[{"taxonomy":"product_brand","embeddable":true,"href":"https:\/\/predictor943.hrunk.dev\/fr\/wp-json\/wp\/v2\/product_brand?post=557"},{"taxonomy":"product_cat","embeddable":true,"href":"https:\/\/predictor943.hrunk.dev\/fr\/wp-json\/wp\/v2\/product_cat?post=557"},{"taxonomy":"product_tag","embeddable":true,"href":"https:\/\/predictor943.hrunk.dev\/fr\/wp-json\/wp\/v2\/product_tag?post=557"}],"curies":[{"name":"wp","href":"https:\/\/api.w.org\/{rel}","templated":true}]}}