{"id":551,"date":"2022-07-12T19:08:43","date_gmt":"2022-07-12T19:08:43","guid":{"rendered":"https:\/\/www.peintredurail.com\/?post_type=product&#038;p=551"},"modified":"2022-07-13T12:12:28","modified_gmt":"2022-07-13T12:12:28","slug":"belgian-beauty","status":"publish","type":"product","link":"https:\/\/predictor943.hrunk.dev\/fr\/product\/belgian-beauty\/","title":{"rendered":"La beaut\u00e9 belge"},"content":{"rendered":"<p>La locomotive \u00e0 vapeur car\u00e9n\u00e9e belge de classe 12 est devenue une image culte, en partie gr\u00e2ce aux bandes dessin\u00e9es de Fran\u00e7ois Schuiten. Une conception m\u00e9canique des plus inhabituelles, avec deux cylindres int\u00e9rieurs et des soupapes ext\u00e9rieures, compl\u00e9t\u00e9e par un ext\u00e9rieur tout aussi inhabituel et frappant. Pendant un certain temps, dans les ann\u00e9es 1930, la classe a transport\u00e9 le train le plus rapide du monde, entre Bruxelles et Ostende.<\/p>\n","protected":false},"excerpt":{"rendered":"<p>La locomotive \u00e0 vapeur car\u00e9n\u00e9e belge de classe 12 est devenue une image culte, en partie gr\u00e2ce aux bandes dessin\u00e9es de Fran\u00e7ois Schuiten. Une conception m\u00e9canique des plus inhabituelles, avec deux cylindres int\u00e9rieurs et des soupapes ext\u00e9rieures, compl\u00e9t\u00e9e par un ext\u00e9rieur tout aussi inhabituel et frappant. Pendant un certain temps, dans les ann\u00e9es 1930, la &hellip;<\/p>\n","protected":false},"featured_media":552,"template":"","meta":{"_acf_changed":false},"product_brand":[],"product_cat":[20,19],"product_tag":[],"class_list":{"0":"post-551","1":"product","2":"type-product","3":"status-publish","4":"has-post-thumbnail","6":"product_cat-gallery","7":"product_cat-not-for-sale","9":"first","10":"outofstock","11":"shipping-taxable","12":"product-type-simple"},"acf":[],"yoast_head":"<!-- This site is optimized with the Yoast SEO plugin v26.5 - https:\/\/yoast.com\/wordpress\/plugins\/seo\/ -->\n<title>La beaut\u00e9 belge<\/title>\n<meta name=\"robots\" content=\"index, follow, max-snippet:-1, max-image-preview:large, max-video-preview:-1\" \/>\n<link rel=\"canonical\" href=\"https:\/\/predictor943.hrunk.dev\/fr\/product\/belgian-beauty\/\" \/>\n<meta property=\"og:locale\" content=\"fr_FR\" \/>\n<meta property=\"og:locale:alternate\" content=\"en_GB\" \/>\n<meta property=\"og:type\" content=\"article\" \/>\n<meta property=\"og:title\" content=\"La beaut\u00e9 belge\" \/>\n<meta property=\"og:description\" content=\"La locomotive \u00e0 vapeur car\u00e9n\u00e9e belge de classe 12 est devenue une image culte, en partie gr\u00e2ce aux bandes dessin\u00e9es de Fran\u00e7ois Schuiten. Une conception m\u00e9canique des plus inhabituelles, avec deux cylindres int\u00e9rieurs et des soupapes ext\u00e9rieures, compl\u00e9t\u00e9e par un ext\u00e9rieur tout aussi inhabituel et frappant. Pendant un certain temps, dans les ann\u00e9es 1930, la &hellip;\" \/>\n<meta property=\"og:url\" content=\"https:\/\/predictor943.hrunk.dev\/fr\/product\/belgian-beauty\/\" \/>\n<meta property=\"og:site_name\" content=\"Peintre du Rail\" \/>\n<meta property=\"article:modified_time\" content=\"2022-07-13T12:12:28+00:00\" \/>\n<meta property=\"og:image\" content=\"https:\/\/predictor943.hrunk.dev\/wp-content\/uploads\/2022\/07\/BelgianBeauty.jpg\" \/>\n\t<meta property=\"og:image:width\" content=\"1280\" \/>\n\t<meta property=\"og:image:height\" content=\"914\" \/>\n\t<meta property=\"og:image:type\" content=\"image\/jpeg\" \/>\n<meta name=\"twitter:card\" content=\"summary_large_image\" \/>\n<meta name=\"twitter:label1\" content=\"Est. reading time\" \/>\n\t<meta name=\"twitter:data1\" content=\"1 minute\" \/>\n<script type=\"application\/ld+json\" class=\"yoast-schema-graph\">{\"@context\":\"https:\/\/schema.org\",\"@graph\":[{\"@type\":\"WebPage\",\"@id\":\"https:\/\/predictor943.hrunk.dev\/product\/belgian-beauty\/\",\"url\":\"https:\/\/predictor943.hrunk.dev\/product\/belgian-beauty\/\",\"name\":\"La beaut\u00e9 belge\",\"isPartOf\":{\"@id\":\"https:\/\/predictor943.hrunk.dev\/#website\"},\"primaryImageOfPage\":{\"@id\":\"https:\/\/predictor943.hrunk.dev\/product\/belgian-beauty\/#primaryimage\"},\"image\":{\"@id\":\"https:\/\/predictor943.hrunk.dev\/product\/belgian-beauty\/#primaryimage\"},\"thumbnailUrl\":\"https:\/\/predictor943.hrunk.dev\/wp-content\/uploads\/2022\/07\/BelgianBeauty.jpg\",\"datePublished\":\"2022-07-12T19:08:43+00:00\",\"dateModified\":\"2022-07-13T12:12:28+00:00\",\"breadcrumb\":{\"@id\":\"https:\/\/predictor943.hrunk.dev\/product\/belgian-beauty\/#breadcrumb\"},\"inLanguage\":\"fr-FR\",\"potentialAction\":[{\"@type\":\"ReadAction\",\"target\":[\"https:\/\/predictor943.hrunk.dev\/product\/belgian-beauty\/\"]}]},{\"@type\":\"ImageObject\",\"inLanguage\":\"fr-FR\",\"@id\":\"https:\/\/predictor943.hrunk.dev\/product\/belgian-beauty\/#primaryimage\",\"url\":\"https:\/\/predictor943.hrunk.dev\/wp-content\/uploads\/2022\/07\/BelgianBeauty.jpg\",\"contentUrl\":\"https:\/\/predictor943.hrunk.dev\/wp-content\/uploads\/2022\/07\/BelgianBeauty.jpg\",\"width\":1280,\"height\":914},{\"@type\":\"BreadcrumbList\",\"@id\":\"https:\/\/predictor943.hrunk.dev\/product\/belgian-beauty\/#breadcrumb\",\"itemListElement\":[{\"@type\":\"ListItem\",\"position\":1,\"name\":\"Home\",\"item\":\"https:\/\/predictor943.hrunk.dev\/\"},{\"@type\":\"ListItem\",\"position\":2,\"name\":\"Buy Prints\",\"item\":\"https:\/\/predictor943.hrunk.dev\/shop\/\"},{\"@type\":\"ListItem\",\"position\":3,\"name\":\"Belgian beauty\"}]},{\"@type\":\"WebSite\",\"@id\":\"https:\/\/predictor943.hrunk.dev\/#website\",\"url\":\"https:\/\/predictor943.hrunk.dev\/\",\"name\":\"Peintre du Rail\",\"description\":\"Chris Ludlow\",\"potentialAction\":[{\"@type\":\"SearchAction\",\"target\":{\"@type\":\"EntryPoint\",\"urlTemplate\":\"https:\/\/predictor943.hrunk.dev\/?s={search_term_string}\"},\"query-input\":{\"@type\":\"PropertyValueSpecification\",\"valueRequired\":true,\"valueName\":\"search_term_string\"}}],\"inLanguage\":\"fr-FR\"}]}<\/script>\n<!-- \/ Yoast SEO plugin. -->","yoast_head_json":{"title":"La beaut\u00e9 belge","robots":{"index":"index","follow":"follow","max-snippet":"max-snippet:-1","max-image-preview":"max-image-preview:large","max-video-preview":"max-video-preview:-1"},"canonical":"https:\/\/predictor943.hrunk.dev\/fr\/product\/belgian-beauty\/","og_locale":"fr_FR","og_type":"article","og_title":"[:en]Belgian beauty[:fr]La beaut\u00e9 belge[:] - Peintre du Rail","og_description":"La locomotive \u00e0 vapeur car\u00e9n\u00e9e belge de classe 12 est devenue une image culte, en partie gr\u00e2ce aux bandes dessin\u00e9es de Fran\u00e7ois Schuiten. Une conception m\u00e9canique des plus inhabituelles, avec deux cylindres int\u00e9rieurs et des soupapes ext\u00e9rieures, compl\u00e9t\u00e9e par un ext\u00e9rieur tout aussi inhabituel et frappant. Pendant un certain temps, dans les ann\u00e9es 1930, la &hellip;","og_url":"https:\/\/predictor943.hrunk.dev\/fr\/product\/belgian-beauty\/","og_site_name":"Peintre du Rail","article_modified_time":"2022-07-13T12:12:28+00:00","og_image":[{"width":1280,"height":914,"url":"https:\/\/predictor943.hrunk.dev\/wp-content\/uploads\/2022\/07\/BelgianBeauty.jpg","type":"image\/jpeg"}],"twitter_card":"summary_large_image","twitter_misc":{"Est. reading time":"1 minute"},"schema":{"@context":"https:\/\/schema.org","@graph":[{"@type":"WebPage","@id":"https:\/\/predictor943.hrunk.dev\/product\/belgian-beauty\/","url":"https:\/\/predictor943.hrunk.dev\/product\/belgian-beauty\/","name":"La beaut\u00e9 belge","isPartOf":{"@id":"https:\/\/predictor943.hrunk.dev\/#website"},"primaryImageOfPage":{"@id":"https:\/\/predictor943.hrunk.dev\/product\/belgian-beauty\/#primaryimage"},"image":{"@id":"https:\/\/predictor943.hrunk.dev\/product\/belgian-beauty\/#primaryimage"},"thumbnailUrl":"https:\/\/predictor943.hrunk.dev\/wp-content\/uploads\/2022\/07\/BelgianBeauty.jpg","datePublished":"2022-07-12T19:08:43+00:00","dateModified":"2022-07-13T12:12:28+00:00","breadcrumb":{"@id":"https:\/\/predictor943.hrunk.dev\/product\/belgian-beauty\/#breadcrumb"},"inLanguage":"fr-FR","potentialAction":[{"@type":"ReadAction","target":["https:\/\/predictor943.hrunk.dev\/product\/belgian-beauty\/"]}]},{"@type":"ImageObject","inLanguage":"fr-FR","@id":"https:\/\/predictor943.hrunk.dev\/product\/belgian-beauty\/#primaryimage","url":"https:\/\/predictor943.hrunk.dev\/wp-content\/uploads\/2022\/07\/BelgianBeauty.jpg","contentUrl":"https:\/\/predictor943.hrunk.dev\/wp-content\/uploads\/2022\/07\/BelgianBeauty.jpg","width":1280,"height":914},{"@type":"BreadcrumbList","@id":"https:\/\/predictor943.hrunk.dev\/product\/belgian-beauty\/#breadcrumb","itemListElement":[{"@type":"ListItem","position":1,"name":"Home","item":"https:\/\/predictor943.hrunk.dev\/"},{"@type":"ListItem","position":2,"name":"Buy Prints","item":"https:\/\/predictor943.hrunk.dev\/shop\/"},{"@type":"ListItem","position":3,"name":"Belgian beauty"}]},{"@type":"WebSite","@id":"https:\/\/predictor943.hrunk.dev\/#website","url":"https:\/\/predictor943.hrunk.dev\/","name":"Peintre du Rail","description":"Chris Ludlow","potentialAction":[{"@type":"SearchAction","target":{"@type":"EntryPoint","urlTemplate":"https:\/\/predictor943.hrunk.dev\/?s={search_term_string}"},"query-input":{"@type":"PropertyValueSpecification","valueRequired":true,"valueName":"search_term_string"}}],"inLanguage":"fr-FR"}]}},"_links":{"self":[{"href":"https:\/\/predictor943.hrunk.dev\/fr\/wp-json\/wp\/v2\/product\/551","targetHints":{"allow":["GET"]}}],"collection":[{"href":"https:\/\/predictor943.hrunk.dev\/fr\/wp-json\/wp\/v2\/product"}],"about":[{"href":"https:\/\/predictor943.hrunk.dev\/fr\/wp-json\/wp\/v2\/types\/product"}],"wp:featuredmedia":[{"embeddable":true,"href":"https:\/\/predictor943.hrunk.dev\/fr\/wp-json\/wp\/v2\/media\/552"}],"wp:attachment":[{"href":"https:\/\/predictor943.hrunk.dev\/fr\/wp-json\/wp\/v2\/media?parent=551"}],"wp:term":[{"taxonomy":"product_brand","embeddable":true,"href":"https:\/\/predictor943.hrunk.dev\/fr\/wp-json\/wp\/v2\/product_brand?post=551"},{"taxonomy":"product_cat","embeddable":true,"href":"https:\/\/predictor943.hrunk.dev\/fr\/wp-json\/wp\/v2\/product_cat?post=551"},{"taxonomy":"product_tag","embeddable":true,"href":"https:\/\/predictor943.hrunk.dev\/fr\/wp-json\/wp\/v2\/product_tag?post=551"}],"curies":[{"name":"wp","href":"https:\/\/api.w.org\/{rel}","templated":true}]}}