{"id":549,"date":"2022-07-12T19:07:42","date_gmt":"2022-07-12T19:07:42","guid":{"rendered":"https:\/\/www.peintredurail.com\/?post_type=product&#038;p=549"},"modified":"2022-07-13T12:12:21","modified_gmt":"2022-07-13T12:12:21","slug":"dieppe-a-lost-world-2","status":"publish","type":"product","link":"https:\/\/predictor943.hrunk.dev\/fr\/product\/dieppe-a-lost-world-2\/","title":{"rendered":"Dieppe : un monde perdu"},"content":{"rendered":"<p>Le port de Dieppe \u00e9tait le point d&#8217;arriv\u00e9e et de d\u00e9part de toute une g\u00e9n\u00e9ration de voyageurs qui traversaient la Manche. Il existe toujours des ferries transmanche, bien s\u00fbr, mais la gare maritime a fait son temps et a \u00e9t\u00e9 d\u00e9molie en 1995, un an apr\u00e8s l&#8217;arr\u00eat des services ferroviaires et maritimes. Des sc\u00e8nes comme celle-ci font d\u00e9sormais partie de l&#8217;histoire.<\/p>\n","protected":false},"excerpt":{"rendered":"<p>Le port de Dieppe \u00e9tait le point d&#8217;arriv\u00e9e et de d\u00e9part de toute une g\u00e9n\u00e9ration de voyageurs qui traversaient la Manche. Il existe toujours des ferries transmanche, bien s\u00fbr, mais la gare maritime a fait son temps et a \u00e9t\u00e9 d\u00e9molie en 1995, un an apr\u00e8s l&#8217;arr\u00eat des services ferroviaires et maritimes. Des sc\u00e8nes comme &hellip;<\/p>\n","protected":false},"featured_media":550,"template":"","meta":{"_acf_changed":false},"product_brand":[],"product_cat":[20,19],"product_tag":[],"class_list":{"0":"post-549","1":"product","2":"type-product","3":"status-publish","4":"has-post-thumbnail","6":"product_cat-gallery","7":"product_cat-not-for-sale","9":"first","10":"outofstock","11":"shipping-taxable","12":"product-type-simple"},"acf":[],"yoast_head":"<!-- This site is optimized with the Yoast SEO plugin v26.5 - https:\/\/yoast.com\/wordpress\/plugins\/seo\/ -->\n<title>Dieppe : un monde perdu<\/title>\n<meta name=\"robots\" content=\"index, follow, max-snippet:-1, max-image-preview:large, max-video-preview:-1\" \/>\n<link rel=\"canonical\" href=\"https:\/\/predictor943.hrunk.dev\/fr\/product\/dieppe-a-lost-world-2\/\" \/>\n<meta property=\"og:locale\" content=\"fr_FR\" \/>\n<meta property=\"og:locale:alternate\" content=\"en_GB\" \/>\n<meta property=\"og:type\" content=\"article\" \/>\n<meta property=\"og:title\" content=\"Dieppe : un monde perdu\" \/>\n<meta property=\"og:description\" content=\"Le port de Dieppe \u00e9tait le point d&#8217;arriv\u00e9e et de d\u00e9part de toute une g\u00e9n\u00e9ration de voyageurs qui traversaient la Manche. Il existe toujours des ferries transmanche, bien s\u00fbr, mais la gare maritime a fait son temps et a \u00e9t\u00e9 d\u00e9molie en 1995, un an apr\u00e8s l&#8217;arr\u00eat des services ferroviaires et maritimes. Des sc\u00e8nes comme &hellip;\" \/>\n<meta property=\"og:url\" content=\"https:\/\/predictor943.hrunk.dev\/fr\/product\/dieppe-a-lost-world-2\/\" \/>\n<meta property=\"og:site_name\" content=\"Peintre du Rail\" \/>\n<meta property=\"article:modified_time\" content=\"2022-07-13T12:12:21+00:00\" \/>\n<meta property=\"og:image\" content=\"https:\/\/predictor943.hrunk.dev\/wp-content\/uploads\/2022\/07\/DieppeALostWorld.jpg\" \/>\n\t<meta property=\"og:image:width\" content=\"1280\" \/>\n\t<meta property=\"og:image:height\" content=\"831\" \/>\n\t<meta property=\"og:image:type\" content=\"image\/jpeg\" \/>\n<meta name=\"twitter:card\" content=\"summary_large_image\" \/>\n<meta name=\"twitter:label1\" content=\"Est. reading time\" \/>\n\t<meta name=\"twitter:data1\" content=\"1 minute\" \/>\n<script type=\"application\/ld+json\" class=\"yoast-schema-graph\">{\"@context\":\"https:\/\/schema.org\",\"@graph\":[{\"@type\":\"WebPage\",\"@id\":\"https:\/\/predictor943.hrunk.dev\/product\/dieppe-a-lost-world-2\/\",\"url\":\"https:\/\/predictor943.hrunk.dev\/product\/dieppe-a-lost-world-2\/\",\"name\":\"Dieppe : un monde perdu\",\"isPartOf\":{\"@id\":\"https:\/\/predictor943.hrunk.dev\/#website\"},\"primaryImageOfPage\":{\"@id\":\"https:\/\/predictor943.hrunk.dev\/product\/dieppe-a-lost-world-2\/#primaryimage\"},\"image\":{\"@id\":\"https:\/\/predictor943.hrunk.dev\/product\/dieppe-a-lost-world-2\/#primaryimage\"},\"thumbnailUrl\":\"https:\/\/predictor943.hrunk.dev\/wp-content\/uploads\/2022\/07\/DieppeALostWorld.jpg\",\"datePublished\":\"2022-07-12T19:07:42+00:00\",\"dateModified\":\"2022-07-13T12:12:21+00:00\",\"breadcrumb\":{\"@id\":\"https:\/\/predictor943.hrunk.dev\/product\/dieppe-a-lost-world-2\/#breadcrumb\"},\"inLanguage\":\"fr-FR\",\"potentialAction\":[{\"@type\":\"ReadAction\",\"target\":[\"https:\/\/predictor943.hrunk.dev\/product\/dieppe-a-lost-world-2\/\"]}]},{\"@type\":\"ImageObject\",\"inLanguage\":\"fr-FR\",\"@id\":\"https:\/\/predictor943.hrunk.dev\/product\/dieppe-a-lost-world-2\/#primaryimage\",\"url\":\"https:\/\/predictor943.hrunk.dev\/wp-content\/uploads\/2022\/07\/DieppeALostWorld.jpg\",\"contentUrl\":\"https:\/\/predictor943.hrunk.dev\/wp-content\/uploads\/2022\/07\/DieppeALostWorld.jpg\",\"width\":1280,\"height\":831},{\"@type\":\"BreadcrumbList\",\"@id\":\"https:\/\/predictor943.hrunk.dev\/product\/dieppe-a-lost-world-2\/#breadcrumb\",\"itemListElement\":[{\"@type\":\"ListItem\",\"position\":1,\"name\":\"Home\",\"item\":\"https:\/\/predictor943.hrunk.dev\/\"},{\"@type\":\"ListItem\",\"position\":2,\"name\":\"Buy Prints\",\"item\":\"https:\/\/predictor943.hrunk.dev\/shop\/\"},{\"@type\":\"ListItem\",\"position\":3,\"name\":\"Dieppe : a lost world\"}]},{\"@type\":\"WebSite\",\"@id\":\"https:\/\/predictor943.hrunk.dev\/#website\",\"url\":\"https:\/\/predictor943.hrunk.dev\/\",\"name\":\"Peintre du Rail\",\"description\":\"Chris Ludlow\",\"potentialAction\":[{\"@type\":\"SearchAction\",\"target\":{\"@type\":\"EntryPoint\",\"urlTemplate\":\"https:\/\/predictor943.hrunk.dev\/?s={search_term_string}\"},\"query-input\":{\"@type\":\"PropertyValueSpecification\",\"valueRequired\":true,\"valueName\":\"search_term_string\"}}],\"inLanguage\":\"fr-FR\"}]}<\/script>\n<!-- \/ Yoast SEO plugin. -->","yoast_head_json":{"title":"Dieppe : un monde perdu","robots":{"index":"index","follow":"follow","max-snippet":"max-snippet:-1","max-image-preview":"max-image-preview:large","max-video-preview":"max-video-preview:-1"},"canonical":"https:\/\/predictor943.hrunk.dev\/fr\/product\/dieppe-a-lost-world-2\/","og_locale":"fr_FR","og_type":"article","og_title":"[:en]Dieppe : a lost world[:fr]Dieppe : un monde perdu[:] - Peintre du Rail","og_description":"Le port de Dieppe \u00e9tait le point d&#8217;arriv\u00e9e et de d\u00e9part de toute une g\u00e9n\u00e9ration de voyageurs qui traversaient la Manche. Il existe toujours des ferries transmanche, bien s\u00fbr, mais la gare maritime a fait son temps et a \u00e9t\u00e9 d\u00e9molie en 1995, un an apr\u00e8s l&#8217;arr\u00eat des services ferroviaires et maritimes. Des sc\u00e8nes comme &hellip;","og_url":"https:\/\/predictor943.hrunk.dev\/fr\/product\/dieppe-a-lost-world-2\/","og_site_name":"Peintre du Rail","article_modified_time":"2022-07-13T12:12:21+00:00","og_image":[{"width":1280,"height":831,"url":"https:\/\/predictor943.hrunk.dev\/wp-content\/uploads\/2022\/07\/DieppeALostWorld.jpg","type":"image\/jpeg"}],"twitter_card":"summary_large_image","twitter_misc":{"Est. reading time":"1 minute"},"schema":{"@context":"https:\/\/schema.org","@graph":[{"@type":"WebPage","@id":"https:\/\/predictor943.hrunk.dev\/product\/dieppe-a-lost-world-2\/","url":"https:\/\/predictor943.hrunk.dev\/product\/dieppe-a-lost-world-2\/","name":"Dieppe : un monde perdu","isPartOf":{"@id":"https:\/\/predictor943.hrunk.dev\/#website"},"primaryImageOfPage":{"@id":"https:\/\/predictor943.hrunk.dev\/product\/dieppe-a-lost-world-2\/#primaryimage"},"image":{"@id":"https:\/\/predictor943.hrunk.dev\/product\/dieppe-a-lost-world-2\/#primaryimage"},"thumbnailUrl":"https:\/\/predictor943.hrunk.dev\/wp-content\/uploads\/2022\/07\/DieppeALostWorld.jpg","datePublished":"2022-07-12T19:07:42+00:00","dateModified":"2022-07-13T12:12:21+00:00","breadcrumb":{"@id":"https:\/\/predictor943.hrunk.dev\/product\/dieppe-a-lost-world-2\/#breadcrumb"},"inLanguage":"fr-FR","potentialAction":[{"@type":"ReadAction","target":["https:\/\/predictor943.hrunk.dev\/product\/dieppe-a-lost-world-2\/"]}]},{"@type":"ImageObject","inLanguage":"fr-FR","@id":"https:\/\/predictor943.hrunk.dev\/product\/dieppe-a-lost-world-2\/#primaryimage","url":"https:\/\/predictor943.hrunk.dev\/wp-content\/uploads\/2022\/07\/DieppeALostWorld.jpg","contentUrl":"https:\/\/predictor943.hrunk.dev\/wp-content\/uploads\/2022\/07\/DieppeALostWorld.jpg","width":1280,"height":831},{"@type":"BreadcrumbList","@id":"https:\/\/predictor943.hrunk.dev\/product\/dieppe-a-lost-world-2\/#breadcrumb","itemListElement":[{"@type":"ListItem","position":1,"name":"Home","item":"https:\/\/predictor943.hrunk.dev\/"},{"@type":"ListItem","position":2,"name":"Buy Prints","item":"https:\/\/predictor943.hrunk.dev\/shop\/"},{"@type":"ListItem","position":3,"name":"Dieppe : a lost world"}]},{"@type":"WebSite","@id":"https:\/\/predictor943.hrunk.dev\/#website","url":"https:\/\/predictor943.hrunk.dev\/","name":"Peintre du Rail","description":"Chris Ludlow","potentialAction":[{"@type":"SearchAction","target":{"@type":"EntryPoint","urlTemplate":"https:\/\/predictor943.hrunk.dev\/?s={search_term_string}"},"query-input":{"@type":"PropertyValueSpecification","valueRequired":true,"valueName":"search_term_string"}}],"inLanguage":"fr-FR"}]}},"_links":{"self":[{"href":"https:\/\/predictor943.hrunk.dev\/fr\/wp-json\/wp\/v2\/product\/549","targetHints":{"allow":["GET"]}}],"collection":[{"href":"https:\/\/predictor943.hrunk.dev\/fr\/wp-json\/wp\/v2\/product"}],"about":[{"href":"https:\/\/predictor943.hrunk.dev\/fr\/wp-json\/wp\/v2\/types\/product"}],"wp:featuredmedia":[{"embeddable":true,"href":"https:\/\/predictor943.hrunk.dev\/fr\/wp-json\/wp\/v2\/media\/550"}],"wp:attachment":[{"href":"https:\/\/predictor943.hrunk.dev\/fr\/wp-json\/wp\/v2\/media?parent=549"}],"wp:term":[{"taxonomy":"product_brand","embeddable":true,"href":"https:\/\/predictor943.hrunk.dev\/fr\/wp-json\/wp\/v2\/product_brand?post=549"},{"taxonomy":"product_cat","embeddable":true,"href":"https:\/\/predictor943.hrunk.dev\/fr\/wp-json\/wp\/v2\/product_cat?post=549"},{"taxonomy":"product_tag","embeddable":true,"href":"https:\/\/predictor943.hrunk.dev\/fr\/wp-json\/wp\/v2\/product_tag?post=549"}],"curies":[{"name":"wp","href":"https:\/\/api.w.org\/{rel}","templated":true}]}}