{"id":546,"date":"2022-07-12T19:06:45","date_gmt":"2022-07-12T19:06:45","guid":{"rendered":"https:\/\/www.peintredurail.com\/?post_type=product&#038;p=546"},"modified":"2022-07-13T12:12:13","modified_gmt":"2022-07-13T12:12:13","slug":"the-lumieres-at-la-ciotat","status":"publish","type":"product","link":"https:\/\/predictor943.hrunk.dev\/fr\/product\/the-lumieres-at-la-ciotat\/","title":{"rendered":"Lumi\u00e8res \u00e0 La Ciotat"},"content":{"rendered":"<p>Les fr\u00e8res Lumi\u00e8res ont \u00e9t\u00e9 les pionniers mondiaux du cin\u00e9ma, projetant leur c\u00e9l\u00e8bre film de l&#8217;arriv\u00e9e d&#8217;un train \u00e0 La Ciotat, en 1895. Les r\u00e9actions du public variaient de la fascination \u00e0 la peur. Mais nous ne voyons pas les fr\u00e8res dans le film, car ils \u00e9taient, naturellement, derri\u00e8re la cam\u00e9ra. Pour la premi\u00e8re fois, nous les voyons \u00e0 l&#8217;\u0153uvre, \u00e9crivant l&#8217;histoire sous le soleil de la M\u00e9diterran\u00e9e.<\/p>\n","protected":false},"excerpt":{"rendered":"<p>Les fr\u00e8res Lumi\u00e8res ont \u00e9t\u00e9 les pionniers mondiaux du cin\u00e9ma, projetant leur c\u00e9l\u00e8bre film de l&#8217;arriv\u00e9e d&#8217;un train \u00e0 La Ciotat, en 1895. Les r\u00e9actions du public variaient de la fascination \u00e0 la peur. Mais nous ne voyons pas les fr\u00e8res dans le film, car ils \u00e9taient, naturellement, derri\u00e8re la cam\u00e9ra. Pour la premi\u00e8re fois, &hellip;<\/p>\n","protected":false},"featured_media":547,"template":"","meta":{"_acf_changed":false},"product_brand":[],"product_cat":[20,19],"product_tag":[],"class_list":{"0":"post-546","1":"product","2":"type-product","3":"status-publish","4":"has-post-thumbnail","6":"product_cat-gallery","7":"product_cat-not-for-sale","9":"first","10":"outofstock","11":"shipping-taxable","12":"product-type-simple"},"acf":[],"yoast_head":"<!-- This site is optimized with the Yoast SEO plugin v26.5 - https:\/\/yoast.com\/wordpress\/plugins\/seo\/ -->\n<title>Lumi\u00e8res \u00e0 La Ciotat<\/title>\n<meta name=\"robots\" content=\"index, follow, max-snippet:-1, max-image-preview:large, max-video-preview:-1\" \/>\n<link rel=\"canonical\" href=\"https:\/\/predictor943.hrunk.dev\/fr\/product\/the-lumieres-at-la-ciotat\/\" \/>\n<meta property=\"og:locale\" content=\"fr_FR\" \/>\n<meta property=\"og:locale:alternate\" content=\"en_GB\" \/>\n<meta property=\"og:type\" content=\"article\" \/>\n<meta property=\"og:title\" content=\"Lumi\u00e8res \u00e0 La Ciotat\" \/>\n<meta property=\"og:description\" content=\"Les fr\u00e8res Lumi\u00e8res ont \u00e9t\u00e9 les pionniers mondiaux du cin\u00e9ma, projetant leur c\u00e9l\u00e8bre film de l&#8217;arriv\u00e9e d&#8217;un train \u00e0 La Ciotat, en 1895. Les r\u00e9actions du public variaient de la fascination \u00e0 la peur. Mais nous ne voyons pas les fr\u00e8res dans le film, car ils \u00e9taient, naturellement, derri\u00e8re la cam\u00e9ra. Pour la premi\u00e8re fois, &hellip;\" \/>\n<meta property=\"og:url\" content=\"https:\/\/predictor943.hrunk.dev\/fr\/product\/the-lumieres-at-la-ciotat\/\" \/>\n<meta property=\"og:site_name\" content=\"Peintre du Rail\" \/>\n<meta property=\"article:modified_time\" content=\"2022-07-13T12:12:13+00:00\" \/>\n<meta property=\"og:image\" content=\"https:\/\/predictor943.hrunk.dev\/wp-content\/uploads\/2022\/07\/TheLumieresAtLaCiotat.jpg\" \/>\n\t<meta property=\"og:image:width\" content=\"1280\" \/>\n\t<meta property=\"og:image:height\" content=\"911\" \/>\n\t<meta property=\"og:image:type\" content=\"image\/jpeg\" \/>\n<meta name=\"twitter:card\" content=\"summary_large_image\" \/>\n<meta name=\"twitter:label1\" content=\"Est. reading time\" \/>\n\t<meta name=\"twitter:data1\" content=\"1 minute\" \/>\n<script type=\"application\/ld+json\" class=\"yoast-schema-graph\">{\"@context\":\"https:\/\/schema.org\",\"@graph\":[{\"@type\":\"WebPage\",\"@id\":\"https:\/\/predictor943.hrunk.dev\/product\/the-lumieres-at-la-ciotat\/\",\"url\":\"https:\/\/predictor943.hrunk.dev\/product\/the-lumieres-at-la-ciotat\/\",\"name\":\"Lumi\u00e8res \u00e0 La Ciotat\",\"isPartOf\":{\"@id\":\"https:\/\/predictor943.hrunk.dev\/#website\"},\"primaryImageOfPage\":{\"@id\":\"https:\/\/predictor943.hrunk.dev\/product\/the-lumieres-at-la-ciotat\/#primaryimage\"},\"image\":{\"@id\":\"https:\/\/predictor943.hrunk.dev\/product\/the-lumieres-at-la-ciotat\/#primaryimage\"},\"thumbnailUrl\":\"https:\/\/predictor943.hrunk.dev\/wp-content\/uploads\/2022\/07\/TheLumieresAtLaCiotat.jpg\",\"datePublished\":\"2022-07-12T19:06:45+00:00\",\"dateModified\":\"2022-07-13T12:12:13+00:00\",\"breadcrumb\":{\"@id\":\"https:\/\/predictor943.hrunk.dev\/product\/the-lumieres-at-la-ciotat\/#breadcrumb\"},\"inLanguage\":\"fr-FR\",\"potentialAction\":[{\"@type\":\"ReadAction\",\"target\":[\"https:\/\/predictor943.hrunk.dev\/product\/the-lumieres-at-la-ciotat\/\"]}]},{\"@type\":\"ImageObject\",\"inLanguage\":\"fr-FR\",\"@id\":\"https:\/\/predictor943.hrunk.dev\/product\/the-lumieres-at-la-ciotat\/#primaryimage\",\"url\":\"https:\/\/predictor943.hrunk.dev\/wp-content\/uploads\/2022\/07\/TheLumieresAtLaCiotat.jpg\",\"contentUrl\":\"https:\/\/predictor943.hrunk.dev\/wp-content\/uploads\/2022\/07\/TheLumieresAtLaCiotat.jpg\",\"width\":1280,\"height\":911},{\"@type\":\"BreadcrumbList\",\"@id\":\"https:\/\/predictor943.hrunk.dev\/product\/the-lumieres-at-la-ciotat\/#breadcrumb\",\"itemListElement\":[{\"@type\":\"ListItem\",\"position\":1,\"name\":\"Home\",\"item\":\"https:\/\/predictor943.hrunk.dev\/\"},{\"@type\":\"ListItem\",\"position\":2,\"name\":\"Buy Prints\",\"item\":\"https:\/\/predictor943.hrunk.dev\/shop\/\"},{\"@type\":\"ListItem\",\"position\":3,\"name\":\"The Lumi\u00e8res at La Ciotat\"}]},{\"@type\":\"WebSite\",\"@id\":\"https:\/\/predictor943.hrunk.dev\/#website\",\"url\":\"https:\/\/predictor943.hrunk.dev\/\",\"name\":\"Peintre du Rail\",\"description\":\"Chris Ludlow\",\"potentialAction\":[{\"@type\":\"SearchAction\",\"target\":{\"@type\":\"EntryPoint\",\"urlTemplate\":\"https:\/\/predictor943.hrunk.dev\/?s={search_term_string}\"},\"query-input\":{\"@type\":\"PropertyValueSpecification\",\"valueRequired\":true,\"valueName\":\"search_term_string\"}}],\"inLanguage\":\"fr-FR\"}]}<\/script>\n<!-- \/ Yoast SEO plugin. -->","yoast_head_json":{"title":"Lumi\u00e8res \u00e0 La Ciotat","robots":{"index":"index","follow":"follow","max-snippet":"max-snippet:-1","max-image-preview":"max-image-preview:large","max-video-preview":"max-video-preview:-1"},"canonical":"https:\/\/predictor943.hrunk.dev\/fr\/product\/the-lumieres-at-la-ciotat\/","og_locale":"fr_FR","og_type":"article","og_title":"[:en]The Lumi\u00e8res at La Ciotat[:fr]Lumi\u00e8res \u00e0 La Ciotat[:] - Peintre du Rail","og_description":"Les fr\u00e8res Lumi\u00e8res ont \u00e9t\u00e9 les pionniers mondiaux du cin\u00e9ma, projetant leur c\u00e9l\u00e8bre film de l&#8217;arriv\u00e9e d&#8217;un train \u00e0 La Ciotat, en 1895. Les r\u00e9actions du public variaient de la fascination \u00e0 la peur. Mais nous ne voyons pas les fr\u00e8res dans le film, car ils \u00e9taient, naturellement, derri\u00e8re la cam\u00e9ra. Pour la premi\u00e8re fois, &hellip;","og_url":"https:\/\/predictor943.hrunk.dev\/fr\/product\/the-lumieres-at-la-ciotat\/","og_site_name":"Peintre du Rail","article_modified_time":"2022-07-13T12:12:13+00:00","og_image":[{"width":1280,"height":911,"url":"https:\/\/predictor943.hrunk.dev\/wp-content\/uploads\/2022\/07\/TheLumieresAtLaCiotat.jpg","type":"image\/jpeg"}],"twitter_card":"summary_large_image","twitter_misc":{"Est. reading time":"1 minute"},"schema":{"@context":"https:\/\/schema.org","@graph":[{"@type":"WebPage","@id":"https:\/\/predictor943.hrunk.dev\/product\/the-lumieres-at-la-ciotat\/","url":"https:\/\/predictor943.hrunk.dev\/product\/the-lumieres-at-la-ciotat\/","name":"Lumi\u00e8res \u00e0 La Ciotat","isPartOf":{"@id":"https:\/\/predictor943.hrunk.dev\/#website"},"primaryImageOfPage":{"@id":"https:\/\/predictor943.hrunk.dev\/product\/the-lumieres-at-la-ciotat\/#primaryimage"},"image":{"@id":"https:\/\/predictor943.hrunk.dev\/product\/the-lumieres-at-la-ciotat\/#primaryimage"},"thumbnailUrl":"https:\/\/predictor943.hrunk.dev\/wp-content\/uploads\/2022\/07\/TheLumieresAtLaCiotat.jpg","datePublished":"2022-07-12T19:06:45+00:00","dateModified":"2022-07-13T12:12:13+00:00","breadcrumb":{"@id":"https:\/\/predictor943.hrunk.dev\/product\/the-lumieres-at-la-ciotat\/#breadcrumb"},"inLanguage":"fr-FR","potentialAction":[{"@type":"ReadAction","target":["https:\/\/predictor943.hrunk.dev\/product\/the-lumieres-at-la-ciotat\/"]}]},{"@type":"ImageObject","inLanguage":"fr-FR","@id":"https:\/\/predictor943.hrunk.dev\/product\/the-lumieres-at-la-ciotat\/#primaryimage","url":"https:\/\/predictor943.hrunk.dev\/wp-content\/uploads\/2022\/07\/TheLumieresAtLaCiotat.jpg","contentUrl":"https:\/\/predictor943.hrunk.dev\/wp-content\/uploads\/2022\/07\/TheLumieresAtLaCiotat.jpg","width":1280,"height":911},{"@type":"BreadcrumbList","@id":"https:\/\/predictor943.hrunk.dev\/product\/the-lumieres-at-la-ciotat\/#breadcrumb","itemListElement":[{"@type":"ListItem","position":1,"name":"Home","item":"https:\/\/predictor943.hrunk.dev\/"},{"@type":"ListItem","position":2,"name":"Buy Prints","item":"https:\/\/predictor943.hrunk.dev\/shop\/"},{"@type":"ListItem","position":3,"name":"The Lumi\u00e8res at La Ciotat"}]},{"@type":"WebSite","@id":"https:\/\/predictor943.hrunk.dev\/#website","url":"https:\/\/predictor943.hrunk.dev\/","name":"Peintre du Rail","description":"Chris Ludlow","potentialAction":[{"@type":"SearchAction","target":{"@type":"EntryPoint","urlTemplate":"https:\/\/predictor943.hrunk.dev\/?s={search_term_string}"},"query-input":{"@type":"PropertyValueSpecification","valueRequired":true,"valueName":"search_term_string"}}],"inLanguage":"fr-FR"}]}},"_links":{"self":[{"href":"https:\/\/predictor943.hrunk.dev\/fr\/wp-json\/wp\/v2\/product\/546","targetHints":{"allow":["GET"]}}],"collection":[{"href":"https:\/\/predictor943.hrunk.dev\/fr\/wp-json\/wp\/v2\/product"}],"about":[{"href":"https:\/\/predictor943.hrunk.dev\/fr\/wp-json\/wp\/v2\/types\/product"}],"wp:featuredmedia":[{"embeddable":true,"href":"https:\/\/predictor943.hrunk.dev\/fr\/wp-json\/wp\/v2\/media\/547"}],"wp:attachment":[{"href":"https:\/\/predictor943.hrunk.dev\/fr\/wp-json\/wp\/v2\/media?parent=546"}],"wp:term":[{"taxonomy":"product_brand","embeddable":true,"href":"https:\/\/predictor943.hrunk.dev\/fr\/wp-json\/wp\/v2\/product_brand?post=546"},{"taxonomy":"product_cat","embeddable":true,"href":"https:\/\/predictor943.hrunk.dev\/fr\/wp-json\/wp\/v2\/product_cat?post=546"},{"taxonomy":"product_tag","embeddable":true,"href":"https:\/\/predictor943.hrunk.dev\/fr\/wp-json\/wp\/v2\/product_tag?post=546"}],"curies":[{"name":"wp","href":"https:\/\/api.w.org\/{rel}","templated":true}]}}