{"id":542,"date":"2022-07-12T19:05:30","date_gmt":"2022-07-12T19:05:30","guid":{"rendered":"https:\/\/www.peintredurail.com\/?post_type=product&#038;p=542"},"modified":"2022-07-13T12:12:06","modified_gmt":"2022-07-13T12:12:06","slug":"links","status":"publish","type":"product","link":"https:\/\/predictor943.hrunk.dev\/fr\/product\/links\/","title":{"rendered":"Liens"},"content":{"rendered":"<p>Ce grand tableau ne repr\u00e9sente qu&#8217;une petite partie du mouvement d&#8217;un 2-6-4 compound \u00e0 4 cylindres de Golsdorf des chemins de fer autrichiens. Le caract\u00e8re direct, \u00e0 la fois compliqu\u00e9 et simple, des nombreux maillons &#8211; leviers, manivelles, roulements, etc. &#8211; exprime leurs fonctions \u00e0 travers leurs formes, leurs mat\u00e9riaux et leurs relations. La beaut\u00e9 d&#8217;une locomotive \u00e0 vapeur est en grande partie fonction de cette puissante transparence.<\/p>\n","protected":false},"excerpt":{"rendered":"<p>Ce grand tableau ne repr\u00e9sente qu&#8217;une petite partie du mouvement d&#8217;un 2-6-4 compound \u00e0 4 cylindres de Golsdorf des chemins de fer autrichiens. Le caract\u00e8re direct, \u00e0 la fois compliqu\u00e9 et simple, des nombreux maillons &#8211; leviers, manivelles, roulements, etc. &#8211; exprime leurs fonctions \u00e0 travers leurs formes, leurs mat\u00e9riaux et leurs relations. La beaut\u00e9 &hellip;<\/p>\n","protected":false},"featured_media":543,"template":"","meta":{"_acf_changed":false},"product_brand":[],"product_cat":[20,19],"product_tag":[],"class_list":{"0":"post-542","1":"product","2":"type-product","3":"status-publish","4":"has-post-thumbnail","6":"product_cat-gallery","7":"product_cat-not-for-sale","9":"first","10":"outofstock","11":"shipping-taxable","12":"product-type-simple"},"acf":[],"yoast_head":"<!-- This site is optimized with the Yoast SEO plugin v26.5 - https:\/\/yoast.com\/wordpress\/plugins\/seo\/ -->\n<title>Liens<\/title>\n<meta name=\"robots\" content=\"index, follow, max-snippet:-1, max-image-preview:large, max-video-preview:-1\" \/>\n<link rel=\"canonical\" href=\"https:\/\/predictor943.hrunk.dev\/fr\/product\/links\/\" \/>\n<meta property=\"og:locale\" content=\"fr_FR\" \/>\n<meta property=\"og:locale:alternate\" content=\"en_GB\" \/>\n<meta property=\"og:type\" content=\"article\" \/>\n<meta property=\"og:title\" content=\"Liens\" \/>\n<meta property=\"og:description\" content=\"Ce grand tableau ne repr\u00e9sente qu&#8217;une petite partie du mouvement d&#8217;un 2-6-4 compound \u00e0 4 cylindres de Golsdorf des chemins de fer autrichiens. Le caract\u00e8re direct, \u00e0 la fois compliqu\u00e9 et simple, des nombreux maillons &#8211; leviers, manivelles, roulements, etc. &#8211; exprime leurs fonctions \u00e0 travers leurs formes, leurs mat\u00e9riaux et leurs relations. La beaut\u00e9 &hellip;\" \/>\n<meta property=\"og:url\" content=\"https:\/\/predictor943.hrunk.dev\/fr\/product\/links\/\" \/>\n<meta property=\"og:site_name\" content=\"Peintre du Rail\" \/>\n<meta property=\"article:modified_time\" content=\"2022-07-13T12:12:06+00:00\" \/>\n<meta property=\"og:image\" content=\"https:\/\/predictor943.hrunk.dev\/wp-content\/uploads\/2022\/07\/Links.jpg\" \/>\n\t<meta property=\"og:image:width\" content=\"1280\" \/>\n\t<meta property=\"og:image:height\" content=\"1273\" \/>\n\t<meta property=\"og:image:type\" content=\"image\/jpeg\" \/>\n<meta name=\"twitter:card\" content=\"summary_large_image\" \/>\n<meta name=\"twitter:label1\" content=\"Est. reading time\" \/>\n\t<meta name=\"twitter:data1\" content=\"1 minute\" \/>\n<script type=\"application\/ld+json\" class=\"yoast-schema-graph\">{\"@context\":\"https:\/\/schema.org\",\"@graph\":[{\"@type\":\"WebPage\",\"@id\":\"https:\/\/predictor943.hrunk.dev\/product\/links\/\",\"url\":\"https:\/\/predictor943.hrunk.dev\/product\/links\/\",\"name\":\"Liens\",\"isPartOf\":{\"@id\":\"https:\/\/predictor943.hrunk.dev\/#website\"},\"primaryImageOfPage\":{\"@id\":\"https:\/\/predictor943.hrunk.dev\/product\/links\/#primaryimage\"},\"image\":{\"@id\":\"https:\/\/predictor943.hrunk.dev\/product\/links\/#primaryimage\"},\"thumbnailUrl\":\"https:\/\/predictor943.hrunk.dev\/wp-content\/uploads\/2022\/07\/Links.jpg\",\"datePublished\":\"2022-07-12T19:05:30+00:00\",\"dateModified\":\"2022-07-13T12:12:06+00:00\",\"breadcrumb\":{\"@id\":\"https:\/\/predictor943.hrunk.dev\/product\/links\/#breadcrumb\"},\"inLanguage\":\"fr-FR\",\"potentialAction\":[{\"@type\":\"ReadAction\",\"target\":[\"https:\/\/predictor943.hrunk.dev\/product\/links\/\"]}]},{\"@type\":\"ImageObject\",\"inLanguage\":\"fr-FR\",\"@id\":\"https:\/\/predictor943.hrunk.dev\/product\/links\/#primaryimage\",\"url\":\"https:\/\/predictor943.hrunk.dev\/wp-content\/uploads\/2022\/07\/Links.jpg\",\"contentUrl\":\"https:\/\/predictor943.hrunk.dev\/wp-content\/uploads\/2022\/07\/Links.jpg\",\"width\":1280,\"height\":1273},{\"@type\":\"BreadcrumbList\",\"@id\":\"https:\/\/predictor943.hrunk.dev\/product\/links\/#breadcrumb\",\"itemListElement\":[{\"@type\":\"ListItem\",\"position\":1,\"name\":\"Home\",\"item\":\"https:\/\/predictor943.hrunk.dev\/\"},{\"@type\":\"ListItem\",\"position\":2,\"name\":\"Buy Prints\",\"item\":\"https:\/\/predictor943.hrunk.dev\/shop\/\"},{\"@type\":\"ListItem\",\"position\":3,\"name\":\"Links\"}]},{\"@type\":\"WebSite\",\"@id\":\"https:\/\/predictor943.hrunk.dev\/#website\",\"url\":\"https:\/\/predictor943.hrunk.dev\/\",\"name\":\"Peintre du Rail\",\"description\":\"Chris Ludlow\",\"potentialAction\":[{\"@type\":\"SearchAction\",\"target\":{\"@type\":\"EntryPoint\",\"urlTemplate\":\"https:\/\/predictor943.hrunk.dev\/?s={search_term_string}\"},\"query-input\":{\"@type\":\"PropertyValueSpecification\",\"valueRequired\":true,\"valueName\":\"search_term_string\"}}],\"inLanguage\":\"fr-FR\"}]}<\/script>\n<!-- \/ Yoast SEO plugin. -->","yoast_head_json":{"title":"Liens","robots":{"index":"index","follow":"follow","max-snippet":"max-snippet:-1","max-image-preview":"max-image-preview:large","max-video-preview":"max-video-preview:-1"},"canonical":"https:\/\/predictor943.hrunk.dev\/fr\/product\/links\/","og_locale":"fr_FR","og_type":"article","og_title":"[:en]Links[:fr]Liens[:] - Peintre du Rail","og_description":"Ce grand tableau ne repr\u00e9sente qu&#8217;une petite partie du mouvement d&#8217;un 2-6-4 compound \u00e0 4 cylindres de Golsdorf des chemins de fer autrichiens. Le caract\u00e8re direct, \u00e0 la fois compliqu\u00e9 et simple, des nombreux maillons &#8211; leviers, manivelles, roulements, etc. &#8211; exprime leurs fonctions \u00e0 travers leurs formes, leurs mat\u00e9riaux et leurs relations. La beaut\u00e9 &hellip;","og_url":"https:\/\/predictor943.hrunk.dev\/fr\/product\/links\/","og_site_name":"Peintre du Rail","article_modified_time":"2022-07-13T12:12:06+00:00","og_image":[{"width":1280,"height":1273,"url":"https:\/\/predictor943.hrunk.dev\/wp-content\/uploads\/2022\/07\/Links.jpg","type":"image\/jpeg"}],"twitter_card":"summary_large_image","twitter_misc":{"Est. reading time":"1 minute"},"schema":{"@context":"https:\/\/schema.org","@graph":[{"@type":"WebPage","@id":"https:\/\/predictor943.hrunk.dev\/product\/links\/","url":"https:\/\/predictor943.hrunk.dev\/product\/links\/","name":"Liens","isPartOf":{"@id":"https:\/\/predictor943.hrunk.dev\/#website"},"primaryImageOfPage":{"@id":"https:\/\/predictor943.hrunk.dev\/product\/links\/#primaryimage"},"image":{"@id":"https:\/\/predictor943.hrunk.dev\/product\/links\/#primaryimage"},"thumbnailUrl":"https:\/\/predictor943.hrunk.dev\/wp-content\/uploads\/2022\/07\/Links.jpg","datePublished":"2022-07-12T19:05:30+00:00","dateModified":"2022-07-13T12:12:06+00:00","breadcrumb":{"@id":"https:\/\/predictor943.hrunk.dev\/product\/links\/#breadcrumb"},"inLanguage":"fr-FR","potentialAction":[{"@type":"ReadAction","target":["https:\/\/predictor943.hrunk.dev\/product\/links\/"]}]},{"@type":"ImageObject","inLanguage":"fr-FR","@id":"https:\/\/predictor943.hrunk.dev\/product\/links\/#primaryimage","url":"https:\/\/predictor943.hrunk.dev\/wp-content\/uploads\/2022\/07\/Links.jpg","contentUrl":"https:\/\/predictor943.hrunk.dev\/wp-content\/uploads\/2022\/07\/Links.jpg","width":1280,"height":1273},{"@type":"BreadcrumbList","@id":"https:\/\/predictor943.hrunk.dev\/product\/links\/#breadcrumb","itemListElement":[{"@type":"ListItem","position":1,"name":"Home","item":"https:\/\/predictor943.hrunk.dev\/"},{"@type":"ListItem","position":2,"name":"Buy Prints","item":"https:\/\/predictor943.hrunk.dev\/shop\/"},{"@type":"ListItem","position":3,"name":"Links"}]},{"@type":"WebSite","@id":"https:\/\/predictor943.hrunk.dev\/#website","url":"https:\/\/predictor943.hrunk.dev\/","name":"Peintre du Rail","description":"Chris Ludlow","potentialAction":[{"@type":"SearchAction","target":{"@type":"EntryPoint","urlTemplate":"https:\/\/predictor943.hrunk.dev\/?s={search_term_string}"},"query-input":{"@type":"PropertyValueSpecification","valueRequired":true,"valueName":"search_term_string"}}],"inLanguage":"fr-FR"}]}},"_links":{"self":[{"href":"https:\/\/predictor943.hrunk.dev\/fr\/wp-json\/wp\/v2\/product\/542","targetHints":{"allow":["GET"]}}],"collection":[{"href":"https:\/\/predictor943.hrunk.dev\/fr\/wp-json\/wp\/v2\/product"}],"about":[{"href":"https:\/\/predictor943.hrunk.dev\/fr\/wp-json\/wp\/v2\/types\/product"}],"wp:featuredmedia":[{"embeddable":true,"href":"https:\/\/predictor943.hrunk.dev\/fr\/wp-json\/wp\/v2\/media\/543"}],"wp:attachment":[{"href":"https:\/\/predictor943.hrunk.dev\/fr\/wp-json\/wp\/v2\/media?parent=542"}],"wp:term":[{"taxonomy":"product_brand","embeddable":true,"href":"https:\/\/predictor943.hrunk.dev\/fr\/wp-json\/wp\/v2\/product_brand?post=542"},{"taxonomy":"product_cat","embeddable":true,"href":"https:\/\/predictor943.hrunk.dev\/fr\/wp-json\/wp\/v2\/product_cat?post=542"},{"taxonomy":"product_tag","embeddable":true,"href":"https:\/\/predictor943.hrunk.dev\/fr\/wp-json\/wp\/v2\/product_tag?post=542"}],"curies":[{"name":"wp","href":"https:\/\/api.w.org\/{rel}","templated":true}]}}