{"id":540,"date":"2022-07-12T19:03:37","date_gmt":"2022-07-12T19:03:37","guid":{"rendered":"https:\/\/www.peintredurail.com\/?post_type=product&#038;p=540"},"modified":"2022-07-13T12:11:58","modified_gmt":"2022-07-13T12:11:58","slug":"majestic-monster","status":"publish","type":"product","link":"https:\/\/predictor943.hrunk.dev\/fr\/product\/majestic-monster\/","title":{"rendered":"Un monstre majestueux"},"content":{"rendered":"<p>Les &#8220;Alleghenies&#8221; de la Chesapeake and Ohio Railroad \u00e9taient probablement les plus grandes locomotives \u00e0 vapeur jamais construites &#8211; ou l&#8217;\u00e9taient-elles ? Elles \u00e9taient certainement les plus lourdes, mais le &#8220;Big Boy&#8221; de l&#8217;Union Pacific \u00e9tait de taille \u00e9gale. La disposition des roues des Alleghenies \u00e9tait de 1333, ce qui incluait un bissel arri\u00e8re \u00e0 6 roues, tr\u00e8s inhabituel, pour supporter l&#8217;\u00e9norme bo\u00eete \u00e0 feu. La taille de la chaudi\u00e8re rendait impossible le positionnement des pompes sur le c\u00f4t\u00e9 de la locomotive, d&#8217;o\u00f9 leur pr\u00e9sence \u00e0 l&#8217;avant de la bo\u00eete \u00e0 fum\u00e9e. Quel monstre !<\/p>\n","protected":false},"excerpt":{"rendered":"<p>Les &#8220;Alleghenies&#8221; de la Chesapeake and Ohio Railroad \u00e9taient probablement les plus grandes locomotives \u00e0 vapeur jamais construites &#8211; ou l&#8217;\u00e9taient-elles ? Elles \u00e9taient certainement les plus lourdes, mais le &#8220;Big Boy&#8221; de l&#8217;Union Pacific \u00e9tait de taille \u00e9gale. La disposition des roues des Alleghenies \u00e9tait de 1333, ce qui incluait un bissel arri\u00e8re \u00e0 &hellip;<\/p>\n","protected":false},"featured_media":541,"template":"","meta":{"_acf_changed":false},"product_brand":[],"product_cat":[20,19],"product_tag":[],"class_list":{"0":"post-540","1":"product","2":"type-product","3":"status-publish","4":"has-post-thumbnail","6":"product_cat-gallery","7":"product_cat-not-for-sale","9":"first","10":"outofstock","11":"shipping-taxable","12":"product-type-simple"},"acf":[],"yoast_head":"<!-- This site is optimized with the Yoast SEO plugin v26.5 - https:\/\/yoast.com\/wordpress\/plugins\/seo\/ -->\n<title>Un monstre majestueux<\/title>\n<meta name=\"robots\" content=\"index, follow, max-snippet:-1, max-image-preview:large, max-video-preview:-1\" \/>\n<link rel=\"canonical\" href=\"https:\/\/predictor943.hrunk.dev\/fr\/product\/majestic-monster\/\" \/>\n<meta property=\"og:locale\" content=\"fr_FR\" \/>\n<meta property=\"og:locale:alternate\" content=\"en_GB\" \/>\n<meta property=\"og:type\" content=\"article\" \/>\n<meta property=\"og:title\" content=\"Un monstre majestueux\" \/>\n<meta property=\"og:description\" content=\"Les &#8220;Alleghenies&#8221; de la Chesapeake and Ohio Railroad \u00e9taient probablement les plus grandes locomotives \u00e0 vapeur jamais construites &#8211; ou l&#8217;\u00e9taient-elles ? Elles \u00e9taient certainement les plus lourdes, mais le &#8220;Big Boy&#8221; de l&#8217;Union Pacific \u00e9tait de taille \u00e9gale. La disposition des roues des Alleghenies \u00e9tait de 1333, ce qui incluait un bissel arri\u00e8re \u00e0 &hellip;\" \/>\n<meta property=\"og:url\" content=\"https:\/\/predictor943.hrunk.dev\/fr\/product\/majestic-monster\/\" \/>\n<meta property=\"og:site_name\" content=\"Peintre du Rail\" \/>\n<meta property=\"article:modified_time\" content=\"2022-07-13T12:11:58+00:00\" \/>\n<meta property=\"og:image\" content=\"https:\/\/predictor943.hrunk.dev\/wp-content\/uploads\/2022\/07\/MagnificentMonster.jpg\" \/>\n\t<meta property=\"og:image:width\" content=\"934\" \/>\n\t<meta property=\"og:image:height\" content=\"1280\" \/>\n\t<meta property=\"og:image:type\" content=\"image\/jpeg\" \/>\n<meta name=\"twitter:card\" content=\"summary_large_image\" \/>\n<meta name=\"twitter:label1\" content=\"Est. reading time\" \/>\n\t<meta name=\"twitter:data1\" content=\"1 minute\" \/>\n<script type=\"application\/ld+json\" class=\"yoast-schema-graph\">{\"@context\":\"https:\/\/schema.org\",\"@graph\":[{\"@type\":\"WebPage\",\"@id\":\"https:\/\/predictor943.hrunk.dev\/product\/majestic-monster\/\",\"url\":\"https:\/\/predictor943.hrunk.dev\/product\/majestic-monster\/\",\"name\":\"Un monstre majestueux\",\"isPartOf\":{\"@id\":\"https:\/\/predictor943.hrunk.dev\/#website\"},\"primaryImageOfPage\":{\"@id\":\"https:\/\/predictor943.hrunk.dev\/product\/majestic-monster\/#primaryimage\"},\"image\":{\"@id\":\"https:\/\/predictor943.hrunk.dev\/product\/majestic-monster\/#primaryimage\"},\"thumbnailUrl\":\"https:\/\/predictor943.hrunk.dev\/wp-content\/uploads\/2022\/07\/MagnificentMonster.jpg\",\"datePublished\":\"2022-07-12T19:03:37+00:00\",\"dateModified\":\"2022-07-13T12:11:58+00:00\",\"breadcrumb\":{\"@id\":\"https:\/\/predictor943.hrunk.dev\/product\/majestic-monster\/#breadcrumb\"},\"inLanguage\":\"fr-FR\",\"potentialAction\":[{\"@type\":\"ReadAction\",\"target\":[\"https:\/\/predictor943.hrunk.dev\/product\/majestic-monster\/\"]}]},{\"@type\":\"ImageObject\",\"inLanguage\":\"fr-FR\",\"@id\":\"https:\/\/predictor943.hrunk.dev\/product\/majestic-monster\/#primaryimage\",\"url\":\"https:\/\/predictor943.hrunk.dev\/wp-content\/uploads\/2022\/07\/MagnificentMonster.jpg\",\"contentUrl\":\"https:\/\/predictor943.hrunk.dev\/wp-content\/uploads\/2022\/07\/MagnificentMonster.jpg\",\"width\":934,\"height\":1280},{\"@type\":\"BreadcrumbList\",\"@id\":\"https:\/\/predictor943.hrunk.dev\/product\/majestic-monster\/#breadcrumb\",\"itemListElement\":[{\"@type\":\"ListItem\",\"position\":1,\"name\":\"Home\",\"item\":\"https:\/\/predictor943.hrunk.dev\/\"},{\"@type\":\"ListItem\",\"position\":2,\"name\":\"Buy Prints\",\"item\":\"https:\/\/predictor943.hrunk.dev\/shop\/\"},{\"@type\":\"ListItem\",\"position\":3,\"name\":\"Majestic monster\"}]},{\"@type\":\"WebSite\",\"@id\":\"https:\/\/predictor943.hrunk.dev\/#website\",\"url\":\"https:\/\/predictor943.hrunk.dev\/\",\"name\":\"Peintre du Rail\",\"description\":\"Chris Ludlow\",\"potentialAction\":[{\"@type\":\"SearchAction\",\"target\":{\"@type\":\"EntryPoint\",\"urlTemplate\":\"https:\/\/predictor943.hrunk.dev\/?s={search_term_string}\"},\"query-input\":{\"@type\":\"PropertyValueSpecification\",\"valueRequired\":true,\"valueName\":\"search_term_string\"}}],\"inLanguage\":\"fr-FR\"}]}<\/script>\n<!-- \/ Yoast SEO plugin. -->","yoast_head_json":{"title":"Un monstre majestueux","robots":{"index":"index","follow":"follow","max-snippet":"max-snippet:-1","max-image-preview":"max-image-preview:large","max-video-preview":"max-video-preview:-1"},"canonical":"https:\/\/predictor943.hrunk.dev\/fr\/product\/majestic-monster\/","og_locale":"fr_FR","og_type":"article","og_title":"[:en]Majestic monster[:fr]Un monstre majestueux[:] - Peintre du Rail","og_description":"Les &#8220;Alleghenies&#8221; de la Chesapeake and Ohio Railroad \u00e9taient probablement les plus grandes locomotives \u00e0 vapeur jamais construites &#8211; ou l&#8217;\u00e9taient-elles ? Elles \u00e9taient certainement les plus lourdes, mais le &#8220;Big Boy&#8221; de l&#8217;Union Pacific \u00e9tait de taille \u00e9gale. La disposition des roues des Alleghenies \u00e9tait de 1333, ce qui incluait un bissel arri\u00e8re \u00e0 &hellip;","og_url":"https:\/\/predictor943.hrunk.dev\/fr\/product\/majestic-monster\/","og_site_name":"Peintre du Rail","article_modified_time":"2022-07-13T12:11:58+00:00","og_image":[{"width":934,"height":1280,"url":"https:\/\/predictor943.hrunk.dev\/wp-content\/uploads\/2022\/07\/MagnificentMonster.jpg","type":"image\/jpeg"}],"twitter_card":"summary_large_image","twitter_misc":{"Est. reading time":"1 minute"},"schema":{"@context":"https:\/\/schema.org","@graph":[{"@type":"WebPage","@id":"https:\/\/predictor943.hrunk.dev\/product\/majestic-monster\/","url":"https:\/\/predictor943.hrunk.dev\/product\/majestic-monster\/","name":"Un monstre majestueux","isPartOf":{"@id":"https:\/\/predictor943.hrunk.dev\/#website"},"primaryImageOfPage":{"@id":"https:\/\/predictor943.hrunk.dev\/product\/majestic-monster\/#primaryimage"},"image":{"@id":"https:\/\/predictor943.hrunk.dev\/product\/majestic-monster\/#primaryimage"},"thumbnailUrl":"https:\/\/predictor943.hrunk.dev\/wp-content\/uploads\/2022\/07\/MagnificentMonster.jpg","datePublished":"2022-07-12T19:03:37+00:00","dateModified":"2022-07-13T12:11:58+00:00","breadcrumb":{"@id":"https:\/\/predictor943.hrunk.dev\/product\/majestic-monster\/#breadcrumb"},"inLanguage":"fr-FR","potentialAction":[{"@type":"ReadAction","target":["https:\/\/predictor943.hrunk.dev\/product\/majestic-monster\/"]}]},{"@type":"ImageObject","inLanguage":"fr-FR","@id":"https:\/\/predictor943.hrunk.dev\/product\/majestic-monster\/#primaryimage","url":"https:\/\/predictor943.hrunk.dev\/wp-content\/uploads\/2022\/07\/MagnificentMonster.jpg","contentUrl":"https:\/\/predictor943.hrunk.dev\/wp-content\/uploads\/2022\/07\/MagnificentMonster.jpg","width":934,"height":1280},{"@type":"BreadcrumbList","@id":"https:\/\/predictor943.hrunk.dev\/product\/majestic-monster\/#breadcrumb","itemListElement":[{"@type":"ListItem","position":1,"name":"Home","item":"https:\/\/predictor943.hrunk.dev\/"},{"@type":"ListItem","position":2,"name":"Buy Prints","item":"https:\/\/predictor943.hrunk.dev\/shop\/"},{"@type":"ListItem","position":3,"name":"Majestic monster"}]},{"@type":"WebSite","@id":"https:\/\/predictor943.hrunk.dev\/#website","url":"https:\/\/predictor943.hrunk.dev\/","name":"Peintre du Rail","description":"Chris Ludlow","potentialAction":[{"@type":"SearchAction","target":{"@type":"EntryPoint","urlTemplate":"https:\/\/predictor943.hrunk.dev\/?s={search_term_string}"},"query-input":{"@type":"PropertyValueSpecification","valueRequired":true,"valueName":"search_term_string"}}],"inLanguage":"fr-FR"}]}},"_links":{"self":[{"href":"https:\/\/predictor943.hrunk.dev\/fr\/wp-json\/wp\/v2\/product\/540","targetHints":{"allow":["GET"]}}],"collection":[{"href":"https:\/\/predictor943.hrunk.dev\/fr\/wp-json\/wp\/v2\/product"}],"about":[{"href":"https:\/\/predictor943.hrunk.dev\/fr\/wp-json\/wp\/v2\/types\/product"}],"wp:featuredmedia":[{"embeddable":true,"href":"https:\/\/predictor943.hrunk.dev\/fr\/wp-json\/wp\/v2\/media\/541"}],"wp:attachment":[{"href":"https:\/\/predictor943.hrunk.dev\/fr\/wp-json\/wp\/v2\/media?parent=540"}],"wp:term":[{"taxonomy":"product_brand","embeddable":true,"href":"https:\/\/predictor943.hrunk.dev\/fr\/wp-json\/wp\/v2\/product_brand?post=540"},{"taxonomy":"product_cat","embeddable":true,"href":"https:\/\/predictor943.hrunk.dev\/fr\/wp-json\/wp\/v2\/product_cat?post=540"},{"taxonomy":"product_tag","embeddable":true,"href":"https:\/\/predictor943.hrunk.dev\/fr\/wp-json\/wp\/v2\/product_tag?post=540"}],"curies":[{"name":"wp","href":"https:\/\/api.w.org\/{rel}","templated":true}]}}