{"id":495,"date":"2020-08-10T18:05:47","date_gmt":"2020-08-10T18:05:47","guid":{"rendered":"https:\/\/www.peintredurail.com\/?post_type=product&#038;p=495"},"modified":"2021-03-18T14:14:01","modified_gmt":"2021-03-18T14:14:01","slug":"cavalcades-at-cavalaire","status":"publish","type":"product","link":"https:\/\/predictor943.hrunk.dev\/fr\/product\/cavalcades-at-cavalaire\/","title":{"rendered":"Cavalcades \u00e0 Cavalaire"},"content":{"rendered":"<p>Le train arrive et les passagers arrivent de la fra\u00eecheur de l&#8217;ombre des arbres ! Le petit train de Toulon \u00e0 Fr\u00e9jus, qui a suivi un \u00e9tonnant parcours c\u00f4tier sur presque toute la distance, arrive \u00e0 la gare de Caval\u00e8re, typique de nombreuses gares du parcours. La ligne a \u00e9t\u00e9 ferm\u00e9e en 1951.<\/p>\n","protected":false},"excerpt":{"rendered":"<div class=\"info\">\n<p class=\"sizes\">Huile sur toile 46 x 33 cm<\/p>\n<\/div>\n","protected":false},"featured_media":496,"template":"","meta":{"_acf_changed":false},"product_brand":[],"product_cat":[20,19],"product_tag":[],"class_list":{"0":"post-495","1":"product","2":"type-product","3":"status-publish","4":"has-post-thumbnail","6":"product_cat-gallery","7":"product_cat-not-for-sale","9":"first","10":"outofstock","11":"shipping-taxable","12":"purchasable","13":"product-type-simple"},"acf":[],"yoast_head":"<!-- This site is optimized with the Yoast SEO plugin v26.5 - https:\/\/yoast.com\/wordpress\/plugins\/seo\/ -->\n<title>Cavalcades \u00e0 Cavalaire<\/title>\n<meta name=\"robots\" content=\"index, follow, max-snippet:-1, max-image-preview:large, max-video-preview:-1\" \/>\n<link rel=\"canonical\" href=\"https:\/\/predictor943.hrunk.dev\/fr\/product\/cavalcades-at-cavalaire\/\" \/>\n<meta property=\"og:locale\" content=\"fr_FR\" \/>\n<meta property=\"og:locale:alternate\" content=\"en_GB\" \/>\n<meta property=\"og:type\" content=\"article\" \/>\n<meta property=\"og:title\" content=\"Cavalcades \u00e0 Cavalaire\" \/>\n<meta property=\"og:description\" content=\"Huile sur toile 46 x 33 cm\" \/>\n<meta property=\"og:url\" content=\"https:\/\/predictor943.hrunk.dev\/fr\/product\/cavalcades-at-cavalaire\/\" \/>\n<meta property=\"og:site_name\" content=\"Peintre du Rail\" \/>\n<meta property=\"article:modified_time\" content=\"2021-03-18T14:14:01+00:00\" \/>\n<meta property=\"og:image\" content=\"https:\/\/predictor943.hrunk.dev\/wp-content\/uploads\/2020\/08\/IMG_2360.jpeg\" \/>\n\t<meta property=\"og:image:width\" content=\"1280\" \/>\n\t<meta property=\"og:image:height\" content=\"916\" \/>\n\t<meta property=\"og:image:type\" content=\"image\/jpeg\" \/>\n<meta name=\"twitter:card\" content=\"summary_large_image\" \/>\n<meta name=\"twitter:label1\" content=\"Est. reading time\" \/>\n\t<meta name=\"twitter:data1\" content=\"1 minute\" \/>\n<script type=\"application\/ld+json\" class=\"yoast-schema-graph\">{\"@context\":\"https:\/\/schema.org\",\"@graph\":[{\"@type\":\"WebPage\",\"@id\":\"https:\/\/predictor943.hrunk.dev\/product\/cavalcades-at-cavalaire\/\",\"url\":\"https:\/\/predictor943.hrunk.dev\/product\/cavalcades-at-cavalaire\/\",\"name\":\"Cavalcades \u00e0 Cavalaire\",\"isPartOf\":{\"@id\":\"https:\/\/predictor943.hrunk.dev\/#website\"},\"primaryImageOfPage\":{\"@id\":\"https:\/\/predictor943.hrunk.dev\/product\/cavalcades-at-cavalaire\/#primaryimage\"},\"image\":{\"@id\":\"https:\/\/predictor943.hrunk.dev\/product\/cavalcades-at-cavalaire\/#primaryimage\"},\"thumbnailUrl\":\"https:\/\/predictor943.hrunk.dev\/wp-content\/uploads\/2020\/08\/IMG_2360.jpeg\",\"datePublished\":\"2020-08-10T18:05:47+00:00\",\"dateModified\":\"2021-03-18T14:14:01+00:00\",\"breadcrumb\":{\"@id\":\"https:\/\/predictor943.hrunk.dev\/product\/cavalcades-at-cavalaire\/#breadcrumb\"},\"inLanguage\":\"fr-FR\",\"potentialAction\":[{\"@type\":\"ReadAction\",\"target\":[\"https:\/\/predictor943.hrunk.dev\/product\/cavalcades-at-cavalaire\/\"]}]},{\"@type\":\"ImageObject\",\"inLanguage\":\"fr-FR\",\"@id\":\"https:\/\/predictor943.hrunk.dev\/product\/cavalcades-at-cavalaire\/#primaryimage\",\"url\":\"https:\/\/predictor943.hrunk.dev\/wp-content\/uploads\/2020\/08\/IMG_2360.jpeg\",\"contentUrl\":\"https:\/\/predictor943.hrunk.dev\/wp-content\/uploads\/2020\/08\/IMG_2360.jpeg\",\"width\":1280,\"height\":916},{\"@type\":\"BreadcrumbList\",\"@id\":\"https:\/\/predictor943.hrunk.dev\/product\/cavalcades-at-cavalaire\/#breadcrumb\",\"itemListElement\":[{\"@type\":\"ListItem\",\"position\":1,\"name\":\"Home\",\"item\":\"https:\/\/predictor943.hrunk.dev\/\"},{\"@type\":\"ListItem\",\"position\":2,\"name\":\"Buy Prints\",\"item\":\"https:\/\/predictor943.hrunk.dev\/shop\/\"},{\"@type\":\"ListItem\",\"position\":3,\"name\":\"Cavalcades at Cavalaire\"}]},{\"@type\":\"WebSite\",\"@id\":\"https:\/\/predictor943.hrunk.dev\/#website\",\"url\":\"https:\/\/predictor943.hrunk.dev\/\",\"name\":\"Peintre du Rail\",\"description\":\"Chris Ludlow\",\"potentialAction\":[{\"@type\":\"SearchAction\",\"target\":{\"@type\":\"EntryPoint\",\"urlTemplate\":\"https:\/\/predictor943.hrunk.dev\/?s={search_term_string}\"},\"query-input\":{\"@type\":\"PropertyValueSpecification\",\"valueRequired\":true,\"valueName\":\"search_term_string\"}}],\"inLanguage\":\"fr-FR\"}]}<\/script>\n<!-- \/ Yoast SEO plugin. -->","yoast_head_json":{"title":"Cavalcades \u00e0 Cavalaire","robots":{"index":"index","follow":"follow","max-snippet":"max-snippet:-1","max-image-preview":"max-image-preview:large","max-video-preview":"max-video-preview:-1"},"canonical":"https:\/\/predictor943.hrunk.dev\/fr\/product\/cavalcades-at-cavalaire\/","og_locale":"fr_FR","og_type":"article","og_title":"[:en]Cavalcades at Cavalaire[:fr]Cavalcades \u00e0 Cavalaire[:] - Peintre du Rail","og_description":"Huile sur toile 46 x 33 cm","og_url":"https:\/\/predictor943.hrunk.dev\/fr\/product\/cavalcades-at-cavalaire\/","og_site_name":"Peintre du Rail","article_modified_time":"2021-03-18T14:14:01+00:00","og_image":[{"width":1280,"height":916,"url":"https:\/\/predictor943.hrunk.dev\/wp-content\/uploads\/2020\/08\/IMG_2360.jpeg","type":"image\/jpeg"}],"twitter_card":"summary_large_image","twitter_misc":{"Est. reading time":"1 minute"},"schema":{"@context":"https:\/\/schema.org","@graph":[{"@type":"WebPage","@id":"https:\/\/predictor943.hrunk.dev\/product\/cavalcades-at-cavalaire\/","url":"https:\/\/predictor943.hrunk.dev\/product\/cavalcades-at-cavalaire\/","name":"Cavalcades \u00e0 Cavalaire","isPartOf":{"@id":"https:\/\/predictor943.hrunk.dev\/#website"},"primaryImageOfPage":{"@id":"https:\/\/predictor943.hrunk.dev\/product\/cavalcades-at-cavalaire\/#primaryimage"},"image":{"@id":"https:\/\/predictor943.hrunk.dev\/product\/cavalcades-at-cavalaire\/#primaryimage"},"thumbnailUrl":"https:\/\/predictor943.hrunk.dev\/wp-content\/uploads\/2020\/08\/IMG_2360.jpeg","datePublished":"2020-08-10T18:05:47+00:00","dateModified":"2021-03-18T14:14:01+00:00","breadcrumb":{"@id":"https:\/\/predictor943.hrunk.dev\/product\/cavalcades-at-cavalaire\/#breadcrumb"},"inLanguage":"fr-FR","potentialAction":[{"@type":"ReadAction","target":["https:\/\/predictor943.hrunk.dev\/product\/cavalcades-at-cavalaire\/"]}]},{"@type":"ImageObject","inLanguage":"fr-FR","@id":"https:\/\/predictor943.hrunk.dev\/product\/cavalcades-at-cavalaire\/#primaryimage","url":"https:\/\/predictor943.hrunk.dev\/wp-content\/uploads\/2020\/08\/IMG_2360.jpeg","contentUrl":"https:\/\/predictor943.hrunk.dev\/wp-content\/uploads\/2020\/08\/IMG_2360.jpeg","width":1280,"height":916},{"@type":"BreadcrumbList","@id":"https:\/\/predictor943.hrunk.dev\/product\/cavalcades-at-cavalaire\/#breadcrumb","itemListElement":[{"@type":"ListItem","position":1,"name":"Home","item":"https:\/\/predictor943.hrunk.dev\/"},{"@type":"ListItem","position":2,"name":"Buy Prints","item":"https:\/\/predictor943.hrunk.dev\/shop\/"},{"@type":"ListItem","position":3,"name":"Cavalcades at Cavalaire"}]},{"@type":"WebSite","@id":"https:\/\/predictor943.hrunk.dev\/#website","url":"https:\/\/predictor943.hrunk.dev\/","name":"Peintre du Rail","description":"Chris Ludlow","potentialAction":[{"@type":"SearchAction","target":{"@type":"EntryPoint","urlTemplate":"https:\/\/predictor943.hrunk.dev\/?s={search_term_string}"},"query-input":{"@type":"PropertyValueSpecification","valueRequired":true,"valueName":"search_term_string"}}],"inLanguage":"fr-FR"}]}},"_links":{"self":[{"href":"https:\/\/predictor943.hrunk.dev\/fr\/wp-json\/wp\/v2\/product\/495","targetHints":{"allow":["GET"]}}],"collection":[{"href":"https:\/\/predictor943.hrunk.dev\/fr\/wp-json\/wp\/v2\/product"}],"about":[{"href":"https:\/\/predictor943.hrunk.dev\/fr\/wp-json\/wp\/v2\/types\/product"}],"wp:featuredmedia":[{"embeddable":true,"href":"https:\/\/predictor943.hrunk.dev\/fr\/wp-json\/wp\/v2\/media\/496"}],"wp:attachment":[{"href":"https:\/\/predictor943.hrunk.dev\/fr\/wp-json\/wp\/v2\/media?parent=495"}],"wp:term":[{"taxonomy":"product_brand","embeddable":true,"href":"https:\/\/predictor943.hrunk.dev\/fr\/wp-json\/wp\/v2\/product_brand?post=495"},{"taxonomy":"product_cat","embeddable":true,"href":"https:\/\/predictor943.hrunk.dev\/fr\/wp-json\/wp\/v2\/product_cat?post=495"},{"taxonomy":"product_tag","embeddable":true,"href":"https:\/\/predictor943.hrunk.dev\/fr\/wp-json\/wp\/v2\/product_tag?post=495"}],"curies":[{"name":"wp","href":"https:\/\/api.w.org\/{rel}","templated":true}]}}