{"id":478,"date":"2020-08-10T18:15:16","date_gmt":"2020-08-10T18:15:16","guid":{"rendered":"https:\/\/www.peintredurail.com\/fr\/?post_type=product&#038;p=478"},"modified":"2021-03-18T14:14:00","modified_gmt":"2021-03-18T14:14:00","slug":"au-bord-dun-canal-paisible","status":"publish","type":"product","link":"https:\/\/predictor943.hrunk.dev\/fr\/product\/au-bord-dun-canal-paisible\/","title":{"rendered":"Au bord d&#8217;un canal paisible"},"content":{"rendered":"<p>Dans une sc\u00e8ne d&#8217;avant-guerre tranquille, un 230 n\u00e9erlandais de conception et de construction britanniques passe sur un pont typique, sur fond de pastorale et de village. Le peintre a cherch\u00e9 cet endroit aujourd&#8217;hui, et a trouv\u00e9 que ce coin de paradis est maintenant compl\u00e8tement construit !<\/p>\n","protected":false},"excerpt":{"rendered":"<div class=\"info\">\n<p class=\"sizes\">Huile sur toile 46 x 33 cm<\/p>\n<\/div>\n","protected":false},"featured_media":479,"template":"","meta":{"_acf_changed":false},"product_brand":[],"product_cat":[20,19],"product_tag":[],"class_list":{"0":"post-478","1":"product","2":"type-product","3":"status-publish","4":"has-post-thumbnail","6":"product_cat-gallery","7":"product_cat-not-for-sale","9":"first","10":"outofstock","11":"shipping-taxable","12":"purchasable","13":"product-type-simple"},"acf":[],"yoast_head":"<!-- This site is optimized with the Yoast SEO plugin v26.5 - https:\/\/yoast.com\/wordpress\/plugins\/seo\/ -->\n<title>Au bord d&#039;un canal paisible<\/title>\n<meta name=\"robots\" content=\"index, follow, max-snippet:-1, max-image-preview:large, max-video-preview:-1\" \/>\n<link rel=\"canonical\" href=\"https:\/\/predictor943.hrunk.dev\/fr\/product\/au-bord-dun-canal-paisible\/\" \/>\n<meta property=\"og:locale\" content=\"fr_FR\" \/>\n<meta property=\"og:locale:alternate\" content=\"en_GB\" \/>\n<meta property=\"og:type\" content=\"article\" \/>\n<meta property=\"og:title\" content=\"Au bord d&#039;un canal paisible\" \/>\n<meta property=\"og:description\" content=\"Huile sur toile 46 x 33 cm\" \/>\n<meta property=\"og:url\" content=\"https:\/\/predictor943.hrunk.dev\/fr\/product\/au-bord-dun-canal-paisible\/\" \/>\n<meta property=\"og:site_name\" content=\"Peintre du Rail\" \/>\n<meta property=\"article:modified_time\" content=\"2021-03-18T14:14:00+00:00\" \/>\n<meta property=\"og:image\" content=\"https:\/\/predictor943.hrunk.dev\/wp-content\/uploads\/2020\/08\/IMG_2086.jpeg\" \/>\n\t<meta property=\"og:image:width\" content=\"1280\" \/>\n\t<meta property=\"og:image:height\" content=\"909\" \/>\n\t<meta property=\"og:image:type\" content=\"image\/jpeg\" \/>\n<meta name=\"twitter:card\" content=\"summary_large_image\" \/>\n<script type=\"application\/ld+json\" class=\"yoast-schema-graph\">{\"@context\":\"https:\/\/schema.org\",\"@graph\":[{\"@type\":\"WebPage\",\"@id\":\"https:\/\/predictor943.hrunk.dev\/product\/au-bord-dun-canal-paisible\/\",\"url\":\"https:\/\/predictor943.hrunk.dev\/product\/au-bord-dun-canal-paisible\/\",\"name\":\"Au bord d'un canal paisible\",\"isPartOf\":{\"@id\":\"https:\/\/predictor943.hrunk.dev\/#website\"},\"primaryImageOfPage\":{\"@id\":\"https:\/\/predictor943.hrunk.dev\/product\/au-bord-dun-canal-paisible\/#primaryimage\"},\"image\":{\"@id\":\"https:\/\/predictor943.hrunk.dev\/product\/au-bord-dun-canal-paisible\/#primaryimage\"},\"thumbnailUrl\":\"https:\/\/predictor943.hrunk.dev\/wp-content\/uploads\/2020\/08\/IMG_2086.jpeg\",\"datePublished\":\"2020-08-10T18:15:16+00:00\",\"dateModified\":\"2021-03-18T14:14:00+00:00\",\"breadcrumb\":{\"@id\":\"https:\/\/predictor943.hrunk.dev\/product\/au-bord-dun-canal-paisible\/#breadcrumb\"},\"inLanguage\":\"fr-FR\",\"potentialAction\":[{\"@type\":\"ReadAction\",\"target\":[\"https:\/\/predictor943.hrunk.dev\/product\/au-bord-dun-canal-paisible\/\"]}]},{\"@type\":\"ImageObject\",\"inLanguage\":\"fr-FR\",\"@id\":\"https:\/\/predictor943.hrunk.dev\/product\/au-bord-dun-canal-paisible\/#primaryimage\",\"url\":\"https:\/\/predictor943.hrunk.dev\/wp-content\/uploads\/2020\/08\/IMG_2086.jpeg\",\"contentUrl\":\"https:\/\/predictor943.hrunk.dev\/wp-content\/uploads\/2020\/08\/IMG_2086.jpeg\",\"width\":1280,\"height\":909},{\"@type\":\"BreadcrumbList\",\"@id\":\"https:\/\/predictor943.hrunk.dev\/product\/au-bord-dun-canal-paisible\/#breadcrumb\",\"itemListElement\":[{\"@type\":\"ListItem\",\"position\":1,\"name\":\"Home\",\"item\":\"https:\/\/predictor943.hrunk.dev\/\"},{\"@type\":\"ListItem\",\"position\":2,\"name\":\"Buy Prints\",\"item\":\"https:\/\/predictor943.hrunk.dev\/shop\/\"},{\"@type\":\"ListItem\",\"position\":3,\"name\":\"By a peaceful canal\"}]},{\"@type\":\"WebSite\",\"@id\":\"https:\/\/predictor943.hrunk.dev\/#website\",\"url\":\"https:\/\/predictor943.hrunk.dev\/\",\"name\":\"Peintre du Rail\",\"description\":\"Chris Ludlow\",\"potentialAction\":[{\"@type\":\"SearchAction\",\"target\":{\"@type\":\"EntryPoint\",\"urlTemplate\":\"https:\/\/predictor943.hrunk.dev\/?s={search_term_string}\"},\"query-input\":{\"@type\":\"PropertyValueSpecification\",\"valueRequired\":true,\"valueName\":\"search_term_string\"}}],\"inLanguage\":\"fr-FR\"}]}<\/script>\n<!-- \/ Yoast SEO plugin. -->","yoast_head_json":{"title":"Au bord d'un canal paisible","robots":{"index":"index","follow":"follow","max-snippet":"max-snippet:-1","max-image-preview":"max-image-preview:large","max-video-preview":"max-video-preview:-1"},"canonical":"https:\/\/predictor943.hrunk.dev\/fr\/product\/au-bord-dun-canal-paisible\/","og_locale":"fr_FR","og_type":"article","og_title":"[:en]By a peaceful canal[:fr]Au bord d&#039;un canal paisible[:] - Peintre du Rail","og_description":"Huile sur toile 46 x 33 cm","og_url":"https:\/\/predictor943.hrunk.dev\/fr\/product\/au-bord-dun-canal-paisible\/","og_site_name":"Peintre du Rail","article_modified_time":"2021-03-18T14:14:00+00:00","og_image":[{"width":1280,"height":909,"url":"https:\/\/predictor943.hrunk.dev\/wp-content\/uploads\/2020\/08\/IMG_2086.jpeg","type":"image\/jpeg"}],"twitter_card":"summary_large_image","schema":{"@context":"https:\/\/schema.org","@graph":[{"@type":"WebPage","@id":"https:\/\/predictor943.hrunk.dev\/product\/au-bord-dun-canal-paisible\/","url":"https:\/\/predictor943.hrunk.dev\/product\/au-bord-dun-canal-paisible\/","name":"Au bord d'un canal paisible","isPartOf":{"@id":"https:\/\/predictor943.hrunk.dev\/#website"},"primaryImageOfPage":{"@id":"https:\/\/predictor943.hrunk.dev\/product\/au-bord-dun-canal-paisible\/#primaryimage"},"image":{"@id":"https:\/\/predictor943.hrunk.dev\/product\/au-bord-dun-canal-paisible\/#primaryimage"},"thumbnailUrl":"https:\/\/predictor943.hrunk.dev\/wp-content\/uploads\/2020\/08\/IMG_2086.jpeg","datePublished":"2020-08-10T18:15:16+00:00","dateModified":"2021-03-18T14:14:00+00:00","breadcrumb":{"@id":"https:\/\/predictor943.hrunk.dev\/product\/au-bord-dun-canal-paisible\/#breadcrumb"},"inLanguage":"fr-FR","potentialAction":[{"@type":"ReadAction","target":["https:\/\/predictor943.hrunk.dev\/product\/au-bord-dun-canal-paisible\/"]}]},{"@type":"ImageObject","inLanguage":"fr-FR","@id":"https:\/\/predictor943.hrunk.dev\/product\/au-bord-dun-canal-paisible\/#primaryimage","url":"https:\/\/predictor943.hrunk.dev\/wp-content\/uploads\/2020\/08\/IMG_2086.jpeg","contentUrl":"https:\/\/predictor943.hrunk.dev\/wp-content\/uploads\/2020\/08\/IMG_2086.jpeg","width":1280,"height":909},{"@type":"BreadcrumbList","@id":"https:\/\/predictor943.hrunk.dev\/product\/au-bord-dun-canal-paisible\/#breadcrumb","itemListElement":[{"@type":"ListItem","position":1,"name":"Home","item":"https:\/\/predictor943.hrunk.dev\/"},{"@type":"ListItem","position":2,"name":"Buy Prints","item":"https:\/\/predictor943.hrunk.dev\/shop\/"},{"@type":"ListItem","position":3,"name":"By a peaceful canal"}]},{"@type":"WebSite","@id":"https:\/\/predictor943.hrunk.dev\/#website","url":"https:\/\/predictor943.hrunk.dev\/","name":"Peintre du Rail","description":"Chris Ludlow","potentialAction":[{"@type":"SearchAction","target":{"@type":"EntryPoint","urlTemplate":"https:\/\/predictor943.hrunk.dev\/?s={search_term_string}"},"query-input":{"@type":"PropertyValueSpecification","valueRequired":true,"valueName":"search_term_string"}}],"inLanguage":"fr-FR"}]}},"_links":{"self":[{"href":"https:\/\/predictor943.hrunk.dev\/fr\/wp-json\/wp\/v2\/product\/478","targetHints":{"allow":["GET"]}}],"collection":[{"href":"https:\/\/predictor943.hrunk.dev\/fr\/wp-json\/wp\/v2\/product"}],"about":[{"href":"https:\/\/predictor943.hrunk.dev\/fr\/wp-json\/wp\/v2\/types\/product"}],"wp:featuredmedia":[{"embeddable":true,"href":"https:\/\/predictor943.hrunk.dev\/fr\/wp-json\/wp\/v2\/media\/479"}],"wp:attachment":[{"href":"https:\/\/predictor943.hrunk.dev\/fr\/wp-json\/wp\/v2\/media?parent=478"}],"wp:term":[{"taxonomy":"product_brand","embeddable":true,"href":"https:\/\/predictor943.hrunk.dev\/fr\/wp-json\/wp\/v2\/product_brand?post=478"},{"taxonomy":"product_cat","embeddable":true,"href":"https:\/\/predictor943.hrunk.dev\/fr\/wp-json\/wp\/v2\/product_cat?post=478"},{"taxonomy":"product_tag","embeddable":true,"href":"https:\/\/predictor943.hrunk.dev\/fr\/wp-json\/wp\/v2\/product_tag?post=478"}],"curies":[{"name":"wp","href":"https:\/\/api.w.org\/{rel}","templated":true}]}}