{"id":349,"date":"2018-11-04T16:32:53","date_gmt":"2018-11-04T16:32:53","guid":{"rendered":"https:\/\/pdr229.hrunk.com\/?post_type=product&#038;p=349"},"modified":"2020-08-01T20:43:15","modified_gmt":"2020-08-01T20:43:15","slug":"ready-to-leave-for-st-tropez","status":"publish","type":"product","link":"https:\/\/predictor943.hrunk.dev\/fr\/product\/ready-to-leave-for-st-tropez\/","title":{"rendered":"Pr\u00eat a partir pour St Tropez"},"content":{"rendered":"<p>L&#8217;ancien service de navette entre Cogolin et St Tropez se pr\u00e9pare \u00e0 quitter la gare de Cogolin. Ce site est maintenant occup\u00e9 par un b\u00e2timent de bureau de poste tr\u00e8s laid et ordinaire, et la ligne a disparu, bien s\u00fbr. Moins de 10 km de long, il fournissait un service local essentiel pendant pas plus de cinquante ans.<\/p>\n","protected":false},"excerpt":{"rendered":"<p>Huile sur toile 46 x 33 cm<\/p>\n","protected":false},"featured_media":350,"template":"","meta":{"_acf_changed":false},"product_brand":[],"product_cat":[20],"product_tag":[],"class_list":{"0":"post-349","1":"product","2":"type-product","3":"status-publish","4":"has-post-thumbnail","6":"product_cat-gallery","8":"first","9":"instock","10":"shipping-taxable","11":"purchasable","12":"product-type-simple"},"acf":[],"yoast_head":"<!-- This site is optimized with the Yoast SEO plugin v26.5 - https:\/\/yoast.com\/wordpress\/plugins\/seo\/ -->\n<title>Pr\u00eat a partir pour St Tropez<\/title>\n<meta name=\"robots\" content=\"index, follow, max-snippet:-1, max-image-preview:large, max-video-preview:-1\" \/>\n<link rel=\"canonical\" href=\"https:\/\/predictor943.hrunk.dev\/fr\/product\/ready-to-leave-for-st-tropez\/\" \/>\n<meta property=\"og:locale\" content=\"fr_FR\" \/>\n<meta property=\"og:locale:alternate\" content=\"en_GB\" \/>\n<meta property=\"og:type\" content=\"article\" \/>\n<meta property=\"og:title\" content=\"Pr\u00eat a partir pour St Tropez\" \/>\n<meta property=\"og:description\" content=\"Huile sur toile 46 x 33 cm\" \/>\n<meta property=\"og:url\" content=\"https:\/\/predictor943.hrunk.dev\/fr\/product\/ready-to-leave-for-st-tropez\/\" \/>\n<meta property=\"og:site_name\" content=\"Peintre du Rail\" \/>\n<meta property=\"article:modified_time\" content=\"2020-08-01T20:43:15+00:00\" \/>\n<meta property=\"og:image\" content=\"https:\/\/predictor943.hrunk.dev\/wp-content\/uploads\/2018\/11\/ready-to-leave-for-st-tropez.jpg\" \/>\n\t<meta property=\"og:image:width\" content=\"600\" \/>\n\t<meta property=\"og:image:height\" content=\"492\" \/>\n\t<meta property=\"og:image:type\" content=\"image\/jpeg\" \/>\n<meta name=\"twitter:card\" content=\"summary_large_image\" \/>\n<meta name=\"twitter:label1\" content=\"Est. reading time\" \/>\n\t<meta name=\"twitter:data1\" content=\"1 minute\" \/>\n<script type=\"application\/ld+json\" class=\"yoast-schema-graph\">{\"@context\":\"https:\/\/schema.org\",\"@graph\":[{\"@type\":\"WebPage\",\"@id\":\"https:\/\/predictor943.hrunk.dev\/product\/ready-to-leave-for-st-tropez\/\",\"url\":\"https:\/\/predictor943.hrunk.dev\/product\/ready-to-leave-for-st-tropez\/\",\"name\":\"Pr\u00eat a partir pour St Tropez\",\"isPartOf\":{\"@id\":\"https:\/\/predictor943.hrunk.dev\/#website\"},\"primaryImageOfPage\":{\"@id\":\"https:\/\/predictor943.hrunk.dev\/product\/ready-to-leave-for-st-tropez\/#primaryimage\"},\"image\":{\"@id\":\"https:\/\/predictor943.hrunk.dev\/product\/ready-to-leave-for-st-tropez\/#primaryimage\"},\"thumbnailUrl\":\"https:\/\/predictor943.hrunk.dev\/wp-content\/uploads\/2018\/11\/ready-to-leave-for-st-tropez.jpg\",\"datePublished\":\"2018-11-04T16:32:53+00:00\",\"dateModified\":\"2020-08-01T20:43:15+00:00\",\"breadcrumb\":{\"@id\":\"https:\/\/predictor943.hrunk.dev\/product\/ready-to-leave-for-st-tropez\/#breadcrumb\"},\"inLanguage\":\"fr-FR\",\"potentialAction\":[{\"@type\":\"ReadAction\",\"target\":[\"https:\/\/predictor943.hrunk.dev\/product\/ready-to-leave-for-st-tropez\/\"]}]},{\"@type\":\"ImageObject\",\"inLanguage\":\"fr-FR\",\"@id\":\"https:\/\/predictor943.hrunk.dev\/product\/ready-to-leave-for-st-tropez\/#primaryimage\",\"url\":\"https:\/\/predictor943.hrunk.dev\/wp-content\/uploads\/2018\/11\/ready-to-leave-for-st-tropez.jpg\",\"contentUrl\":\"https:\/\/predictor943.hrunk.dev\/wp-content\/uploads\/2018\/11\/ready-to-leave-for-st-tropez.jpg\",\"width\":600,\"height\":492},{\"@type\":\"BreadcrumbList\",\"@id\":\"https:\/\/predictor943.hrunk.dev\/product\/ready-to-leave-for-st-tropez\/#breadcrumb\",\"itemListElement\":[{\"@type\":\"ListItem\",\"position\":1,\"name\":\"Home\",\"item\":\"https:\/\/predictor943.hrunk.dev\/\"},{\"@type\":\"ListItem\",\"position\":2,\"name\":\"Buy Prints\",\"item\":\"https:\/\/predictor943.hrunk.dev\/shop\/\"},{\"@type\":\"ListItem\",\"position\":3,\"name\":\"Pr\u00eat a partir pour St Tropez\"}]},{\"@type\":\"WebSite\",\"@id\":\"https:\/\/predictor943.hrunk.dev\/#website\",\"url\":\"https:\/\/predictor943.hrunk.dev\/\",\"name\":\"Peintre du Rail\",\"description\":\"Chris Ludlow\",\"potentialAction\":[{\"@type\":\"SearchAction\",\"target\":{\"@type\":\"EntryPoint\",\"urlTemplate\":\"https:\/\/predictor943.hrunk.dev\/?s={search_term_string}\"},\"query-input\":{\"@type\":\"PropertyValueSpecification\",\"valueRequired\":true,\"valueName\":\"search_term_string\"}}],\"inLanguage\":\"fr-FR\"}]}<\/script>\n<!-- \/ Yoast SEO plugin. -->","yoast_head_json":{"title":"Pr\u00eat a partir pour St Tropez","robots":{"index":"index","follow":"follow","max-snippet":"max-snippet:-1","max-image-preview":"max-image-preview:large","max-video-preview":"max-video-preview:-1"},"canonical":"https:\/\/predictor943.hrunk.dev\/fr\/product\/ready-to-leave-for-st-tropez\/","og_locale":"fr_FR","og_type":"article","og_title":"[:en]Pr\u00eat a partir pour St Tropez[:fr]Pr\u00eat a partir pour St Tropez[:] - Peintre du Rail","og_description":"Huile sur toile 46 x 33 cm","og_url":"https:\/\/predictor943.hrunk.dev\/fr\/product\/ready-to-leave-for-st-tropez\/","og_site_name":"Peintre du Rail","article_modified_time":"2020-08-01T20:43:15+00:00","og_image":[{"width":600,"height":492,"url":"https:\/\/predictor943.hrunk.dev\/wp-content\/uploads\/2018\/11\/ready-to-leave-for-st-tropez.jpg","type":"image\/jpeg"}],"twitter_card":"summary_large_image","twitter_misc":{"Est. reading time":"1 minute"},"schema":{"@context":"https:\/\/schema.org","@graph":[{"@type":"WebPage","@id":"https:\/\/predictor943.hrunk.dev\/product\/ready-to-leave-for-st-tropez\/","url":"https:\/\/predictor943.hrunk.dev\/product\/ready-to-leave-for-st-tropez\/","name":"Pr\u00eat a partir pour St Tropez","isPartOf":{"@id":"https:\/\/predictor943.hrunk.dev\/#website"},"primaryImageOfPage":{"@id":"https:\/\/predictor943.hrunk.dev\/product\/ready-to-leave-for-st-tropez\/#primaryimage"},"image":{"@id":"https:\/\/predictor943.hrunk.dev\/product\/ready-to-leave-for-st-tropez\/#primaryimage"},"thumbnailUrl":"https:\/\/predictor943.hrunk.dev\/wp-content\/uploads\/2018\/11\/ready-to-leave-for-st-tropez.jpg","datePublished":"2018-11-04T16:32:53+00:00","dateModified":"2020-08-01T20:43:15+00:00","breadcrumb":{"@id":"https:\/\/predictor943.hrunk.dev\/product\/ready-to-leave-for-st-tropez\/#breadcrumb"},"inLanguage":"fr-FR","potentialAction":[{"@type":"ReadAction","target":["https:\/\/predictor943.hrunk.dev\/product\/ready-to-leave-for-st-tropez\/"]}]},{"@type":"ImageObject","inLanguage":"fr-FR","@id":"https:\/\/predictor943.hrunk.dev\/product\/ready-to-leave-for-st-tropez\/#primaryimage","url":"https:\/\/predictor943.hrunk.dev\/wp-content\/uploads\/2018\/11\/ready-to-leave-for-st-tropez.jpg","contentUrl":"https:\/\/predictor943.hrunk.dev\/wp-content\/uploads\/2018\/11\/ready-to-leave-for-st-tropez.jpg","width":600,"height":492},{"@type":"BreadcrumbList","@id":"https:\/\/predictor943.hrunk.dev\/product\/ready-to-leave-for-st-tropez\/#breadcrumb","itemListElement":[{"@type":"ListItem","position":1,"name":"Home","item":"https:\/\/predictor943.hrunk.dev\/"},{"@type":"ListItem","position":2,"name":"Buy Prints","item":"https:\/\/predictor943.hrunk.dev\/shop\/"},{"@type":"ListItem","position":3,"name":"Pr\u00eat a partir pour St Tropez"}]},{"@type":"WebSite","@id":"https:\/\/predictor943.hrunk.dev\/#website","url":"https:\/\/predictor943.hrunk.dev\/","name":"Peintre du Rail","description":"Chris Ludlow","potentialAction":[{"@type":"SearchAction","target":{"@type":"EntryPoint","urlTemplate":"https:\/\/predictor943.hrunk.dev\/?s={search_term_string}"},"query-input":{"@type":"PropertyValueSpecification","valueRequired":true,"valueName":"search_term_string"}}],"inLanguage":"fr-FR"}]}},"_links":{"self":[{"href":"https:\/\/predictor943.hrunk.dev\/fr\/wp-json\/wp\/v2\/product\/349","targetHints":{"allow":["GET"]}}],"collection":[{"href":"https:\/\/predictor943.hrunk.dev\/fr\/wp-json\/wp\/v2\/product"}],"about":[{"href":"https:\/\/predictor943.hrunk.dev\/fr\/wp-json\/wp\/v2\/types\/product"}],"wp:featuredmedia":[{"embeddable":true,"href":"https:\/\/predictor943.hrunk.dev\/fr\/wp-json\/wp\/v2\/media\/350"}],"wp:attachment":[{"href":"https:\/\/predictor943.hrunk.dev\/fr\/wp-json\/wp\/v2\/media?parent=349"}],"wp:term":[{"taxonomy":"product_brand","embeddable":true,"href":"https:\/\/predictor943.hrunk.dev\/fr\/wp-json\/wp\/v2\/product_brand?post=349"},{"taxonomy":"product_cat","embeddable":true,"href":"https:\/\/predictor943.hrunk.dev\/fr\/wp-json\/wp\/v2\/product_cat?post=349"},{"taxonomy":"product_tag","embeddable":true,"href":"https:\/\/predictor943.hrunk.dev\/fr\/wp-json\/wp\/v2\/product_tag?post=349"}],"curies":[{"name":"wp","href":"https:\/\/api.w.org\/{rel}","templated":true}]}}