{"id":322,"date":"2018-11-04T16:23:15","date_gmt":"2018-11-04T16:23:15","guid":{"rendered":"https:\/\/pdr229.hrunk.com\/?post_type=product&#038;p=322"},"modified":"2021-03-18T14:14:20","modified_gmt":"2021-03-18T14:14:20","slug":"all-out","status":"publish","type":"product","link":"https:\/\/predictor943.hrunk.dev\/fr\/product\/all-out\/","title":{"rendered":"En plein effort"},"content":{"rendered":"<div align=\"left\">\n<p>Une locomotive de type 141R, construite aux Etats Unis, prend d\u2019assaut une rampe dans le centre de la France. Ces locomotives de l\u2019apr\u00e8s-guerre \u00e0 deux cylindres se sont faites, dans le plus pur style am\u00e9ricain, une r\u00e9putation d\u2019avaler le travail, et pas en silence ! Elles \u00e9taient tr\u00e8s aim\u00e9es des \u00e9quipes et surv\u00e9curent jusqu\u2019\u00e0 la fin de l\u2019\u00e8re de la vapeur fran\u00e7aise. Plusieurs exemplaires sont pr\u00e9serv\u00e9s.<\/p>\n<\/div>\n","protected":false},"excerpt":{"rendered":"<div class=\"info\">\n<p class=\"sizes\">Huile sur toile 46 x 38 cm<\/p>\n<\/div>\n","protected":false},"featured_media":323,"template":"","meta":{"_acf_changed":false},"product_brand":[],"product_cat":[20,19],"product_tag":[],"class_list":{"0":"post-322","1":"product","2":"type-product","3":"status-publish","4":"has-post-thumbnail","6":"product_cat-gallery","7":"product_cat-not-for-sale","9":"first","10":"outofstock","11":"shipping-taxable","12":"product-type-simple"},"acf":[],"yoast_head":"<!-- This site is optimized with the Yoast SEO plugin v26.5 - https:\/\/yoast.com\/wordpress\/plugins\/seo\/ -->\n<title>En plein effort<\/title>\n<meta name=\"robots\" content=\"index, follow, max-snippet:-1, max-image-preview:large, max-video-preview:-1\" \/>\n<link rel=\"canonical\" href=\"https:\/\/predictor943.hrunk.dev\/fr\/product\/all-out\/\" \/>\n<meta property=\"og:locale\" content=\"fr_FR\" \/>\n<meta property=\"og:locale:alternate\" content=\"en_GB\" \/>\n<meta property=\"og:type\" content=\"article\" \/>\n<meta property=\"og:title\" content=\"En plein effort\" \/>\n<meta property=\"og:description\" content=\"Huile sur toile 46 x 38 cm\" \/>\n<meta property=\"og:url\" content=\"https:\/\/predictor943.hrunk.dev\/fr\/product\/all-out\/\" \/>\n<meta property=\"og:site_name\" content=\"Peintre du Rail\" \/>\n<meta property=\"article:modified_time\" content=\"2021-03-18T14:14:20+00:00\" \/>\n<meta property=\"og:image\" content=\"https:\/\/predictor943.hrunk.dev\/wp-content\/uploads\/2018\/11\/downhill_lg.jpg\" \/>\n\t<meta property=\"og:image:width\" content=\"325\" \/>\n\t<meta property=\"og:image:height\" content=\"398\" \/>\n\t<meta property=\"og:image:type\" content=\"image\/jpeg\" \/>\n<meta name=\"twitter:card\" content=\"summary_large_image\" \/>\n<meta name=\"twitter:label1\" content=\"Est. reading time\" \/>\n\t<meta name=\"twitter:data1\" content=\"1 minute\" \/>\n<script type=\"application\/ld+json\" class=\"yoast-schema-graph\">{\"@context\":\"https:\/\/schema.org\",\"@graph\":[{\"@type\":\"WebPage\",\"@id\":\"https:\/\/predictor943.hrunk.dev\/product\/all-out\/\",\"url\":\"https:\/\/predictor943.hrunk.dev\/product\/all-out\/\",\"name\":\"En plein effort\",\"isPartOf\":{\"@id\":\"https:\/\/predictor943.hrunk.dev\/#website\"},\"primaryImageOfPage\":{\"@id\":\"https:\/\/predictor943.hrunk.dev\/product\/all-out\/#primaryimage\"},\"image\":{\"@id\":\"https:\/\/predictor943.hrunk.dev\/product\/all-out\/#primaryimage\"},\"thumbnailUrl\":\"https:\/\/predictor943.hrunk.dev\/wp-content\/uploads\/2018\/11\/downhill_lg.jpg\",\"datePublished\":\"2018-11-04T16:23:15+00:00\",\"dateModified\":\"2021-03-18T14:14:20+00:00\",\"breadcrumb\":{\"@id\":\"https:\/\/predictor943.hrunk.dev\/product\/all-out\/#breadcrumb\"},\"inLanguage\":\"fr-FR\",\"potentialAction\":[{\"@type\":\"ReadAction\",\"target\":[\"https:\/\/predictor943.hrunk.dev\/product\/all-out\/\"]}]},{\"@type\":\"ImageObject\",\"inLanguage\":\"fr-FR\",\"@id\":\"https:\/\/predictor943.hrunk.dev\/product\/all-out\/#primaryimage\",\"url\":\"https:\/\/predictor943.hrunk.dev\/wp-content\/uploads\/2018\/11\/downhill_lg.jpg\",\"contentUrl\":\"https:\/\/predictor943.hrunk.dev\/wp-content\/uploads\/2018\/11\/downhill_lg.jpg\",\"width\":325,\"height\":398},{\"@type\":\"BreadcrumbList\",\"@id\":\"https:\/\/predictor943.hrunk.dev\/product\/all-out\/#breadcrumb\",\"itemListElement\":[{\"@type\":\"ListItem\",\"position\":1,\"name\":\"Home\",\"item\":\"https:\/\/predictor943.hrunk.dev\/\"},{\"@type\":\"ListItem\",\"position\":2,\"name\":\"Buy Prints\",\"item\":\"https:\/\/predictor943.hrunk.dev\/shop\/\"},{\"@type\":\"ListItem\",\"position\":3,\"name\":\"All out\"}]},{\"@type\":\"WebSite\",\"@id\":\"https:\/\/predictor943.hrunk.dev\/#website\",\"url\":\"https:\/\/predictor943.hrunk.dev\/\",\"name\":\"Peintre du Rail\",\"description\":\"Chris Ludlow\",\"potentialAction\":[{\"@type\":\"SearchAction\",\"target\":{\"@type\":\"EntryPoint\",\"urlTemplate\":\"https:\/\/predictor943.hrunk.dev\/?s={search_term_string}\"},\"query-input\":{\"@type\":\"PropertyValueSpecification\",\"valueRequired\":true,\"valueName\":\"search_term_string\"}}],\"inLanguage\":\"fr-FR\"}]}<\/script>\n<!-- \/ Yoast SEO plugin. -->","yoast_head_json":{"title":"En plein effort","robots":{"index":"index","follow":"follow","max-snippet":"max-snippet:-1","max-image-preview":"max-image-preview:large","max-video-preview":"max-video-preview:-1"},"canonical":"https:\/\/predictor943.hrunk.dev\/fr\/product\/all-out\/","og_locale":"fr_FR","og_type":"article","og_title":"[:en]All out[:fr]En plein effort[:] - Peintre du Rail","og_description":"Huile sur toile 46 x 38 cm","og_url":"https:\/\/predictor943.hrunk.dev\/fr\/product\/all-out\/","og_site_name":"Peintre du Rail","article_modified_time":"2021-03-18T14:14:20+00:00","og_image":[{"width":325,"height":398,"url":"https:\/\/predictor943.hrunk.dev\/wp-content\/uploads\/2018\/11\/downhill_lg.jpg","type":"image\/jpeg"}],"twitter_card":"summary_large_image","twitter_misc":{"Est. reading time":"1 minute"},"schema":{"@context":"https:\/\/schema.org","@graph":[{"@type":"WebPage","@id":"https:\/\/predictor943.hrunk.dev\/product\/all-out\/","url":"https:\/\/predictor943.hrunk.dev\/product\/all-out\/","name":"En plein effort","isPartOf":{"@id":"https:\/\/predictor943.hrunk.dev\/#website"},"primaryImageOfPage":{"@id":"https:\/\/predictor943.hrunk.dev\/product\/all-out\/#primaryimage"},"image":{"@id":"https:\/\/predictor943.hrunk.dev\/product\/all-out\/#primaryimage"},"thumbnailUrl":"https:\/\/predictor943.hrunk.dev\/wp-content\/uploads\/2018\/11\/downhill_lg.jpg","datePublished":"2018-11-04T16:23:15+00:00","dateModified":"2021-03-18T14:14:20+00:00","breadcrumb":{"@id":"https:\/\/predictor943.hrunk.dev\/product\/all-out\/#breadcrumb"},"inLanguage":"fr-FR","potentialAction":[{"@type":"ReadAction","target":["https:\/\/predictor943.hrunk.dev\/product\/all-out\/"]}]},{"@type":"ImageObject","inLanguage":"fr-FR","@id":"https:\/\/predictor943.hrunk.dev\/product\/all-out\/#primaryimage","url":"https:\/\/predictor943.hrunk.dev\/wp-content\/uploads\/2018\/11\/downhill_lg.jpg","contentUrl":"https:\/\/predictor943.hrunk.dev\/wp-content\/uploads\/2018\/11\/downhill_lg.jpg","width":325,"height":398},{"@type":"BreadcrumbList","@id":"https:\/\/predictor943.hrunk.dev\/product\/all-out\/#breadcrumb","itemListElement":[{"@type":"ListItem","position":1,"name":"Home","item":"https:\/\/predictor943.hrunk.dev\/"},{"@type":"ListItem","position":2,"name":"Buy Prints","item":"https:\/\/predictor943.hrunk.dev\/shop\/"},{"@type":"ListItem","position":3,"name":"All out"}]},{"@type":"WebSite","@id":"https:\/\/predictor943.hrunk.dev\/#website","url":"https:\/\/predictor943.hrunk.dev\/","name":"Peintre du Rail","description":"Chris Ludlow","potentialAction":[{"@type":"SearchAction","target":{"@type":"EntryPoint","urlTemplate":"https:\/\/predictor943.hrunk.dev\/?s={search_term_string}"},"query-input":{"@type":"PropertyValueSpecification","valueRequired":true,"valueName":"search_term_string"}}],"inLanguage":"fr-FR"}]}},"_links":{"self":[{"href":"https:\/\/predictor943.hrunk.dev\/fr\/wp-json\/wp\/v2\/product\/322","targetHints":{"allow":["GET"]}}],"collection":[{"href":"https:\/\/predictor943.hrunk.dev\/fr\/wp-json\/wp\/v2\/product"}],"about":[{"href":"https:\/\/predictor943.hrunk.dev\/fr\/wp-json\/wp\/v2\/types\/product"}],"wp:featuredmedia":[{"embeddable":true,"href":"https:\/\/predictor943.hrunk.dev\/fr\/wp-json\/wp\/v2\/media\/323"}],"wp:attachment":[{"href":"https:\/\/predictor943.hrunk.dev\/fr\/wp-json\/wp\/v2\/media?parent=322"}],"wp:term":[{"taxonomy":"product_brand","embeddable":true,"href":"https:\/\/predictor943.hrunk.dev\/fr\/wp-json\/wp\/v2\/product_brand?post=322"},{"taxonomy":"product_cat","embeddable":true,"href":"https:\/\/predictor943.hrunk.dev\/fr\/wp-json\/wp\/v2\/product_cat?post=322"},{"taxonomy":"product_tag","embeddable":true,"href":"https:\/\/predictor943.hrunk.dev\/fr\/wp-json\/wp\/v2\/product_tag?post=322"}],"curies":[{"name":"wp","href":"https:\/\/api.w.org\/{rel}","templated":true}]}}