{"id":313,"date":"2018-11-04T16:20:53","date_gmt":"2018-11-04T16:20:53","guid":{"rendered":"https:\/\/pdr229.hrunk.com\/?post_type=product&#038;p=313"},"modified":"2021-03-18T14:14:35","modified_gmt":"2021-03-18T14:14:35","slug":"speed-in-grey","status":"publish","type":"product","link":"https:\/\/predictor943.hrunk.dev\/fr\/product\/speed-in-grey\/","title":{"rendered":"Vitesse en gris"},"content":{"rendered":"<p>Une Pacific modifi\u00e9e par Chapelon du r\u00e9seau Paris Orl\u00e9ans fonce vers le sud avec son express. La locomotive est dans la livr\u00e9e \u201cgris artillerie\u201d du PO. Celle-ci fait partie de la deuxi\u00e8me s\u00e9rie de reconstruction des Pacifics PO d\u2019origine par Andr\u00e9 Chapelon, qui \u00e9taient les plus puissantes de leur cat\u00e9gorie en France, reconnaissables \u00e0 leur tablier inclin\u00e9 et leurs grandes sabli\u00e8res.<\/p>\n","protected":false},"excerpt":{"rendered":"<div class=\"info\">\n<p class=\"sizes\">Huile sur toile 41 x 51 cm<\/p>\n<\/div>\n","protected":false},"featured_media":314,"template":"","meta":{"_acf_changed":false},"product_brand":[],"product_cat":[20,19],"product_tag":[],"class_list":{"0":"post-313","1":"product","2":"type-product","3":"status-publish","4":"has-post-thumbnail","6":"product_cat-gallery","7":"product_cat-not-for-sale","9":"first","10":"outofstock","11":"shipping-taxable","12":"product-type-simple"},"acf":[],"yoast_head":"<!-- This site is optimized with the Yoast SEO plugin v26.5 - https:\/\/yoast.com\/wordpress\/plugins\/seo\/ -->\n<title>Vitesse en gris<\/title>\n<meta name=\"robots\" content=\"index, follow, max-snippet:-1, max-image-preview:large, max-video-preview:-1\" \/>\n<link rel=\"canonical\" href=\"https:\/\/predictor943.hrunk.dev\/fr\/product\/speed-in-grey\/\" \/>\n<meta property=\"og:locale\" content=\"fr_FR\" \/>\n<meta property=\"og:locale:alternate\" content=\"en_GB\" \/>\n<meta property=\"og:type\" content=\"article\" \/>\n<meta property=\"og:title\" content=\"Vitesse en gris\" \/>\n<meta property=\"og:description\" content=\"Huile sur toile 41 x 51 cm\" \/>\n<meta property=\"og:url\" content=\"https:\/\/predictor943.hrunk.dev\/fr\/product\/speed-in-grey\/\" \/>\n<meta property=\"og:site_name\" content=\"Peintre du Rail\" \/>\n<meta property=\"article:modified_time\" content=\"2021-03-18T14:14:35+00:00\" \/>\n<meta property=\"og:image\" content=\"https:\/\/predictor943.hrunk.dev\/wp-content\/uploads\/2018\/11\/vitengris_lg.jpg\" \/>\n\t<meta property=\"og:image:width\" content=\"399\" \/>\n\t<meta property=\"og:image:height\" content=\"298\" \/>\n\t<meta property=\"og:image:type\" content=\"image\/jpeg\" \/>\n<meta name=\"twitter:card\" content=\"summary_large_image\" \/>\n<meta name=\"twitter:label1\" content=\"Est. reading time\" \/>\n\t<meta name=\"twitter:data1\" content=\"1 minute\" \/>\n<script type=\"application\/ld+json\" class=\"yoast-schema-graph\">{\"@context\":\"https:\/\/schema.org\",\"@graph\":[{\"@type\":\"WebPage\",\"@id\":\"https:\/\/predictor943.hrunk.dev\/product\/speed-in-grey\/\",\"url\":\"https:\/\/predictor943.hrunk.dev\/product\/speed-in-grey\/\",\"name\":\"Vitesse en gris\",\"isPartOf\":{\"@id\":\"https:\/\/predictor943.hrunk.dev\/#website\"},\"primaryImageOfPage\":{\"@id\":\"https:\/\/predictor943.hrunk.dev\/product\/speed-in-grey\/#primaryimage\"},\"image\":{\"@id\":\"https:\/\/predictor943.hrunk.dev\/product\/speed-in-grey\/#primaryimage\"},\"thumbnailUrl\":\"https:\/\/predictor943.hrunk.dev\/wp-content\/uploads\/2018\/11\/vitengris_lg.jpg\",\"datePublished\":\"2018-11-04T16:20:53+00:00\",\"dateModified\":\"2021-03-18T14:14:35+00:00\",\"breadcrumb\":{\"@id\":\"https:\/\/predictor943.hrunk.dev\/product\/speed-in-grey\/#breadcrumb\"},\"inLanguage\":\"fr-FR\",\"potentialAction\":[{\"@type\":\"ReadAction\",\"target\":[\"https:\/\/predictor943.hrunk.dev\/product\/speed-in-grey\/\"]}]},{\"@type\":\"ImageObject\",\"inLanguage\":\"fr-FR\",\"@id\":\"https:\/\/predictor943.hrunk.dev\/product\/speed-in-grey\/#primaryimage\",\"url\":\"https:\/\/predictor943.hrunk.dev\/wp-content\/uploads\/2018\/11\/vitengris_lg.jpg\",\"contentUrl\":\"https:\/\/predictor943.hrunk.dev\/wp-content\/uploads\/2018\/11\/vitengris_lg.jpg\",\"width\":399,\"height\":298},{\"@type\":\"BreadcrumbList\",\"@id\":\"https:\/\/predictor943.hrunk.dev\/product\/speed-in-grey\/#breadcrumb\",\"itemListElement\":[{\"@type\":\"ListItem\",\"position\":1,\"name\":\"Home\",\"item\":\"https:\/\/predictor943.hrunk.dev\/\"},{\"@type\":\"ListItem\",\"position\":2,\"name\":\"Buy Prints\",\"item\":\"https:\/\/predictor943.hrunk.dev\/shop\/\"},{\"@type\":\"ListItem\",\"position\":3,\"name\":\"Speed in grey\"}]},{\"@type\":\"WebSite\",\"@id\":\"https:\/\/predictor943.hrunk.dev\/#website\",\"url\":\"https:\/\/predictor943.hrunk.dev\/\",\"name\":\"Peintre du Rail\",\"description\":\"Chris Ludlow\",\"potentialAction\":[{\"@type\":\"SearchAction\",\"target\":{\"@type\":\"EntryPoint\",\"urlTemplate\":\"https:\/\/predictor943.hrunk.dev\/?s={search_term_string}\"},\"query-input\":{\"@type\":\"PropertyValueSpecification\",\"valueRequired\":true,\"valueName\":\"search_term_string\"}}],\"inLanguage\":\"fr-FR\"}]}<\/script>\n<!-- \/ Yoast SEO plugin. -->","yoast_head_json":{"title":"Vitesse en gris","robots":{"index":"index","follow":"follow","max-snippet":"max-snippet:-1","max-image-preview":"max-image-preview:large","max-video-preview":"max-video-preview:-1"},"canonical":"https:\/\/predictor943.hrunk.dev\/fr\/product\/speed-in-grey\/","og_locale":"fr_FR","og_type":"article","og_title":"[:en]Speed in grey[:fr]Vitesse en gris[:] - Peintre du Rail","og_description":"Huile sur toile 41 x 51 cm","og_url":"https:\/\/predictor943.hrunk.dev\/fr\/product\/speed-in-grey\/","og_site_name":"Peintre du Rail","article_modified_time":"2021-03-18T14:14:35+00:00","og_image":[{"width":399,"height":298,"url":"https:\/\/predictor943.hrunk.dev\/wp-content\/uploads\/2018\/11\/vitengris_lg.jpg","type":"image\/jpeg"}],"twitter_card":"summary_large_image","twitter_misc":{"Est. reading time":"1 minute"},"schema":{"@context":"https:\/\/schema.org","@graph":[{"@type":"WebPage","@id":"https:\/\/predictor943.hrunk.dev\/product\/speed-in-grey\/","url":"https:\/\/predictor943.hrunk.dev\/product\/speed-in-grey\/","name":"Vitesse en gris","isPartOf":{"@id":"https:\/\/predictor943.hrunk.dev\/#website"},"primaryImageOfPage":{"@id":"https:\/\/predictor943.hrunk.dev\/product\/speed-in-grey\/#primaryimage"},"image":{"@id":"https:\/\/predictor943.hrunk.dev\/product\/speed-in-grey\/#primaryimage"},"thumbnailUrl":"https:\/\/predictor943.hrunk.dev\/wp-content\/uploads\/2018\/11\/vitengris_lg.jpg","datePublished":"2018-11-04T16:20:53+00:00","dateModified":"2021-03-18T14:14:35+00:00","breadcrumb":{"@id":"https:\/\/predictor943.hrunk.dev\/product\/speed-in-grey\/#breadcrumb"},"inLanguage":"fr-FR","potentialAction":[{"@type":"ReadAction","target":["https:\/\/predictor943.hrunk.dev\/product\/speed-in-grey\/"]}]},{"@type":"ImageObject","inLanguage":"fr-FR","@id":"https:\/\/predictor943.hrunk.dev\/product\/speed-in-grey\/#primaryimage","url":"https:\/\/predictor943.hrunk.dev\/wp-content\/uploads\/2018\/11\/vitengris_lg.jpg","contentUrl":"https:\/\/predictor943.hrunk.dev\/wp-content\/uploads\/2018\/11\/vitengris_lg.jpg","width":399,"height":298},{"@type":"BreadcrumbList","@id":"https:\/\/predictor943.hrunk.dev\/product\/speed-in-grey\/#breadcrumb","itemListElement":[{"@type":"ListItem","position":1,"name":"Home","item":"https:\/\/predictor943.hrunk.dev\/"},{"@type":"ListItem","position":2,"name":"Buy Prints","item":"https:\/\/predictor943.hrunk.dev\/shop\/"},{"@type":"ListItem","position":3,"name":"Speed in grey"}]},{"@type":"WebSite","@id":"https:\/\/predictor943.hrunk.dev\/#website","url":"https:\/\/predictor943.hrunk.dev\/","name":"Peintre du Rail","description":"Chris Ludlow","potentialAction":[{"@type":"SearchAction","target":{"@type":"EntryPoint","urlTemplate":"https:\/\/predictor943.hrunk.dev\/?s={search_term_string}"},"query-input":{"@type":"PropertyValueSpecification","valueRequired":true,"valueName":"search_term_string"}}],"inLanguage":"fr-FR"}]}},"_links":{"self":[{"href":"https:\/\/predictor943.hrunk.dev\/fr\/wp-json\/wp\/v2\/product\/313","targetHints":{"allow":["GET"]}}],"collection":[{"href":"https:\/\/predictor943.hrunk.dev\/fr\/wp-json\/wp\/v2\/product"}],"about":[{"href":"https:\/\/predictor943.hrunk.dev\/fr\/wp-json\/wp\/v2\/types\/product"}],"wp:featuredmedia":[{"embeddable":true,"href":"https:\/\/predictor943.hrunk.dev\/fr\/wp-json\/wp\/v2\/media\/314"}],"wp:attachment":[{"href":"https:\/\/predictor943.hrunk.dev\/fr\/wp-json\/wp\/v2\/media?parent=313"}],"wp:term":[{"taxonomy":"product_brand","embeddable":true,"href":"https:\/\/predictor943.hrunk.dev\/fr\/wp-json\/wp\/v2\/product_brand?post=313"},{"taxonomy":"product_cat","embeddable":true,"href":"https:\/\/predictor943.hrunk.dev\/fr\/wp-json\/wp\/v2\/product_cat?post=313"},{"taxonomy":"product_tag","embeddable":true,"href":"https:\/\/predictor943.hrunk.dev\/fr\/wp-json\/wp\/v2\/product_tag?post=313"}],"curies":[{"name":"wp","href":"https:\/\/api.w.org\/{rel}","templated":true}]}}