{"id":253,"date":"2018-11-04T16:05:41","date_gmt":"2018-11-04T16:05:41","guid":{"rendered":"https:\/\/pdr229.hrunk.com\/?post_type=product&#038;p=253"},"modified":"2021-03-18T14:14:22","modified_gmt":"2021-03-18T14:14:22","slug":"lost-at-sea","status":"publish","type":"product","link":"https:\/\/predictor943.hrunk.dev\/fr\/product\/lost-at-sea\/","title":{"rendered":"Perdue an mer"},"content":{"rendered":"<p>Le 14 Avril 1947, le navire cargo norv\u00e9gien, le SS \u201cBelpamela\u201d coula lors d\u2019une temp\u00eate dans l\u2019Atlantique Nord. Son cargo \u00e9tait constitu\u00e9 de 17 locomotives \u00e0 vapeur de la classe 141R, fabriqu\u00e9es aux Etats-Unis pour les Chemins de Fer Fran\u00e7ais en remplacement des locomotives d\u00e9truites pendant la Deuxi\u00e8me Guerre Mondiale. Ici, l\u2019on voit la 141R1234, ou son fant\u00f4me, \u201cperdue en mer\u201d, condamn\u00e9 \u00e0 la derive sur une plaque tournante sans issue, pendant que le \u201cBelpamela\u201d, ou son fant\u00f4me, passe au loin \u00e0 l\u2019horizon.<\/p>\n<p>J\u2019appartiens au groupe des peintres \u201cMaxir\u00e9alistes\u201d dont Dan Jacobsen est le leader et cette grande toile a \u00e9t\u00e9 peinte pour \u00eatre expos\u00e9e \u00e0 l\u2019exposition annuelle du Salon d\u2019Automne, \u201cArt en Capital\u201d, qui se compose de cinq salons individuels et qui est l\u2019\u00e9v\u00e8nement artistique en France. Celui-ci a lieu dans le cadre magnifique du Grand Palais sur les Champs Elys\u00e9es \u00e0 Paris.<\/p>\n","protected":false},"excerpt":{"rendered":"<div class=\"info\">\n<p class=\"sizes\">Huile sur toile 100 x 100 cm<\/p>\n<\/div>\n","protected":false},"featured_media":254,"template":"","meta":{"_acf_changed":false},"product_brand":[],"product_cat":[20,19],"product_tag":[],"class_list":{"0":"post-253","1":"product","2":"type-product","3":"status-publish","4":"has-post-thumbnail","6":"product_cat-gallery","7":"product_cat-not-for-sale","9":"first","10":"outofstock","11":"shipping-taxable","12":"product-type-simple"},"acf":[],"yoast_head":"<!-- This site is optimized with the Yoast SEO plugin v26.5 - https:\/\/yoast.com\/wordpress\/plugins\/seo\/ -->\n<title>Perdue an mer<\/title>\n<meta name=\"robots\" content=\"index, follow, max-snippet:-1, max-image-preview:large, max-video-preview:-1\" \/>\n<link rel=\"canonical\" href=\"https:\/\/predictor943.hrunk.dev\/fr\/product\/lost-at-sea\/\" \/>\n<meta property=\"og:locale\" content=\"fr_FR\" \/>\n<meta property=\"og:locale:alternate\" content=\"en_GB\" \/>\n<meta property=\"og:type\" content=\"article\" \/>\n<meta property=\"og:title\" content=\"Perdue an mer\" \/>\n<meta property=\"og:description\" content=\"Huile sur toile 100 x 100 cm\" \/>\n<meta property=\"og:url\" content=\"https:\/\/predictor943.hrunk.dev\/fr\/product\/lost-at-sea\/\" \/>\n<meta property=\"og:site_name\" content=\"Peintre du Rail\" \/>\n<meta property=\"article:modified_time\" content=\"2021-03-18T14:14:22+00:00\" \/>\n<meta property=\"og:image\" content=\"https:\/\/predictor943.hrunk.dev\/wp-content\/uploads\/2018\/11\/lostatsea_lg.jpg\" \/>\n\t<meta property=\"og:image:width\" content=\"368\" \/>\n\t<meta property=\"og:image:height\" content=\"366\" \/>\n\t<meta property=\"og:image:type\" content=\"image\/jpeg\" \/>\n<meta name=\"twitter:card\" content=\"summary_large_image\" \/>\n<meta name=\"twitter:label1\" content=\"Est. reading time\" \/>\n\t<meta name=\"twitter:data1\" content=\"1 minute\" \/>\n<script type=\"application\/ld+json\" class=\"yoast-schema-graph\">{\"@context\":\"https:\/\/schema.org\",\"@graph\":[{\"@type\":\"WebPage\",\"@id\":\"https:\/\/predictor943.hrunk.dev\/product\/lost-at-sea\/\",\"url\":\"https:\/\/predictor943.hrunk.dev\/product\/lost-at-sea\/\",\"name\":\"Perdue an mer\",\"isPartOf\":{\"@id\":\"https:\/\/predictor943.hrunk.dev\/#website\"},\"primaryImageOfPage\":{\"@id\":\"https:\/\/predictor943.hrunk.dev\/product\/lost-at-sea\/#primaryimage\"},\"image\":{\"@id\":\"https:\/\/predictor943.hrunk.dev\/product\/lost-at-sea\/#primaryimage\"},\"thumbnailUrl\":\"https:\/\/predictor943.hrunk.dev\/wp-content\/uploads\/2018\/11\/lostatsea_lg.jpg\",\"datePublished\":\"2018-11-04T16:05:41+00:00\",\"dateModified\":\"2021-03-18T14:14:22+00:00\",\"breadcrumb\":{\"@id\":\"https:\/\/predictor943.hrunk.dev\/product\/lost-at-sea\/#breadcrumb\"},\"inLanguage\":\"fr-FR\",\"potentialAction\":[{\"@type\":\"ReadAction\",\"target\":[\"https:\/\/predictor943.hrunk.dev\/product\/lost-at-sea\/\"]}]},{\"@type\":\"ImageObject\",\"inLanguage\":\"fr-FR\",\"@id\":\"https:\/\/predictor943.hrunk.dev\/product\/lost-at-sea\/#primaryimage\",\"url\":\"https:\/\/predictor943.hrunk.dev\/wp-content\/uploads\/2018\/11\/lostatsea_lg.jpg\",\"contentUrl\":\"https:\/\/predictor943.hrunk.dev\/wp-content\/uploads\/2018\/11\/lostatsea_lg.jpg\",\"width\":368,\"height\":366},{\"@type\":\"BreadcrumbList\",\"@id\":\"https:\/\/predictor943.hrunk.dev\/product\/lost-at-sea\/#breadcrumb\",\"itemListElement\":[{\"@type\":\"ListItem\",\"position\":1,\"name\":\"Home\",\"item\":\"https:\/\/predictor943.hrunk.dev\/\"},{\"@type\":\"ListItem\",\"position\":2,\"name\":\"Buy Prints\",\"item\":\"https:\/\/predictor943.hrunk.dev\/shop\/\"},{\"@type\":\"ListItem\",\"position\":3,\"name\":\"Lost at sea\"}]},{\"@type\":\"WebSite\",\"@id\":\"https:\/\/predictor943.hrunk.dev\/#website\",\"url\":\"https:\/\/predictor943.hrunk.dev\/\",\"name\":\"Peintre du Rail\",\"description\":\"Chris Ludlow\",\"potentialAction\":[{\"@type\":\"SearchAction\",\"target\":{\"@type\":\"EntryPoint\",\"urlTemplate\":\"https:\/\/predictor943.hrunk.dev\/?s={search_term_string}\"},\"query-input\":{\"@type\":\"PropertyValueSpecification\",\"valueRequired\":true,\"valueName\":\"search_term_string\"}}],\"inLanguage\":\"fr-FR\"}]}<\/script>\n<!-- \/ Yoast SEO plugin. -->","yoast_head_json":{"title":"Perdue an mer","robots":{"index":"index","follow":"follow","max-snippet":"max-snippet:-1","max-image-preview":"max-image-preview:large","max-video-preview":"max-video-preview:-1"},"canonical":"https:\/\/predictor943.hrunk.dev\/fr\/product\/lost-at-sea\/","og_locale":"fr_FR","og_type":"article","og_title":"[:en]Lost at sea[:fr]Perdue an mer[:] - Peintre du Rail","og_description":"Huile sur toile 100 x 100 cm","og_url":"https:\/\/predictor943.hrunk.dev\/fr\/product\/lost-at-sea\/","og_site_name":"Peintre du Rail","article_modified_time":"2021-03-18T14:14:22+00:00","og_image":[{"width":368,"height":366,"url":"https:\/\/predictor943.hrunk.dev\/wp-content\/uploads\/2018\/11\/lostatsea_lg.jpg","type":"image\/jpeg"}],"twitter_card":"summary_large_image","twitter_misc":{"Est. reading time":"1 minute"},"schema":{"@context":"https:\/\/schema.org","@graph":[{"@type":"WebPage","@id":"https:\/\/predictor943.hrunk.dev\/product\/lost-at-sea\/","url":"https:\/\/predictor943.hrunk.dev\/product\/lost-at-sea\/","name":"Perdue an mer","isPartOf":{"@id":"https:\/\/predictor943.hrunk.dev\/#website"},"primaryImageOfPage":{"@id":"https:\/\/predictor943.hrunk.dev\/product\/lost-at-sea\/#primaryimage"},"image":{"@id":"https:\/\/predictor943.hrunk.dev\/product\/lost-at-sea\/#primaryimage"},"thumbnailUrl":"https:\/\/predictor943.hrunk.dev\/wp-content\/uploads\/2018\/11\/lostatsea_lg.jpg","datePublished":"2018-11-04T16:05:41+00:00","dateModified":"2021-03-18T14:14:22+00:00","breadcrumb":{"@id":"https:\/\/predictor943.hrunk.dev\/product\/lost-at-sea\/#breadcrumb"},"inLanguage":"fr-FR","potentialAction":[{"@type":"ReadAction","target":["https:\/\/predictor943.hrunk.dev\/product\/lost-at-sea\/"]}]},{"@type":"ImageObject","inLanguage":"fr-FR","@id":"https:\/\/predictor943.hrunk.dev\/product\/lost-at-sea\/#primaryimage","url":"https:\/\/predictor943.hrunk.dev\/wp-content\/uploads\/2018\/11\/lostatsea_lg.jpg","contentUrl":"https:\/\/predictor943.hrunk.dev\/wp-content\/uploads\/2018\/11\/lostatsea_lg.jpg","width":368,"height":366},{"@type":"BreadcrumbList","@id":"https:\/\/predictor943.hrunk.dev\/product\/lost-at-sea\/#breadcrumb","itemListElement":[{"@type":"ListItem","position":1,"name":"Home","item":"https:\/\/predictor943.hrunk.dev\/"},{"@type":"ListItem","position":2,"name":"Buy Prints","item":"https:\/\/predictor943.hrunk.dev\/shop\/"},{"@type":"ListItem","position":3,"name":"Lost at sea"}]},{"@type":"WebSite","@id":"https:\/\/predictor943.hrunk.dev\/#website","url":"https:\/\/predictor943.hrunk.dev\/","name":"Peintre du Rail","description":"Chris Ludlow","potentialAction":[{"@type":"SearchAction","target":{"@type":"EntryPoint","urlTemplate":"https:\/\/predictor943.hrunk.dev\/?s={search_term_string}"},"query-input":{"@type":"PropertyValueSpecification","valueRequired":true,"valueName":"search_term_string"}}],"inLanguage":"fr-FR"}]}},"_links":{"self":[{"href":"https:\/\/predictor943.hrunk.dev\/fr\/wp-json\/wp\/v2\/product\/253","targetHints":{"allow":["GET"]}}],"collection":[{"href":"https:\/\/predictor943.hrunk.dev\/fr\/wp-json\/wp\/v2\/product"}],"about":[{"href":"https:\/\/predictor943.hrunk.dev\/fr\/wp-json\/wp\/v2\/types\/product"}],"wp:featuredmedia":[{"embeddable":true,"href":"https:\/\/predictor943.hrunk.dev\/fr\/wp-json\/wp\/v2\/media\/254"}],"wp:attachment":[{"href":"https:\/\/predictor943.hrunk.dev\/fr\/wp-json\/wp\/v2\/media?parent=253"}],"wp:term":[{"taxonomy":"product_brand","embeddable":true,"href":"https:\/\/predictor943.hrunk.dev\/fr\/wp-json\/wp\/v2\/product_brand?post=253"},{"taxonomy":"product_cat","embeddable":true,"href":"https:\/\/predictor943.hrunk.dev\/fr\/wp-json\/wp\/v2\/product_cat?post=253"},{"taxonomy":"product_tag","embeddable":true,"href":"https:\/\/predictor943.hrunk.dev\/fr\/wp-json\/wp\/v2\/product_tag?post=253"}],"curies":[{"name":"wp","href":"https:\/\/api.w.org\/{rel}","templated":true}]}}