{"id":241,"date":"2018-11-04T16:02:12","date_gmt":"2018-11-04T16:02:12","guid":{"rendered":"https:\/\/pdr229.hrunk.com\/?post_type=product&#038;p=241"},"modified":"2021-03-18T14:14:22","modified_gmt":"2021-03-18T14:14:22","slug":"la-divine-and-la-deesse","status":"publish","type":"product","link":"https:\/\/predictor943.hrunk.dev\/fr\/product\/la-divine-and-la-deesse\/","title":{"rendered":"La Divine et la D\u00e9esse"},"content":{"rendered":"<p>L\u2019une des derni\u00e8res locomotives \u00e0 vapeur fran\u00e7aise, l\u2019icone carr\u00e9n\u00e9e No 232U1 connue sous le nom de \u201cLa Divine\u201d, est suivie dans la roue par une autre icone du style fran\u00e7ais, une Citro\u00ebn DS. DS en Fran\u00e7ais est prononc\u00e9 \u201cD\u00e9esse\u201d, ce mot veut dire cr\u00e9ature divine. En plus du pot d\u2019\u00e9chappement invisible de la DS, son chauffeur ajoute la fum\u00e9e de sa pipe \u00e0 l\u2019\u00e9chappement \u00e9vocateur et parfum\u00e9 de la locomotive.<\/p>\n","protected":false},"excerpt":{"rendered":"<div class=\"info\">\n<p class=\"sizes\">Huile sur toile 60 x 81 cm<\/p>\n<\/div>\n","protected":false},"featured_media":242,"template":"","meta":{"_acf_changed":false},"product_brand":[],"product_cat":[20,19],"product_tag":[],"class_list":{"0":"post-241","1":"product","2":"type-product","3":"status-publish","4":"has-post-thumbnail","6":"product_cat-gallery","7":"product_cat-not-for-sale","9":"first","10":"outofstock","11":"shipping-taxable","12":"product-type-simple"},"acf":[],"yoast_head":"<!-- This site is optimized with the Yoast SEO plugin v26.5 - https:\/\/yoast.com\/wordpress\/plugins\/seo\/ -->\n<title>La Divine et la D\u00e9esse<\/title>\n<meta name=\"robots\" content=\"index, follow, max-snippet:-1, max-image-preview:large, max-video-preview:-1\" \/>\n<link rel=\"canonical\" href=\"https:\/\/predictor943.hrunk.dev\/fr\/product\/la-divine-and-la-deesse\/\" \/>\n<meta property=\"og:locale\" content=\"fr_FR\" \/>\n<meta property=\"og:locale:alternate\" content=\"en_GB\" \/>\n<meta property=\"og:type\" content=\"article\" \/>\n<meta property=\"og:title\" content=\"La Divine et la D\u00e9esse\" \/>\n<meta property=\"og:description\" content=\"Huile sur toile 60 x 81 cm\" \/>\n<meta property=\"og:url\" content=\"https:\/\/predictor943.hrunk.dev\/fr\/product\/la-divine-and-la-deesse\/\" \/>\n<meta property=\"og:site_name\" content=\"Peintre du Rail\" \/>\n<meta property=\"article:modified_time\" content=\"2021-03-18T14:14:22+00:00\" \/>\n<meta property=\"og:image\" content=\"https:\/\/predictor943.hrunk.dev\/wp-content\/uploads\/2018\/11\/divine_lg.jpg\" \/>\n\t<meta property=\"og:image:width\" content=\"371\" \/>\n\t<meta property=\"og:image:height\" content=\"270\" \/>\n\t<meta property=\"og:image:type\" content=\"image\/jpeg\" \/>\n<meta name=\"twitter:card\" content=\"summary_large_image\" \/>\n<meta name=\"twitter:label1\" content=\"Est. reading time\" \/>\n\t<meta name=\"twitter:data1\" content=\"1 minute\" \/>\n<script type=\"application\/ld+json\" class=\"yoast-schema-graph\">{\"@context\":\"https:\/\/schema.org\",\"@graph\":[{\"@type\":\"WebPage\",\"@id\":\"https:\/\/predictor943.hrunk.dev\/product\/la-divine-and-la-deesse\/\",\"url\":\"https:\/\/predictor943.hrunk.dev\/product\/la-divine-and-la-deesse\/\",\"name\":\"La Divine et la D\u00e9esse\",\"isPartOf\":{\"@id\":\"https:\/\/predictor943.hrunk.dev\/#website\"},\"primaryImageOfPage\":{\"@id\":\"https:\/\/predictor943.hrunk.dev\/product\/la-divine-and-la-deesse\/#primaryimage\"},\"image\":{\"@id\":\"https:\/\/predictor943.hrunk.dev\/product\/la-divine-and-la-deesse\/#primaryimage\"},\"thumbnailUrl\":\"https:\/\/predictor943.hrunk.dev\/wp-content\/uploads\/2018\/11\/divine_lg.jpg\",\"datePublished\":\"2018-11-04T16:02:12+00:00\",\"dateModified\":\"2021-03-18T14:14:22+00:00\",\"breadcrumb\":{\"@id\":\"https:\/\/predictor943.hrunk.dev\/product\/la-divine-and-la-deesse\/#breadcrumb\"},\"inLanguage\":\"fr-FR\",\"potentialAction\":[{\"@type\":\"ReadAction\",\"target\":[\"https:\/\/predictor943.hrunk.dev\/product\/la-divine-and-la-deesse\/\"]}]},{\"@type\":\"ImageObject\",\"inLanguage\":\"fr-FR\",\"@id\":\"https:\/\/predictor943.hrunk.dev\/product\/la-divine-and-la-deesse\/#primaryimage\",\"url\":\"https:\/\/predictor943.hrunk.dev\/wp-content\/uploads\/2018\/11\/divine_lg.jpg\",\"contentUrl\":\"https:\/\/predictor943.hrunk.dev\/wp-content\/uploads\/2018\/11\/divine_lg.jpg\",\"width\":371,\"height\":270},{\"@type\":\"BreadcrumbList\",\"@id\":\"https:\/\/predictor943.hrunk.dev\/product\/la-divine-and-la-deesse\/#breadcrumb\",\"itemListElement\":[{\"@type\":\"ListItem\",\"position\":1,\"name\":\"Home\",\"item\":\"https:\/\/predictor943.hrunk.dev\/\"},{\"@type\":\"ListItem\",\"position\":2,\"name\":\"Buy Prints\",\"item\":\"https:\/\/predictor943.hrunk.dev\/shop\/\"},{\"@type\":\"ListItem\",\"position\":3,\"name\":\"\u2018La Divine\u2019 and \u2018La D\u00e9esse\u2019\"}]},{\"@type\":\"WebSite\",\"@id\":\"https:\/\/predictor943.hrunk.dev\/#website\",\"url\":\"https:\/\/predictor943.hrunk.dev\/\",\"name\":\"Peintre du Rail\",\"description\":\"Chris Ludlow\",\"potentialAction\":[{\"@type\":\"SearchAction\",\"target\":{\"@type\":\"EntryPoint\",\"urlTemplate\":\"https:\/\/predictor943.hrunk.dev\/?s={search_term_string}\"},\"query-input\":{\"@type\":\"PropertyValueSpecification\",\"valueRequired\":true,\"valueName\":\"search_term_string\"}}],\"inLanguage\":\"fr-FR\"}]}<\/script>\n<!-- \/ Yoast SEO plugin. -->","yoast_head_json":{"title":"La Divine et la D\u00e9esse","robots":{"index":"index","follow":"follow","max-snippet":"max-snippet:-1","max-image-preview":"max-image-preview:large","max-video-preview":"max-video-preview:-1"},"canonical":"https:\/\/predictor943.hrunk.dev\/fr\/product\/la-divine-and-la-deesse\/","og_locale":"fr_FR","og_type":"article","og_title":"[:en]\u2018La Divine\u2019 and \u2018La D\u00e9esse\u2019[:fr]La Divine et la D\u00e9esse[:] - Peintre du Rail","og_description":"Huile sur toile 60 x 81 cm","og_url":"https:\/\/predictor943.hrunk.dev\/fr\/product\/la-divine-and-la-deesse\/","og_site_name":"Peintre du Rail","article_modified_time":"2021-03-18T14:14:22+00:00","og_image":[{"width":371,"height":270,"url":"https:\/\/predictor943.hrunk.dev\/wp-content\/uploads\/2018\/11\/divine_lg.jpg","type":"image\/jpeg"}],"twitter_card":"summary_large_image","twitter_misc":{"Est. reading time":"1 minute"},"schema":{"@context":"https:\/\/schema.org","@graph":[{"@type":"WebPage","@id":"https:\/\/predictor943.hrunk.dev\/product\/la-divine-and-la-deesse\/","url":"https:\/\/predictor943.hrunk.dev\/product\/la-divine-and-la-deesse\/","name":"La Divine et la D\u00e9esse","isPartOf":{"@id":"https:\/\/predictor943.hrunk.dev\/#website"},"primaryImageOfPage":{"@id":"https:\/\/predictor943.hrunk.dev\/product\/la-divine-and-la-deesse\/#primaryimage"},"image":{"@id":"https:\/\/predictor943.hrunk.dev\/product\/la-divine-and-la-deesse\/#primaryimage"},"thumbnailUrl":"https:\/\/predictor943.hrunk.dev\/wp-content\/uploads\/2018\/11\/divine_lg.jpg","datePublished":"2018-11-04T16:02:12+00:00","dateModified":"2021-03-18T14:14:22+00:00","breadcrumb":{"@id":"https:\/\/predictor943.hrunk.dev\/product\/la-divine-and-la-deesse\/#breadcrumb"},"inLanguage":"fr-FR","potentialAction":[{"@type":"ReadAction","target":["https:\/\/predictor943.hrunk.dev\/product\/la-divine-and-la-deesse\/"]}]},{"@type":"ImageObject","inLanguage":"fr-FR","@id":"https:\/\/predictor943.hrunk.dev\/product\/la-divine-and-la-deesse\/#primaryimage","url":"https:\/\/predictor943.hrunk.dev\/wp-content\/uploads\/2018\/11\/divine_lg.jpg","contentUrl":"https:\/\/predictor943.hrunk.dev\/wp-content\/uploads\/2018\/11\/divine_lg.jpg","width":371,"height":270},{"@type":"BreadcrumbList","@id":"https:\/\/predictor943.hrunk.dev\/product\/la-divine-and-la-deesse\/#breadcrumb","itemListElement":[{"@type":"ListItem","position":1,"name":"Home","item":"https:\/\/predictor943.hrunk.dev\/"},{"@type":"ListItem","position":2,"name":"Buy Prints","item":"https:\/\/predictor943.hrunk.dev\/shop\/"},{"@type":"ListItem","position":3,"name":"\u2018La Divine\u2019 and \u2018La D\u00e9esse\u2019"}]},{"@type":"WebSite","@id":"https:\/\/predictor943.hrunk.dev\/#website","url":"https:\/\/predictor943.hrunk.dev\/","name":"Peintre du Rail","description":"Chris Ludlow","potentialAction":[{"@type":"SearchAction","target":{"@type":"EntryPoint","urlTemplate":"https:\/\/predictor943.hrunk.dev\/?s={search_term_string}"},"query-input":{"@type":"PropertyValueSpecification","valueRequired":true,"valueName":"search_term_string"}}],"inLanguage":"fr-FR"}]}},"_links":{"self":[{"href":"https:\/\/predictor943.hrunk.dev\/fr\/wp-json\/wp\/v2\/product\/241","targetHints":{"allow":["GET"]}}],"collection":[{"href":"https:\/\/predictor943.hrunk.dev\/fr\/wp-json\/wp\/v2\/product"}],"about":[{"href":"https:\/\/predictor943.hrunk.dev\/fr\/wp-json\/wp\/v2\/types\/product"}],"wp:featuredmedia":[{"embeddable":true,"href":"https:\/\/predictor943.hrunk.dev\/fr\/wp-json\/wp\/v2\/media\/242"}],"wp:attachment":[{"href":"https:\/\/predictor943.hrunk.dev\/fr\/wp-json\/wp\/v2\/media?parent=241"}],"wp:term":[{"taxonomy":"product_brand","embeddable":true,"href":"https:\/\/predictor943.hrunk.dev\/fr\/wp-json\/wp\/v2\/product_brand?post=241"},{"taxonomy":"product_cat","embeddable":true,"href":"https:\/\/predictor943.hrunk.dev\/fr\/wp-json\/wp\/v2\/product_cat?post=241"},{"taxonomy":"product_tag","embeddable":true,"href":"https:\/\/predictor943.hrunk.dev\/fr\/wp-json\/wp\/v2\/product_tag?post=241"}],"curies":[{"name":"wp","href":"https:\/\/api.w.org\/{rel}","templated":true}]}}