{"id":235,"date":"2018-11-04T15:58:43","date_gmt":"2018-11-04T15:58:43","guid":{"rendered":"https:\/\/pdr229.hrunk.com\/?post_type=product&#038;p=235"},"modified":"2021-03-18T14:14:22","modified_gmt":"2021-03-18T14:14:22","slug":"new-york-bronzes","status":"publish","type":"product","link":"https:\/\/predictor943.hrunk.dev\/fr\/product\/new-york-bronzes\/","title":{"rendered":"Les Bronzes \u00e0 New York"},"content":{"rendered":"<p>Ces deux grands tableaux ont \u00e9t\u00e9 ex\u00e9cut\u00e9s en original pour servir de base \u00e0 la creation de deux bas-reliefs en bronze install\u00e9s dans un immeuble mythique de New York.<\/p>\n<p>Ce gratte-ciel est l\u2019ancien immeuble Helmsley (maintenant simplement au 230 Park Avenue) situ\u00e9 en haut de Park Avenue et au dessus du Terminus de Grand Central. Il fut construit pour \u00eatre le si\u00e8ge du R\u00e9seau Central de New York dans les ann\u00e9es 1920 and est un monument class\u00e9 Art-D\u00e9co. Cet immeuble a \u00e9t\u00e9 r\u00e9nov\u00e9 entre 2004 et 2010 par les promoteurs Monday Properties, en association avec le groupe d\u2019architectes BBB. Les bronzes ont remplac\u00e9 les anciens panneaux annuaires qui \u00e9taient dans des cadres eux m\u00eames class\u00e9s et situ\u00e9s dans le grand foyer d\u2019entr\u00e9e en marbre et en bronze.<\/p>\n<p>Utilisant les deux tableaux originaux comme base, les bronzes ont \u00e9t\u00e9 cr\u00e9es par l\u2019entreprise de sculpture Excalibur Bronze de Brooklyn, par une m\u00e9thode traditionelle de fonderie de \u201ccire perdue\u201d. Ils mesurent 4.5 m\u00e8tres par 2.2 m\u00e8tres. Ils d\u00e9peignent le train car\u00e9n\u00e9 dessin\u00e9 par Dreyfus, de la 20th-Century Limited, tir\u00e9 par une locomotive Hudson devant un arri\u00e8re-plan all\u00e9gorique de l\u2019horizon New Yorkais qui inclut l\u2019immeuble au 230 Park Avenue. Les toiles originales sont accroch\u00e9es aux murs de la salle du conseil des promoteurs.<\/p>\n<figure id=\"attachment_236\" style=\"width: 369px\"  class=\"wp-caption alignnone\"><img loading=\"lazy\" decoding=\"async\" class=\"wp-image-236 size-full\" src=\"https:\/\/pdr229.hrunk.com\/wp-content\/uploads\/2018\/11\/NYbronze_lg.jpg\" alt=\"\" width=\"369\" height=\"217\" srcset=\"https:\/\/predictor943.hrunk.dev\/wp-content\/uploads\/2018\/11\/NYbronze_lg.jpg 369w, https:\/\/predictor943.hrunk.dev\/wp-content\/uploads\/2018\/11\/NYbronze_lg-300x176.jpg 300w, https:\/\/predictor943.hrunk.dev\/wp-content\/uploads\/2018\/11\/NYbronze_lg-256x151.jpg 256w\" sizes=\"auto, (max-width: 369px) 100vw, 369px\" \/><figcaption class=\"wp-caption-text\">L\u2019un des deux bas-reliefs en bronze qui sont de part et d\u2019autre de l\u2019entr\u00e9e.<\/figcaption><\/figure>\n","protected":false},"excerpt":{"rendered":"<p>Huile sur toile<\/p>\n","protected":false},"featured_media":237,"template":"","meta":{"_acf_changed":false},"product_brand":[],"product_cat":[20,19],"product_tag":[],"class_list":{"0":"post-235","1":"product","2":"type-product","3":"status-publish","4":"has-post-thumbnail","6":"product_cat-gallery","7":"product_cat-not-for-sale","9":"first","10":"outofstock","11":"shipping-taxable","12":"product-type-simple"},"acf":[],"yoast_head":"<!-- This site is optimized with the Yoast SEO plugin v26.5 - https:\/\/yoast.com\/wordpress\/plugins\/seo\/ -->\n<title>Les Bronzes \u00e0 New York<\/title>\n<meta name=\"robots\" content=\"index, follow, max-snippet:-1, max-image-preview:large, max-video-preview:-1\" \/>\n<link rel=\"canonical\" href=\"https:\/\/predictor943.hrunk.dev\/fr\/product\/new-york-bronzes\/\" \/>\n<meta property=\"og:locale\" content=\"fr_FR\" \/>\n<meta property=\"og:locale:alternate\" content=\"en_GB\" \/>\n<meta property=\"og:type\" content=\"article\" \/>\n<meta property=\"og:title\" content=\"Les Bronzes \u00e0 New York\" \/>\n<meta property=\"og:description\" content=\"Huile sur toile\" \/>\n<meta property=\"og:url\" content=\"https:\/\/predictor943.hrunk.dev\/fr\/product\/new-york-bronzes\/\" \/>\n<meta property=\"og:site_name\" content=\"Peintre du Rail\" \/>\n<meta property=\"article:modified_time\" content=\"2021-03-18T14:14:22+00:00\" \/>\n<meta property=\"og:image\" content=\"https:\/\/predictor943.hrunk.dev\/wp-content\/uploads\/2018\/11\/NewYorkBronzes_lg.png\" \/>\n\t<meta property=\"og:image:width\" content=\"370\" \/>\n\t<meta property=\"og:image:height\" content=\"335\" \/>\n\t<meta property=\"og:image:type\" content=\"image\/png\" \/>\n<meta name=\"twitter:card\" content=\"summary_large_image\" \/>\n<meta name=\"twitter:label1\" content=\"Est. reading time\" \/>\n\t<meta name=\"twitter:data1\" content=\"2 minutes\" \/>\n<script type=\"application\/ld+json\" class=\"yoast-schema-graph\">{\"@context\":\"https:\/\/schema.org\",\"@graph\":[{\"@type\":\"WebPage\",\"@id\":\"https:\/\/predictor943.hrunk.dev\/product\/new-york-bronzes\/\",\"url\":\"https:\/\/predictor943.hrunk.dev\/product\/new-york-bronzes\/\",\"name\":\"Les Bronzes \u00e0 New York\",\"isPartOf\":{\"@id\":\"https:\/\/predictor943.hrunk.dev\/#website\"},\"primaryImageOfPage\":{\"@id\":\"https:\/\/predictor943.hrunk.dev\/product\/new-york-bronzes\/#primaryimage\"},\"image\":{\"@id\":\"https:\/\/predictor943.hrunk.dev\/product\/new-york-bronzes\/#primaryimage\"},\"thumbnailUrl\":\"https:\/\/predictor943.hrunk.dev\/wp-content\/uploads\/2018\/11\/NewYorkBronzes_lg.png\",\"datePublished\":\"2018-11-04T15:58:43+00:00\",\"dateModified\":\"2021-03-18T14:14:22+00:00\",\"breadcrumb\":{\"@id\":\"https:\/\/predictor943.hrunk.dev\/product\/new-york-bronzes\/#breadcrumb\"},\"inLanguage\":\"fr-FR\",\"potentialAction\":[{\"@type\":\"ReadAction\",\"target\":[\"https:\/\/predictor943.hrunk.dev\/product\/new-york-bronzes\/\"]}]},{\"@type\":\"ImageObject\",\"inLanguage\":\"fr-FR\",\"@id\":\"https:\/\/predictor943.hrunk.dev\/product\/new-york-bronzes\/#primaryimage\",\"url\":\"https:\/\/predictor943.hrunk.dev\/wp-content\/uploads\/2018\/11\/NewYorkBronzes_lg.png\",\"contentUrl\":\"https:\/\/predictor943.hrunk.dev\/wp-content\/uploads\/2018\/11\/NewYorkBronzes_lg.png\",\"width\":370,\"height\":335},{\"@type\":\"BreadcrumbList\",\"@id\":\"https:\/\/predictor943.hrunk.dev\/product\/new-york-bronzes\/#breadcrumb\",\"itemListElement\":[{\"@type\":\"ListItem\",\"position\":1,\"name\":\"Home\",\"item\":\"https:\/\/predictor943.hrunk.dev\/\"},{\"@type\":\"ListItem\",\"position\":2,\"name\":\"Buy Prints\",\"item\":\"https:\/\/predictor943.hrunk.dev\/shop\/\"},{\"@type\":\"ListItem\",\"position\":3,\"name\":\"New York Bronzes\"}]},{\"@type\":\"WebSite\",\"@id\":\"https:\/\/predictor943.hrunk.dev\/#website\",\"url\":\"https:\/\/predictor943.hrunk.dev\/\",\"name\":\"Peintre du Rail\",\"description\":\"Chris Ludlow\",\"potentialAction\":[{\"@type\":\"SearchAction\",\"target\":{\"@type\":\"EntryPoint\",\"urlTemplate\":\"https:\/\/predictor943.hrunk.dev\/?s={search_term_string}\"},\"query-input\":{\"@type\":\"PropertyValueSpecification\",\"valueRequired\":true,\"valueName\":\"search_term_string\"}}],\"inLanguage\":\"fr-FR\"}]}<\/script>\n<!-- \/ Yoast SEO plugin. -->","yoast_head_json":{"title":"Les Bronzes \u00e0 New York","robots":{"index":"index","follow":"follow","max-snippet":"max-snippet:-1","max-image-preview":"max-image-preview:large","max-video-preview":"max-video-preview:-1"},"canonical":"https:\/\/predictor943.hrunk.dev\/fr\/product\/new-york-bronzes\/","og_locale":"fr_FR","og_type":"article","og_title":"[:en]New York Bronzes[:fr]Les Bronzes \u00e0 New York[:] - Peintre du Rail","og_description":"Huile sur toile","og_url":"https:\/\/predictor943.hrunk.dev\/fr\/product\/new-york-bronzes\/","og_site_name":"Peintre du Rail","article_modified_time":"2021-03-18T14:14:22+00:00","og_image":[{"width":370,"height":335,"url":"https:\/\/predictor943.hrunk.dev\/wp-content\/uploads\/2018\/11\/NewYorkBronzes_lg.png","type":"image\/png"}],"twitter_card":"summary_large_image","twitter_misc":{"Est. reading time":"2 minutes"},"schema":{"@context":"https:\/\/schema.org","@graph":[{"@type":"WebPage","@id":"https:\/\/predictor943.hrunk.dev\/product\/new-york-bronzes\/","url":"https:\/\/predictor943.hrunk.dev\/product\/new-york-bronzes\/","name":"Les Bronzes \u00e0 New York","isPartOf":{"@id":"https:\/\/predictor943.hrunk.dev\/#website"},"primaryImageOfPage":{"@id":"https:\/\/predictor943.hrunk.dev\/product\/new-york-bronzes\/#primaryimage"},"image":{"@id":"https:\/\/predictor943.hrunk.dev\/product\/new-york-bronzes\/#primaryimage"},"thumbnailUrl":"https:\/\/predictor943.hrunk.dev\/wp-content\/uploads\/2018\/11\/NewYorkBronzes_lg.png","datePublished":"2018-11-04T15:58:43+00:00","dateModified":"2021-03-18T14:14:22+00:00","breadcrumb":{"@id":"https:\/\/predictor943.hrunk.dev\/product\/new-york-bronzes\/#breadcrumb"},"inLanguage":"fr-FR","potentialAction":[{"@type":"ReadAction","target":["https:\/\/predictor943.hrunk.dev\/product\/new-york-bronzes\/"]}]},{"@type":"ImageObject","inLanguage":"fr-FR","@id":"https:\/\/predictor943.hrunk.dev\/product\/new-york-bronzes\/#primaryimage","url":"https:\/\/predictor943.hrunk.dev\/wp-content\/uploads\/2018\/11\/NewYorkBronzes_lg.png","contentUrl":"https:\/\/predictor943.hrunk.dev\/wp-content\/uploads\/2018\/11\/NewYorkBronzes_lg.png","width":370,"height":335},{"@type":"BreadcrumbList","@id":"https:\/\/predictor943.hrunk.dev\/product\/new-york-bronzes\/#breadcrumb","itemListElement":[{"@type":"ListItem","position":1,"name":"Home","item":"https:\/\/predictor943.hrunk.dev\/"},{"@type":"ListItem","position":2,"name":"Buy Prints","item":"https:\/\/predictor943.hrunk.dev\/shop\/"},{"@type":"ListItem","position":3,"name":"New York Bronzes"}]},{"@type":"WebSite","@id":"https:\/\/predictor943.hrunk.dev\/#website","url":"https:\/\/predictor943.hrunk.dev\/","name":"Peintre du Rail","description":"Chris Ludlow","potentialAction":[{"@type":"SearchAction","target":{"@type":"EntryPoint","urlTemplate":"https:\/\/predictor943.hrunk.dev\/?s={search_term_string}"},"query-input":{"@type":"PropertyValueSpecification","valueRequired":true,"valueName":"search_term_string"}}],"inLanguage":"fr-FR"}]}},"_links":{"self":[{"href":"https:\/\/predictor943.hrunk.dev\/fr\/wp-json\/wp\/v2\/product\/235","targetHints":{"allow":["GET"]}}],"collection":[{"href":"https:\/\/predictor943.hrunk.dev\/fr\/wp-json\/wp\/v2\/product"}],"about":[{"href":"https:\/\/predictor943.hrunk.dev\/fr\/wp-json\/wp\/v2\/types\/product"}],"wp:featuredmedia":[{"embeddable":true,"href":"https:\/\/predictor943.hrunk.dev\/fr\/wp-json\/wp\/v2\/media\/237"}],"wp:attachment":[{"href":"https:\/\/predictor943.hrunk.dev\/fr\/wp-json\/wp\/v2\/media?parent=235"}],"wp:term":[{"taxonomy":"product_brand","embeddable":true,"href":"https:\/\/predictor943.hrunk.dev\/fr\/wp-json\/wp\/v2\/product_brand?post=235"},{"taxonomy":"product_cat","embeddable":true,"href":"https:\/\/predictor943.hrunk.dev\/fr\/wp-json\/wp\/v2\/product_cat?post=235"},{"taxonomy":"product_tag","embeddable":true,"href":"https:\/\/predictor943.hrunk.dev\/fr\/wp-json\/wp\/v2\/product_tag?post=235"}],"curies":[{"name":"wp","href":"https:\/\/api.w.org\/{rel}","templated":true}]}}