{"id":217,"date":"2018-11-04T15:53:28","date_gmt":"2018-11-04T15:53:28","guid":{"rendered":"https:\/\/pdr229.hrunk.com\/?post_type=product&#038;p=217"},"modified":"2021-03-18T14:14:34","modified_gmt":"2021-03-18T14:14:34","slug":"mediterranean-excursions","status":"publish","type":"product","link":"https:\/\/predictor943.hrunk.dev\/fr\/product\/mediterranean-excursions\/","title":{"rendered":"Excursions en M\u00e9diterran\u00e9e"},"content":{"rendered":"<p>Il \u00e9tait une fois pendant l\u2019ann\u00e9e 1930, un car Citro\u00ebn, une moto, une Hispano-Suiza, une Pacific PLM et une voilier allaient toutes bon train le long de la magnifique c\u00f4te de la M\u00e9diterran\u00e9e dans le Sud de la France. Le car a les bicyclettes de ses passagers attach\u00e9s sur le toit, et la dame dans l\u2019automobile a emmen\u00e9 son petit chien en promenade sur ses genoux. Il n\u2019y a aucun doute que tous admirent ce merveilleux panorama sur la mer. Les rails de l\u2019ancien tramway sont encore visibles sur la route bien que les fils et les p\u00f4teaux aient disparu.<\/p>\n","protected":false},"excerpt":{"rendered":"<p>Huile sur toile 54 x 73 cm<\/p>\n","protected":false},"featured_media":218,"template":"","meta":{"_acf_changed":false},"product_brand":[],"product_cat":[20,19],"product_tag":[],"class_list":{"0":"post-217","1":"product","2":"type-product","3":"status-publish","4":"has-post-thumbnail","6":"product_cat-gallery","7":"product_cat-not-for-sale","9":"first","10":"outofstock","11":"shipping-taxable","12":"product-type-simple"},"acf":[],"yoast_head":"<!-- This site is optimized with the Yoast SEO plugin v26.5 - https:\/\/yoast.com\/wordpress\/plugins\/seo\/ -->\n<title>Excursions en M\u00e9diterran\u00e9e<\/title>\n<meta name=\"robots\" content=\"index, follow, max-snippet:-1, max-image-preview:large, max-video-preview:-1\" \/>\n<link rel=\"canonical\" href=\"https:\/\/predictor943.hrunk.dev\/fr\/product\/mediterranean-excursions\/\" \/>\n<meta property=\"og:locale\" content=\"fr_FR\" \/>\n<meta property=\"og:locale:alternate\" content=\"en_GB\" \/>\n<meta property=\"og:type\" content=\"article\" \/>\n<meta property=\"og:title\" content=\"Excursions en M\u00e9diterran\u00e9e\" \/>\n<meta property=\"og:description\" content=\"Huile sur toile 54 x 73 cm\" \/>\n<meta property=\"og:url\" content=\"https:\/\/predictor943.hrunk.dev\/fr\/product\/mediterranean-excursions\/\" \/>\n<meta property=\"og:site_name\" content=\"Peintre du Rail\" \/>\n<meta property=\"article:modified_time\" content=\"2021-03-18T14:14:34+00:00\" \/>\n<meta property=\"og:image\" content=\"https:\/\/predictor943.hrunk.dev\/wp-content\/uploads\/2018\/11\/IMG_8200.jpg\" \/>\n\t<meta property=\"og:image:width\" content=\"319\" \/>\n\t<meta property=\"og:image:height\" content=\"232\" \/>\n\t<meta property=\"og:image:type\" content=\"image\/jpeg\" \/>\n<meta name=\"twitter:card\" content=\"summary_large_image\" \/>\n<meta name=\"twitter:label1\" content=\"Est. reading time\" \/>\n\t<meta name=\"twitter:data1\" content=\"1 minute\" \/>\n<script type=\"application\/ld+json\" class=\"yoast-schema-graph\">{\"@context\":\"https:\/\/schema.org\",\"@graph\":[{\"@type\":\"WebPage\",\"@id\":\"https:\/\/predictor943.hrunk.dev\/product\/mediterranean-excursions\/\",\"url\":\"https:\/\/predictor943.hrunk.dev\/product\/mediterranean-excursions\/\",\"name\":\"Excursions en M\u00e9diterran\u00e9e\",\"isPartOf\":{\"@id\":\"https:\/\/predictor943.hrunk.dev\/#website\"},\"primaryImageOfPage\":{\"@id\":\"https:\/\/predictor943.hrunk.dev\/product\/mediterranean-excursions\/#primaryimage\"},\"image\":{\"@id\":\"https:\/\/predictor943.hrunk.dev\/product\/mediterranean-excursions\/#primaryimage\"},\"thumbnailUrl\":\"https:\/\/predictor943.hrunk.dev\/wp-content\/uploads\/2018\/11\/IMG_8200.jpg\",\"datePublished\":\"2018-11-04T15:53:28+00:00\",\"dateModified\":\"2021-03-18T14:14:34+00:00\",\"breadcrumb\":{\"@id\":\"https:\/\/predictor943.hrunk.dev\/product\/mediterranean-excursions\/#breadcrumb\"},\"inLanguage\":\"fr-FR\",\"potentialAction\":[{\"@type\":\"ReadAction\",\"target\":[\"https:\/\/predictor943.hrunk.dev\/product\/mediterranean-excursions\/\"]}]},{\"@type\":\"ImageObject\",\"inLanguage\":\"fr-FR\",\"@id\":\"https:\/\/predictor943.hrunk.dev\/product\/mediterranean-excursions\/#primaryimage\",\"url\":\"https:\/\/predictor943.hrunk.dev\/wp-content\/uploads\/2018\/11\/IMG_8200.jpg\",\"contentUrl\":\"https:\/\/predictor943.hrunk.dev\/wp-content\/uploads\/2018\/11\/IMG_8200.jpg\",\"width\":319,\"height\":232},{\"@type\":\"BreadcrumbList\",\"@id\":\"https:\/\/predictor943.hrunk.dev\/product\/mediterranean-excursions\/#breadcrumb\",\"itemListElement\":[{\"@type\":\"ListItem\",\"position\":1,\"name\":\"Home\",\"item\":\"https:\/\/predictor943.hrunk.dev\/\"},{\"@type\":\"ListItem\",\"position\":2,\"name\":\"Buy Prints\",\"item\":\"https:\/\/predictor943.hrunk.dev\/shop\/\"},{\"@type\":\"ListItem\",\"position\":3,\"name\":\"Mediterranean excursions\"}]},{\"@type\":\"WebSite\",\"@id\":\"https:\/\/predictor943.hrunk.dev\/#website\",\"url\":\"https:\/\/predictor943.hrunk.dev\/\",\"name\":\"Peintre du Rail\",\"description\":\"Chris Ludlow\",\"potentialAction\":[{\"@type\":\"SearchAction\",\"target\":{\"@type\":\"EntryPoint\",\"urlTemplate\":\"https:\/\/predictor943.hrunk.dev\/?s={search_term_string}\"},\"query-input\":{\"@type\":\"PropertyValueSpecification\",\"valueRequired\":true,\"valueName\":\"search_term_string\"}}],\"inLanguage\":\"fr-FR\"}]}<\/script>\n<!-- \/ Yoast SEO plugin. -->","yoast_head_json":{"title":"Excursions en M\u00e9diterran\u00e9e","robots":{"index":"index","follow":"follow","max-snippet":"max-snippet:-1","max-image-preview":"max-image-preview:large","max-video-preview":"max-video-preview:-1"},"canonical":"https:\/\/predictor943.hrunk.dev\/fr\/product\/mediterranean-excursions\/","og_locale":"fr_FR","og_type":"article","og_title":"[:en]Mediterranean excursions[:fr]Excursions en M\u00e9diterran\u00e9e[:] - Peintre du Rail","og_description":"Huile sur toile 54 x 73 cm","og_url":"https:\/\/predictor943.hrunk.dev\/fr\/product\/mediterranean-excursions\/","og_site_name":"Peintre du Rail","article_modified_time":"2021-03-18T14:14:34+00:00","og_image":[{"width":319,"height":232,"url":"https:\/\/predictor943.hrunk.dev\/wp-content\/uploads\/2018\/11\/IMG_8200.jpg","type":"image\/jpeg"}],"twitter_card":"summary_large_image","twitter_misc":{"Est. reading time":"1 minute"},"schema":{"@context":"https:\/\/schema.org","@graph":[{"@type":"WebPage","@id":"https:\/\/predictor943.hrunk.dev\/product\/mediterranean-excursions\/","url":"https:\/\/predictor943.hrunk.dev\/product\/mediterranean-excursions\/","name":"Excursions en M\u00e9diterran\u00e9e","isPartOf":{"@id":"https:\/\/predictor943.hrunk.dev\/#website"},"primaryImageOfPage":{"@id":"https:\/\/predictor943.hrunk.dev\/product\/mediterranean-excursions\/#primaryimage"},"image":{"@id":"https:\/\/predictor943.hrunk.dev\/product\/mediterranean-excursions\/#primaryimage"},"thumbnailUrl":"https:\/\/predictor943.hrunk.dev\/wp-content\/uploads\/2018\/11\/IMG_8200.jpg","datePublished":"2018-11-04T15:53:28+00:00","dateModified":"2021-03-18T14:14:34+00:00","breadcrumb":{"@id":"https:\/\/predictor943.hrunk.dev\/product\/mediterranean-excursions\/#breadcrumb"},"inLanguage":"fr-FR","potentialAction":[{"@type":"ReadAction","target":["https:\/\/predictor943.hrunk.dev\/product\/mediterranean-excursions\/"]}]},{"@type":"ImageObject","inLanguage":"fr-FR","@id":"https:\/\/predictor943.hrunk.dev\/product\/mediterranean-excursions\/#primaryimage","url":"https:\/\/predictor943.hrunk.dev\/wp-content\/uploads\/2018\/11\/IMG_8200.jpg","contentUrl":"https:\/\/predictor943.hrunk.dev\/wp-content\/uploads\/2018\/11\/IMG_8200.jpg","width":319,"height":232},{"@type":"BreadcrumbList","@id":"https:\/\/predictor943.hrunk.dev\/product\/mediterranean-excursions\/#breadcrumb","itemListElement":[{"@type":"ListItem","position":1,"name":"Home","item":"https:\/\/predictor943.hrunk.dev\/"},{"@type":"ListItem","position":2,"name":"Buy Prints","item":"https:\/\/predictor943.hrunk.dev\/shop\/"},{"@type":"ListItem","position":3,"name":"Mediterranean excursions"}]},{"@type":"WebSite","@id":"https:\/\/predictor943.hrunk.dev\/#website","url":"https:\/\/predictor943.hrunk.dev\/","name":"Peintre du Rail","description":"Chris Ludlow","potentialAction":[{"@type":"SearchAction","target":{"@type":"EntryPoint","urlTemplate":"https:\/\/predictor943.hrunk.dev\/?s={search_term_string}"},"query-input":{"@type":"PropertyValueSpecification","valueRequired":true,"valueName":"search_term_string"}}],"inLanguage":"fr-FR"}]}},"_links":{"self":[{"href":"https:\/\/predictor943.hrunk.dev\/fr\/wp-json\/wp\/v2\/product\/217","targetHints":{"allow":["GET"]}}],"collection":[{"href":"https:\/\/predictor943.hrunk.dev\/fr\/wp-json\/wp\/v2\/product"}],"about":[{"href":"https:\/\/predictor943.hrunk.dev\/fr\/wp-json\/wp\/v2\/types\/product"}],"wp:featuredmedia":[{"embeddable":true,"href":"https:\/\/predictor943.hrunk.dev\/fr\/wp-json\/wp\/v2\/media\/218"}],"wp:attachment":[{"href":"https:\/\/predictor943.hrunk.dev\/fr\/wp-json\/wp\/v2\/media?parent=217"}],"wp:term":[{"taxonomy":"product_brand","embeddable":true,"href":"https:\/\/predictor943.hrunk.dev\/fr\/wp-json\/wp\/v2\/product_brand?post=217"},{"taxonomy":"product_cat","embeddable":true,"href":"https:\/\/predictor943.hrunk.dev\/fr\/wp-json\/wp\/v2\/product_cat?post=217"},{"taxonomy":"product_tag","embeddable":true,"href":"https:\/\/predictor943.hrunk.dev\/fr\/wp-json\/wp\/v2\/product_tag?post=217"}],"curies":[{"name":"wp","href":"https:\/\/api.w.org\/{rel}","templated":true}]}}