{"id":193,"date":"2018-11-04T15:46:48","date_gmt":"2018-11-04T15:46:48","guid":{"rendered":"https:\/\/pdr229.hrunk.com\/?post_type=product&#038;p=193"},"modified":"2021-03-18T14:14:34","modified_gmt":"2021-03-18T14:14:34","slug":"a-rare-bird","status":"publish","type":"product","link":"https:\/\/predictor943.hrunk.dev\/fr\/product\/a-rare-bird\/","title":{"rendered":"Un oiseau rare"},"content":{"rendered":"<p>Les 240P \u00e9taient reconstruites \u00e0 partir des vieilles PO Pacifics , cr\u00e9es par le brilliant cerveau d\u2019Andr\u00e9 Chapelon. Elles furent ses chefs d\u2019oeuvres. Elles \u00e9taient in\u00e9gal\u00e9es dans le monde de par leur efficacit\u00e9 et puissance par tonne. Introduites pendant la guerre, et de plus en plus pouss\u00e9es dans des coins lointains par l\u2019\u00e9lectrification, elles n\u2019ont jamais eu la chance d\u2019\u00eatre utilis\u00e9es \u00e0 la hauteur totale de leurs comp\u00e9tences ni d\u2019\u00eatre photographi\u00e9es tr\u00e8s souvent. Elles avaient toutes disparues d\u00e8s 1953.<\/p>\n","protected":false},"excerpt":{"rendered":"<p>Huile sur toile 54 x 73 cm<\/p>\n","protected":false},"featured_media":194,"template":"","meta":{"_acf_changed":false},"product_brand":[],"product_cat":[20,19],"product_tag":[],"class_list":{"0":"post-193","1":"product","2":"type-product","3":"status-publish","4":"has-post-thumbnail","6":"product_cat-gallery","7":"product_cat-not-for-sale","9":"first","10":"outofstock","11":"shipping-taxable","12":"product-type-simple"},"acf":[],"yoast_head":"<!-- This site is optimized with the Yoast SEO plugin v26.5 - https:\/\/yoast.com\/wordpress\/plugins\/seo\/ -->\n<title>Un oiseau rare<\/title>\n<meta name=\"robots\" content=\"index, follow, max-snippet:-1, max-image-preview:large, max-video-preview:-1\" \/>\n<link rel=\"canonical\" href=\"https:\/\/predictor943.hrunk.dev\/fr\/product\/a-rare-bird\/\" \/>\n<meta property=\"og:locale\" content=\"fr_FR\" \/>\n<meta property=\"og:locale:alternate\" content=\"en_GB\" \/>\n<meta property=\"og:type\" content=\"article\" \/>\n<meta property=\"og:title\" content=\"Un oiseau rare\" \/>\n<meta property=\"og:description\" content=\"Huile sur toile 54 x 73 cm\" \/>\n<meta property=\"og:url\" content=\"https:\/\/predictor943.hrunk.dev\/fr\/product\/a-rare-bird\/\" \/>\n<meta property=\"og:site_name\" content=\"Peintre du Rail\" \/>\n<meta property=\"article:modified_time\" content=\"2021-03-18T14:14:34+00:00\" \/>\n<meta property=\"og:image\" content=\"https:\/\/predictor943.hrunk.dev\/wp-content\/uploads\/2018\/11\/IMG_8045.jpg\" \/>\n\t<meta property=\"og:image:width\" content=\"319\" \/>\n\t<meta property=\"og:image:height\" content=\"236\" \/>\n\t<meta property=\"og:image:type\" content=\"image\/jpeg\" \/>\n<meta name=\"twitter:card\" content=\"summary_large_image\" \/>\n<meta name=\"twitter:label1\" content=\"Est. reading time\" \/>\n\t<meta name=\"twitter:data1\" content=\"1 minute\" \/>\n<script type=\"application\/ld+json\" class=\"yoast-schema-graph\">{\"@context\":\"https:\/\/schema.org\",\"@graph\":[{\"@type\":\"WebPage\",\"@id\":\"https:\/\/predictor943.hrunk.dev\/product\/a-rare-bird\/\",\"url\":\"https:\/\/predictor943.hrunk.dev\/product\/a-rare-bird\/\",\"name\":\"Un oiseau rare\",\"isPartOf\":{\"@id\":\"https:\/\/predictor943.hrunk.dev\/#website\"},\"primaryImageOfPage\":{\"@id\":\"https:\/\/predictor943.hrunk.dev\/product\/a-rare-bird\/#primaryimage\"},\"image\":{\"@id\":\"https:\/\/predictor943.hrunk.dev\/product\/a-rare-bird\/#primaryimage\"},\"thumbnailUrl\":\"https:\/\/predictor943.hrunk.dev\/wp-content\/uploads\/2018\/11\/IMG_8045.jpg\",\"datePublished\":\"2018-11-04T15:46:48+00:00\",\"dateModified\":\"2021-03-18T14:14:34+00:00\",\"breadcrumb\":{\"@id\":\"https:\/\/predictor943.hrunk.dev\/product\/a-rare-bird\/#breadcrumb\"},\"inLanguage\":\"fr-FR\",\"potentialAction\":[{\"@type\":\"ReadAction\",\"target\":[\"https:\/\/predictor943.hrunk.dev\/product\/a-rare-bird\/\"]}]},{\"@type\":\"ImageObject\",\"inLanguage\":\"fr-FR\",\"@id\":\"https:\/\/predictor943.hrunk.dev\/product\/a-rare-bird\/#primaryimage\",\"url\":\"https:\/\/predictor943.hrunk.dev\/wp-content\/uploads\/2018\/11\/IMG_8045.jpg\",\"contentUrl\":\"https:\/\/predictor943.hrunk.dev\/wp-content\/uploads\/2018\/11\/IMG_8045.jpg\",\"width\":319,\"height\":236},{\"@type\":\"BreadcrumbList\",\"@id\":\"https:\/\/predictor943.hrunk.dev\/product\/a-rare-bird\/#breadcrumb\",\"itemListElement\":[{\"@type\":\"ListItem\",\"position\":1,\"name\":\"Home\",\"item\":\"https:\/\/predictor943.hrunk.dev\/\"},{\"@type\":\"ListItem\",\"position\":2,\"name\":\"Buy Prints\",\"item\":\"https:\/\/predictor943.hrunk.dev\/shop\/\"},{\"@type\":\"ListItem\",\"position\":3,\"name\":\"A rare bird\"}]},{\"@type\":\"WebSite\",\"@id\":\"https:\/\/predictor943.hrunk.dev\/#website\",\"url\":\"https:\/\/predictor943.hrunk.dev\/\",\"name\":\"Peintre du Rail\",\"description\":\"Chris Ludlow\",\"potentialAction\":[{\"@type\":\"SearchAction\",\"target\":{\"@type\":\"EntryPoint\",\"urlTemplate\":\"https:\/\/predictor943.hrunk.dev\/?s={search_term_string}\"},\"query-input\":{\"@type\":\"PropertyValueSpecification\",\"valueRequired\":true,\"valueName\":\"search_term_string\"}}],\"inLanguage\":\"fr-FR\"}]}<\/script>\n<!-- \/ Yoast SEO plugin. -->","yoast_head_json":{"title":"Un oiseau rare","robots":{"index":"index","follow":"follow","max-snippet":"max-snippet:-1","max-image-preview":"max-image-preview:large","max-video-preview":"max-video-preview:-1"},"canonical":"https:\/\/predictor943.hrunk.dev\/fr\/product\/a-rare-bird\/","og_locale":"fr_FR","og_type":"article","og_title":"[:en]A rare bird[:fr]Un oiseau rare[:] - Peintre du Rail","og_description":"Huile sur toile 54 x 73 cm","og_url":"https:\/\/predictor943.hrunk.dev\/fr\/product\/a-rare-bird\/","og_site_name":"Peintre du Rail","article_modified_time":"2021-03-18T14:14:34+00:00","og_image":[{"width":319,"height":236,"url":"https:\/\/predictor943.hrunk.dev\/wp-content\/uploads\/2018\/11\/IMG_8045.jpg","type":"image\/jpeg"}],"twitter_card":"summary_large_image","twitter_misc":{"Est. reading time":"1 minute"},"schema":{"@context":"https:\/\/schema.org","@graph":[{"@type":"WebPage","@id":"https:\/\/predictor943.hrunk.dev\/product\/a-rare-bird\/","url":"https:\/\/predictor943.hrunk.dev\/product\/a-rare-bird\/","name":"Un oiseau rare","isPartOf":{"@id":"https:\/\/predictor943.hrunk.dev\/#website"},"primaryImageOfPage":{"@id":"https:\/\/predictor943.hrunk.dev\/product\/a-rare-bird\/#primaryimage"},"image":{"@id":"https:\/\/predictor943.hrunk.dev\/product\/a-rare-bird\/#primaryimage"},"thumbnailUrl":"https:\/\/predictor943.hrunk.dev\/wp-content\/uploads\/2018\/11\/IMG_8045.jpg","datePublished":"2018-11-04T15:46:48+00:00","dateModified":"2021-03-18T14:14:34+00:00","breadcrumb":{"@id":"https:\/\/predictor943.hrunk.dev\/product\/a-rare-bird\/#breadcrumb"},"inLanguage":"fr-FR","potentialAction":[{"@type":"ReadAction","target":["https:\/\/predictor943.hrunk.dev\/product\/a-rare-bird\/"]}]},{"@type":"ImageObject","inLanguage":"fr-FR","@id":"https:\/\/predictor943.hrunk.dev\/product\/a-rare-bird\/#primaryimage","url":"https:\/\/predictor943.hrunk.dev\/wp-content\/uploads\/2018\/11\/IMG_8045.jpg","contentUrl":"https:\/\/predictor943.hrunk.dev\/wp-content\/uploads\/2018\/11\/IMG_8045.jpg","width":319,"height":236},{"@type":"BreadcrumbList","@id":"https:\/\/predictor943.hrunk.dev\/product\/a-rare-bird\/#breadcrumb","itemListElement":[{"@type":"ListItem","position":1,"name":"Home","item":"https:\/\/predictor943.hrunk.dev\/"},{"@type":"ListItem","position":2,"name":"Buy Prints","item":"https:\/\/predictor943.hrunk.dev\/shop\/"},{"@type":"ListItem","position":3,"name":"A rare bird"}]},{"@type":"WebSite","@id":"https:\/\/predictor943.hrunk.dev\/#website","url":"https:\/\/predictor943.hrunk.dev\/","name":"Peintre du Rail","description":"Chris Ludlow","potentialAction":[{"@type":"SearchAction","target":{"@type":"EntryPoint","urlTemplate":"https:\/\/predictor943.hrunk.dev\/?s={search_term_string}"},"query-input":{"@type":"PropertyValueSpecification","valueRequired":true,"valueName":"search_term_string"}}],"inLanguage":"fr-FR"}]}},"_links":{"self":[{"href":"https:\/\/predictor943.hrunk.dev\/fr\/wp-json\/wp\/v2\/product\/193","targetHints":{"allow":["GET"]}}],"collection":[{"href":"https:\/\/predictor943.hrunk.dev\/fr\/wp-json\/wp\/v2\/product"}],"about":[{"href":"https:\/\/predictor943.hrunk.dev\/fr\/wp-json\/wp\/v2\/types\/product"}],"wp:featuredmedia":[{"embeddable":true,"href":"https:\/\/predictor943.hrunk.dev\/fr\/wp-json\/wp\/v2\/media\/194"}],"wp:attachment":[{"href":"https:\/\/predictor943.hrunk.dev\/fr\/wp-json\/wp\/v2\/media?parent=193"}],"wp:term":[{"taxonomy":"product_brand","embeddable":true,"href":"https:\/\/predictor943.hrunk.dev\/fr\/wp-json\/wp\/v2\/product_brand?post=193"},{"taxonomy":"product_cat","embeddable":true,"href":"https:\/\/predictor943.hrunk.dev\/fr\/wp-json\/wp\/v2\/product_cat?post=193"},{"taxonomy":"product_tag","embeddable":true,"href":"https:\/\/predictor943.hrunk.dev\/fr\/wp-json\/wp\/v2\/product_tag?post=193"}],"curies":[{"name":"wp","href":"https:\/\/api.w.org\/{rel}","templated":true}]}}