{"id":134,"date":"2018-11-04T15:18:49","date_gmt":"2018-11-04T15:18:49","guid":{"rendered":"https:\/\/pdr229.hrunk.com\/?post_type=product&#038;p=134"},"modified":"2021-03-18T14:14:54","modified_gmt":"2021-03-18T14:14:54","slug":"restored-and-newly-built","status":"publish","type":"product","link":"https:\/\/predictor943.hrunk.dev\/fr\/product\/restored-and-newly-built\/","title":{"rendered":"Restor\u00e9es, et construites \u00e0 neuf"},"content":{"rendered":"<p>Six locomotives en Angleterre, quatre d\u2019entre elles restor\u00e9es et en \u00e9tat de marche, une nouvellement construite de toutes pi\u00e8ces, et une en construction. La nouvelle locomotive est No. 60163 \u201cTornado\u201d qui roule sur les grandes lignes depuis 2008. La locomotive en construction est No. 2007 \u201cPrince of Wales\u201d, \u00e0 gauche. Les autres locomotives sont deux Pacifics A4, une locomotive-tender N2 et une 131 classe V2. Ce tableau repr\u00e9sente une activit\u00e9 fr\u00e9n\u00e9tique de la vapeur au Royaume Uni.<\/p>\n<p>Pour une description impressionante de No. 2007, regardez le site web: <a href=\"https:\/\/www.p2steam.com\/\">www.p2steam.com<\/a><\/p>\n<p>Tout simplement magnifique.<\/p>\n","protected":false},"excerpt":{"rendered":"<p>Huile sur toile 73 x 100 cm<\/p>\n","protected":false},"featured_media":37,"template":"","meta":{"_acf_changed":false},"product_brand":[],"product_cat":[20,19],"product_tag":[],"class_list":{"0":"post-134","1":"product","2":"type-product","3":"status-publish","4":"has-post-thumbnail","6":"product_cat-gallery","7":"product_cat-not-for-sale","9":"first","10":"outofstock","11":"shipping-taxable","12":"product-type-simple"},"acf":[],"yoast_head":"<!-- This site is optimized with the Yoast SEO plugin v26.5 - https:\/\/yoast.com\/wordpress\/plugins\/seo\/ -->\n<title>Restor\u00e9es, et construites \u00e0 neuf<\/title>\n<meta name=\"robots\" content=\"index, follow, max-snippet:-1, max-image-preview:large, max-video-preview:-1\" \/>\n<link rel=\"canonical\" href=\"https:\/\/predictor943.hrunk.dev\/fr\/product\/restored-and-newly-built\/\" \/>\n<meta property=\"og:locale\" content=\"fr_FR\" \/>\n<meta property=\"og:locale:alternate\" content=\"en_GB\" \/>\n<meta property=\"og:type\" content=\"article\" \/>\n<meta property=\"og:title\" content=\"Restor\u00e9es, et construites \u00e0 neuf\" \/>\n<meta property=\"og:description\" content=\"Huile sur toile 73 x 100 cm\" \/>\n<meta property=\"og:url\" content=\"https:\/\/predictor943.hrunk.dev\/fr\/product\/restored-and-newly-built\/\" \/>\n<meta property=\"og:site_name\" content=\"Peintre du Rail\" \/>\n<meta property=\"article:modified_time\" content=\"2021-03-18T14:14:54+00:00\" \/>\n<meta property=\"og:image\" content=\"https:\/\/predictor943.hrunk.dev\/wp-content\/uploads\/2018\/08\/image-7.png\" \/>\n\t<meta property=\"og:image:width\" content=\"640\" \/>\n\t<meta property=\"og:image:height\" content=\"411\" \/>\n\t<meta property=\"og:image:type\" content=\"image\/png\" \/>\n<meta name=\"twitter:card\" content=\"summary_large_image\" \/>\n<meta name=\"twitter:label1\" content=\"Est. reading time\" \/>\n\t<meta name=\"twitter:data1\" content=\"1 minute\" \/>\n<script type=\"application\/ld+json\" class=\"yoast-schema-graph\">{\"@context\":\"https:\/\/schema.org\",\"@graph\":[{\"@type\":\"WebPage\",\"@id\":\"https:\/\/predictor943.hrunk.dev\/product\/restored-and-newly-built\/\",\"url\":\"https:\/\/predictor943.hrunk.dev\/product\/restored-and-newly-built\/\",\"name\":\"Restor\u00e9es, et construites \u00e0 neuf\",\"isPartOf\":{\"@id\":\"https:\/\/predictor943.hrunk.dev\/#website\"},\"primaryImageOfPage\":{\"@id\":\"https:\/\/predictor943.hrunk.dev\/product\/restored-and-newly-built\/#primaryimage\"},\"image\":{\"@id\":\"https:\/\/predictor943.hrunk.dev\/product\/restored-and-newly-built\/#primaryimage\"},\"thumbnailUrl\":\"https:\/\/predictor943.hrunk.dev\/wp-content\/uploads\/2018\/08\/image-7.png\",\"datePublished\":\"2018-11-04T15:18:49+00:00\",\"dateModified\":\"2021-03-18T14:14:54+00:00\",\"breadcrumb\":{\"@id\":\"https:\/\/predictor943.hrunk.dev\/product\/restored-and-newly-built\/#breadcrumb\"},\"inLanguage\":\"fr-FR\",\"potentialAction\":[{\"@type\":\"ReadAction\",\"target\":[\"https:\/\/predictor943.hrunk.dev\/product\/restored-and-newly-built\/\"]}]},{\"@type\":\"ImageObject\",\"inLanguage\":\"fr-FR\",\"@id\":\"https:\/\/predictor943.hrunk.dev\/product\/restored-and-newly-built\/#primaryimage\",\"url\":\"https:\/\/predictor943.hrunk.dev\/wp-content\/uploads\/2018\/08\/image-7.png\",\"contentUrl\":\"https:\/\/predictor943.hrunk.dev\/wp-content\/uploads\/2018\/08\/image-7.png\",\"width\":640,\"height\":411},{\"@type\":\"BreadcrumbList\",\"@id\":\"https:\/\/predictor943.hrunk.dev\/product\/restored-and-newly-built\/#breadcrumb\",\"itemListElement\":[{\"@type\":\"ListItem\",\"position\":1,\"name\":\"Home\",\"item\":\"https:\/\/predictor943.hrunk.dev\/\"},{\"@type\":\"ListItem\",\"position\":2,\"name\":\"Buy Prints\",\"item\":\"https:\/\/predictor943.hrunk.dev\/shop\/\"},{\"@type\":\"ListItem\",\"position\":3,\"name\":\"Restored, and newly built\"}]},{\"@type\":\"WebSite\",\"@id\":\"https:\/\/predictor943.hrunk.dev\/#website\",\"url\":\"https:\/\/predictor943.hrunk.dev\/\",\"name\":\"Peintre du Rail\",\"description\":\"Chris Ludlow\",\"potentialAction\":[{\"@type\":\"SearchAction\",\"target\":{\"@type\":\"EntryPoint\",\"urlTemplate\":\"https:\/\/predictor943.hrunk.dev\/?s={search_term_string}\"},\"query-input\":{\"@type\":\"PropertyValueSpecification\",\"valueRequired\":true,\"valueName\":\"search_term_string\"}}],\"inLanguage\":\"fr-FR\"}]}<\/script>\n<!-- \/ Yoast SEO plugin. -->","yoast_head_json":{"title":"Restor\u00e9es, et construites \u00e0 neuf","robots":{"index":"index","follow":"follow","max-snippet":"max-snippet:-1","max-image-preview":"max-image-preview:large","max-video-preview":"max-video-preview:-1"},"canonical":"https:\/\/predictor943.hrunk.dev\/fr\/product\/restored-and-newly-built\/","og_locale":"fr_FR","og_type":"article","og_title":"[:en]Restored, and newly built[:fr]Restor\u00e9es, et construites \u00e0 neuf[:] - Peintre du Rail","og_description":"Huile sur toile 73 x 100 cm","og_url":"https:\/\/predictor943.hrunk.dev\/fr\/product\/restored-and-newly-built\/","og_site_name":"Peintre du Rail","article_modified_time":"2021-03-18T14:14:54+00:00","og_image":[{"width":640,"height":411,"url":"https:\/\/predictor943.hrunk.dev\/wp-content\/uploads\/2018\/08\/image-7.png","type":"image\/png"}],"twitter_card":"summary_large_image","twitter_misc":{"Est. reading time":"1 minute"},"schema":{"@context":"https:\/\/schema.org","@graph":[{"@type":"WebPage","@id":"https:\/\/predictor943.hrunk.dev\/product\/restored-and-newly-built\/","url":"https:\/\/predictor943.hrunk.dev\/product\/restored-and-newly-built\/","name":"Restor\u00e9es, et construites \u00e0 neuf","isPartOf":{"@id":"https:\/\/predictor943.hrunk.dev\/#website"},"primaryImageOfPage":{"@id":"https:\/\/predictor943.hrunk.dev\/product\/restored-and-newly-built\/#primaryimage"},"image":{"@id":"https:\/\/predictor943.hrunk.dev\/product\/restored-and-newly-built\/#primaryimage"},"thumbnailUrl":"https:\/\/predictor943.hrunk.dev\/wp-content\/uploads\/2018\/08\/image-7.png","datePublished":"2018-11-04T15:18:49+00:00","dateModified":"2021-03-18T14:14:54+00:00","breadcrumb":{"@id":"https:\/\/predictor943.hrunk.dev\/product\/restored-and-newly-built\/#breadcrumb"},"inLanguage":"fr-FR","potentialAction":[{"@type":"ReadAction","target":["https:\/\/predictor943.hrunk.dev\/product\/restored-and-newly-built\/"]}]},{"@type":"ImageObject","inLanguage":"fr-FR","@id":"https:\/\/predictor943.hrunk.dev\/product\/restored-and-newly-built\/#primaryimage","url":"https:\/\/predictor943.hrunk.dev\/wp-content\/uploads\/2018\/08\/image-7.png","contentUrl":"https:\/\/predictor943.hrunk.dev\/wp-content\/uploads\/2018\/08\/image-7.png","width":640,"height":411},{"@type":"BreadcrumbList","@id":"https:\/\/predictor943.hrunk.dev\/product\/restored-and-newly-built\/#breadcrumb","itemListElement":[{"@type":"ListItem","position":1,"name":"Home","item":"https:\/\/predictor943.hrunk.dev\/"},{"@type":"ListItem","position":2,"name":"Buy Prints","item":"https:\/\/predictor943.hrunk.dev\/shop\/"},{"@type":"ListItem","position":3,"name":"Restored, and newly built"}]},{"@type":"WebSite","@id":"https:\/\/predictor943.hrunk.dev\/#website","url":"https:\/\/predictor943.hrunk.dev\/","name":"Peintre du Rail","description":"Chris Ludlow","potentialAction":[{"@type":"SearchAction","target":{"@type":"EntryPoint","urlTemplate":"https:\/\/predictor943.hrunk.dev\/?s={search_term_string}"},"query-input":{"@type":"PropertyValueSpecification","valueRequired":true,"valueName":"search_term_string"}}],"inLanguage":"fr-FR"}]}},"_links":{"self":[{"href":"https:\/\/predictor943.hrunk.dev\/fr\/wp-json\/wp\/v2\/product\/134","targetHints":{"allow":["GET"]}}],"collection":[{"href":"https:\/\/predictor943.hrunk.dev\/fr\/wp-json\/wp\/v2\/product"}],"about":[{"href":"https:\/\/predictor943.hrunk.dev\/fr\/wp-json\/wp\/v2\/types\/product"}],"wp:featuredmedia":[{"embeddable":true,"href":"https:\/\/predictor943.hrunk.dev\/fr\/wp-json\/wp\/v2\/media\/37"}],"wp:attachment":[{"href":"https:\/\/predictor943.hrunk.dev\/fr\/wp-json\/wp\/v2\/media?parent=134"}],"wp:term":[{"taxonomy":"product_brand","embeddable":true,"href":"https:\/\/predictor943.hrunk.dev\/fr\/wp-json\/wp\/v2\/product_brand?post=134"},{"taxonomy":"product_cat","embeddable":true,"href":"https:\/\/predictor943.hrunk.dev\/fr\/wp-json\/wp\/v2\/product_cat?post=134"},{"taxonomy":"product_tag","embeddable":true,"href":"https:\/\/predictor943.hrunk.dev\/fr\/wp-json\/wp\/v2\/product_tag?post=134"}],"curies":[{"name":"wp","href":"https:\/\/api.w.org\/{rel}","templated":true}]}}