{"id":130,"date":"2018-11-04T15:16:38","date_gmt":"2018-11-04T15:16:38","guid":{"rendered":"https:\/\/pdr229.hrunk.com\/?post_type=product&#038;p=130"},"modified":"2020-08-01T20:43:50","modified_gmt":"2020-08-01T20:43:50","slug":"ambience-plm","status":"publish","type":"product","link":"https:\/\/predictor943.hrunk.dev\/fr\/product\/ambience-plm\/","title":{"rendered":"Ambience PLM"},"content":{"rendered":"<p>Mes clients souhaitaient une sc\u00e8ne typiquement PLM, avec certains \u00e9l\u00e9ments \u00e0 y inclure \u2013 la locomotive tank 242 d\u00e9marrant, un passage \u00e0 niveau, des v\u00e9hicules vintages et un potager. La sc\u00e8ne fut donc ainsi mont\u00e9e. L\u2019autorail Picasso y fut ajout\u00e9e par moi, \u00e0 la derni\u00e8re minute pour \u00e9quilibrer la composition.<\/p>\n","protected":false},"excerpt":{"rendered":"<p>Mes clients souhaitaient une sc\u00e8ne typiquement PLM, avec certains \u00e9l\u00e9ments \u00e0 y inclure \u2013 la locomotive tank 242 d\u00e9marrant, un passage \u00e0 niveau, des v\u00e9hicules vintages et un potager. La sc\u00e8ne fut donc ainsi mont\u00e9e. L\u2019autorail Picasso y fut ajout\u00e9e par moi, \u00e0 la derni\u00e8re minute pour \u00e9quilibrer la composition.<\/p>\n","protected":false},"featured_media":33,"template":"","meta":{"_acf_changed":false},"product_brand":[],"product_cat":[20],"product_tag":[],"class_list":{"0":"post-130","1":"product","2":"type-product","3":"status-publish","4":"has-post-thumbnail","6":"product_cat-gallery","8":"first","9":"instock","10":"shipping-taxable","11":"purchasable","12":"product-type-simple"},"acf":[],"yoast_head":"<!-- This site is optimized with the Yoast SEO plugin v26.5 - https:\/\/yoast.com\/wordpress\/plugins\/seo\/ -->\n<title>Ambience PLM<\/title>\n<meta name=\"robots\" content=\"index, follow, max-snippet:-1, max-image-preview:large, max-video-preview:-1\" \/>\n<link rel=\"canonical\" href=\"https:\/\/predictor943.hrunk.dev\/fr\/product\/ambience-plm\/\" \/>\n<meta property=\"og:locale\" content=\"fr_FR\" \/>\n<meta property=\"og:locale:alternate\" content=\"en_GB\" \/>\n<meta property=\"og:type\" content=\"article\" \/>\n<meta property=\"og:title\" content=\"Ambience PLM\" \/>\n<meta property=\"og:description\" content=\"Mes clients souhaitaient une sc\u00e8ne typiquement PLM, avec certains \u00e9l\u00e9ments \u00e0 y inclure \u2013 la locomotive tank 242 d\u00e9marrant, un passage \u00e0 niveau, des v\u00e9hicules vintages et un potager. La sc\u00e8ne fut donc ainsi mont\u00e9e. L\u2019autorail Picasso y fut ajout\u00e9e par moi, \u00e0 la derni\u00e8re minute pour \u00e9quilibrer la composition.\" \/>\n<meta property=\"og:url\" content=\"https:\/\/predictor943.hrunk.dev\/fr\/product\/ambience-plm\/\" \/>\n<meta property=\"og:site_name\" content=\"Peintre du Rail\" \/>\n<meta property=\"article:modified_time\" content=\"2020-08-01T20:43:50+00:00\" \/>\n<meta property=\"og:image\" content=\"https:\/\/predictor943.hrunk.dev\/wp-content\/uploads\/2018\/08\/image-5.png\" \/>\n\t<meta property=\"og:image:width\" content=\"425\" \/>\n\t<meta property=\"og:image:height\" content=\"354\" \/>\n\t<meta property=\"og:image:type\" content=\"image\/png\" \/>\n<meta name=\"twitter:card\" content=\"summary_large_image\" \/>\n<meta name=\"twitter:label1\" content=\"Est. reading time\" \/>\n\t<meta name=\"twitter:data1\" content=\"1 minute\" \/>\n<script type=\"application\/ld+json\" class=\"yoast-schema-graph\">{\"@context\":\"https:\/\/schema.org\",\"@graph\":[{\"@type\":\"WebPage\",\"@id\":\"https:\/\/predictor943.hrunk.dev\/product\/ambience-plm\/\",\"url\":\"https:\/\/predictor943.hrunk.dev\/product\/ambience-plm\/\",\"name\":\"Ambience PLM\",\"isPartOf\":{\"@id\":\"https:\/\/predictor943.hrunk.dev\/#website\"},\"primaryImageOfPage\":{\"@id\":\"https:\/\/predictor943.hrunk.dev\/product\/ambience-plm\/#primaryimage\"},\"image\":{\"@id\":\"https:\/\/predictor943.hrunk.dev\/product\/ambience-plm\/#primaryimage\"},\"thumbnailUrl\":\"https:\/\/predictor943.hrunk.dev\/wp-content\/uploads\/2018\/08\/image-5.png\",\"datePublished\":\"2018-11-04T15:16:38+00:00\",\"dateModified\":\"2020-08-01T20:43:50+00:00\",\"breadcrumb\":{\"@id\":\"https:\/\/predictor943.hrunk.dev\/product\/ambience-plm\/#breadcrumb\"},\"inLanguage\":\"fr-FR\",\"potentialAction\":[{\"@type\":\"ReadAction\",\"target\":[\"https:\/\/predictor943.hrunk.dev\/product\/ambience-plm\/\"]}]},{\"@type\":\"ImageObject\",\"inLanguage\":\"fr-FR\",\"@id\":\"https:\/\/predictor943.hrunk.dev\/product\/ambience-plm\/#primaryimage\",\"url\":\"https:\/\/predictor943.hrunk.dev\/wp-content\/uploads\/2018\/08\/image-5.png\",\"contentUrl\":\"https:\/\/predictor943.hrunk.dev\/wp-content\/uploads\/2018\/08\/image-5.png\",\"width\":425,\"height\":354},{\"@type\":\"BreadcrumbList\",\"@id\":\"https:\/\/predictor943.hrunk.dev\/product\/ambience-plm\/#breadcrumb\",\"itemListElement\":[{\"@type\":\"ListItem\",\"position\":1,\"name\":\"Home\",\"item\":\"https:\/\/predictor943.hrunk.dev\/\"},{\"@type\":\"ListItem\",\"position\":2,\"name\":\"Buy Prints\",\"item\":\"https:\/\/predictor943.hrunk.dev\/shop\/\"},{\"@type\":\"ListItem\",\"position\":3,\"name\":\"Ambiance PLM\"}]},{\"@type\":\"WebSite\",\"@id\":\"https:\/\/predictor943.hrunk.dev\/#website\",\"url\":\"https:\/\/predictor943.hrunk.dev\/\",\"name\":\"Peintre du Rail\",\"description\":\"Chris Ludlow\",\"potentialAction\":[{\"@type\":\"SearchAction\",\"target\":{\"@type\":\"EntryPoint\",\"urlTemplate\":\"https:\/\/predictor943.hrunk.dev\/?s={search_term_string}\"},\"query-input\":{\"@type\":\"PropertyValueSpecification\",\"valueRequired\":true,\"valueName\":\"search_term_string\"}}],\"inLanguage\":\"fr-FR\"}]}<\/script>\n<!-- \/ Yoast SEO plugin. -->","yoast_head_json":{"title":"Ambience PLM","robots":{"index":"index","follow":"follow","max-snippet":"max-snippet:-1","max-image-preview":"max-image-preview:large","max-video-preview":"max-video-preview:-1"},"canonical":"https:\/\/predictor943.hrunk.dev\/fr\/product\/ambience-plm\/","og_locale":"fr_FR","og_type":"article","og_title":"[:en]Ambiance PLM[:fr]Ambience PLM[:] - Peintre du Rail","og_description":"Mes clients souhaitaient une sc\u00e8ne typiquement PLM, avec certains \u00e9l\u00e9ments \u00e0 y inclure \u2013 la locomotive tank 242 d\u00e9marrant, un passage \u00e0 niveau, des v\u00e9hicules vintages et un potager. La sc\u00e8ne fut donc ainsi mont\u00e9e. L\u2019autorail Picasso y fut ajout\u00e9e par moi, \u00e0 la derni\u00e8re minute pour \u00e9quilibrer la composition.","og_url":"https:\/\/predictor943.hrunk.dev\/fr\/product\/ambience-plm\/","og_site_name":"Peintre du Rail","article_modified_time":"2020-08-01T20:43:50+00:00","og_image":[{"width":425,"height":354,"url":"https:\/\/predictor943.hrunk.dev\/wp-content\/uploads\/2018\/08\/image-5.png","type":"image\/png"}],"twitter_card":"summary_large_image","twitter_misc":{"Est. reading time":"1 minute"},"schema":{"@context":"https:\/\/schema.org","@graph":[{"@type":"WebPage","@id":"https:\/\/predictor943.hrunk.dev\/product\/ambience-plm\/","url":"https:\/\/predictor943.hrunk.dev\/product\/ambience-plm\/","name":"Ambience PLM","isPartOf":{"@id":"https:\/\/predictor943.hrunk.dev\/#website"},"primaryImageOfPage":{"@id":"https:\/\/predictor943.hrunk.dev\/product\/ambience-plm\/#primaryimage"},"image":{"@id":"https:\/\/predictor943.hrunk.dev\/product\/ambience-plm\/#primaryimage"},"thumbnailUrl":"https:\/\/predictor943.hrunk.dev\/wp-content\/uploads\/2018\/08\/image-5.png","datePublished":"2018-11-04T15:16:38+00:00","dateModified":"2020-08-01T20:43:50+00:00","breadcrumb":{"@id":"https:\/\/predictor943.hrunk.dev\/product\/ambience-plm\/#breadcrumb"},"inLanguage":"fr-FR","potentialAction":[{"@type":"ReadAction","target":["https:\/\/predictor943.hrunk.dev\/product\/ambience-plm\/"]}]},{"@type":"ImageObject","inLanguage":"fr-FR","@id":"https:\/\/predictor943.hrunk.dev\/product\/ambience-plm\/#primaryimage","url":"https:\/\/predictor943.hrunk.dev\/wp-content\/uploads\/2018\/08\/image-5.png","contentUrl":"https:\/\/predictor943.hrunk.dev\/wp-content\/uploads\/2018\/08\/image-5.png","width":425,"height":354},{"@type":"BreadcrumbList","@id":"https:\/\/predictor943.hrunk.dev\/product\/ambience-plm\/#breadcrumb","itemListElement":[{"@type":"ListItem","position":1,"name":"Home","item":"https:\/\/predictor943.hrunk.dev\/"},{"@type":"ListItem","position":2,"name":"Buy Prints","item":"https:\/\/predictor943.hrunk.dev\/shop\/"},{"@type":"ListItem","position":3,"name":"Ambiance PLM"}]},{"@type":"WebSite","@id":"https:\/\/predictor943.hrunk.dev\/#website","url":"https:\/\/predictor943.hrunk.dev\/","name":"Peintre du Rail","description":"Chris Ludlow","potentialAction":[{"@type":"SearchAction","target":{"@type":"EntryPoint","urlTemplate":"https:\/\/predictor943.hrunk.dev\/?s={search_term_string}"},"query-input":{"@type":"PropertyValueSpecification","valueRequired":true,"valueName":"search_term_string"}}],"inLanguage":"fr-FR"}]}},"_links":{"self":[{"href":"https:\/\/predictor943.hrunk.dev\/fr\/wp-json\/wp\/v2\/product\/130","targetHints":{"allow":["GET"]}}],"collection":[{"href":"https:\/\/predictor943.hrunk.dev\/fr\/wp-json\/wp\/v2\/product"}],"about":[{"href":"https:\/\/predictor943.hrunk.dev\/fr\/wp-json\/wp\/v2\/types\/product"}],"wp:featuredmedia":[{"embeddable":true,"href":"https:\/\/predictor943.hrunk.dev\/fr\/wp-json\/wp\/v2\/media\/33"}],"wp:attachment":[{"href":"https:\/\/predictor943.hrunk.dev\/fr\/wp-json\/wp\/v2\/media?parent=130"}],"wp:term":[{"taxonomy":"product_brand","embeddable":true,"href":"https:\/\/predictor943.hrunk.dev\/fr\/wp-json\/wp\/v2\/product_brand?post=130"},{"taxonomy":"product_cat","embeddable":true,"href":"https:\/\/predictor943.hrunk.dev\/fr\/wp-json\/wp\/v2\/product_cat?post=130"},{"taxonomy":"product_tag","embeddable":true,"href":"https:\/\/predictor943.hrunk.dev\/fr\/wp-json\/wp\/v2\/product_tag?post=130"}],"curies":[{"name":"wp","href":"https:\/\/api.w.org\/{rel}","templated":true}]}}