{"id":124,"date":"2018-11-04T15:10:19","date_gmt":"2018-11-04T15:10:19","guid":{"rendered":"https:\/\/pdr229.hrunk.com\/fr\/?post_type=product&#038;p=124"},"modified":"2018-11-13T10:28:57","modified_gmt":"2018-11-13T10:28:57","slug":"reductio-ad-absurdum","status":"publish","type":"product","link":"https:\/\/predictor943.hrunk.dev\/fr\/product\/reductio-ad-absurdum\/","title":{"rendered":"Reductio ad Absurdum"},"content":{"rendered":"<p>Mon \u00e9pouse trouva dans une brocante du coin un vieux train jouet JEP, dans sa boite d\u2019origine. Moi, voyant l\u2019inscription, \u201cVrais trains, en taille r\u00e9duite\u201d j\u2019ai pens\u00e9 qu\u2019il serait int\u00e9ressant de tester cette r\u00e9clame en mettant un mod\u00e8le agrandi dans une situation r\u00e9elle. Vous pouvez en tirer vos propres conclusions, mais je pense que ces mod\u00e8les r\u00e9duits \u00e9taient remarquables pour leur \u00e9poque.<\/p>\n","protected":false},"excerpt":{"rendered":"<p>Huile sur toile 46 x 61 cm<\/p>\n","protected":false},"featured_media":24,"template":"","meta":{"_acf_changed":false},"product_brand":[],"product_cat":[20,21],"product_tag":[],"class_list":{"0":"post-124","1":"product","2":"type-product","3":"status-publish","4":"has-post-thumbnail","6":"product_cat-gallery","7":"product_cat-original-for-sale","9":"first","10":"instock","11":"shipping-taxable","12":"product-type-simple"},"acf":[],"yoast_head":"<!-- This site is optimized with the Yoast SEO plugin v26.5 - https:\/\/yoast.com\/wordpress\/plugins\/seo\/ -->\n<title>Reductio ad Absurdum<\/title>\n<meta name=\"robots\" content=\"index, follow, max-snippet:-1, max-image-preview:large, max-video-preview:-1\" \/>\n<link rel=\"canonical\" href=\"https:\/\/predictor943.hrunk.dev\/fr\/product\/reductio-ad-absurdum\/\" \/>\n<meta property=\"og:locale\" content=\"fr_FR\" \/>\n<meta property=\"og:locale:alternate\" content=\"en_GB\" \/>\n<meta property=\"og:type\" content=\"article\" \/>\n<meta property=\"og:title\" content=\"Reductio ad Absurdum\" \/>\n<meta property=\"og:description\" content=\"Huile sur toile 46 x 61 cm\" \/>\n<meta property=\"og:url\" content=\"https:\/\/predictor943.hrunk.dev\/fr\/product\/reductio-ad-absurdum\/\" \/>\n<meta property=\"og:site_name\" content=\"Peintre du Rail\" \/>\n<meta property=\"article:modified_time\" content=\"2018-11-13T10:28:57+00:00\" \/>\n<meta property=\"og:image\" content=\"https:\/\/predictor943.hrunk.dev\/wp-content\/uploads\/2018\/08\/image-1.png\" \/>\n\t<meta property=\"og:image:width\" content=\"454\" \/>\n\t<meta property=\"og:image:height\" content=\"335\" \/>\n\t<meta property=\"og:image:type\" content=\"image\/png\" \/>\n<meta name=\"twitter:card\" content=\"summary_large_image\" \/>\n<meta name=\"twitter:label1\" content=\"Est. reading time\" \/>\n\t<meta name=\"twitter:data1\" content=\"1 minute\" \/>\n<script type=\"application\/ld+json\" class=\"yoast-schema-graph\">{\"@context\":\"https:\/\/schema.org\",\"@graph\":[{\"@type\":\"WebPage\",\"@id\":\"https:\/\/predictor943.hrunk.dev\/product\/reductio-ad-absurdum\/\",\"url\":\"https:\/\/predictor943.hrunk.dev\/product\/reductio-ad-absurdum\/\",\"name\":\"Reductio ad Absurdum\",\"isPartOf\":{\"@id\":\"https:\/\/predictor943.hrunk.dev\/#website\"},\"primaryImageOfPage\":{\"@id\":\"https:\/\/predictor943.hrunk.dev\/product\/reductio-ad-absurdum\/#primaryimage\"},\"image\":{\"@id\":\"https:\/\/predictor943.hrunk.dev\/product\/reductio-ad-absurdum\/#primaryimage\"},\"thumbnailUrl\":\"https:\/\/predictor943.hrunk.dev\/wp-content\/uploads\/2018\/08\/image-1.png\",\"datePublished\":\"2018-11-04T15:10:19+00:00\",\"dateModified\":\"2018-11-13T10:28:57+00:00\",\"breadcrumb\":{\"@id\":\"https:\/\/predictor943.hrunk.dev\/product\/reductio-ad-absurdum\/#breadcrumb\"},\"inLanguage\":\"fr-FR\",\"potentialAction\":[{\"@type\":\"ReadAction\",\"target\":[\"https:\/\/predictor943.hrunk.dev\/product\/reductio-ad-absurdum\/\"]}]},{\"@type\":\"ImageObject\",\"inLanguage\":\"fr-FR\",\"@id\":\"https:\/\/predictor943.hrunk.dev\/product\/reductio-ad-absurdum\/#primaryimage\",\"url\":\"https:\/\/predictor943.hrunk.dev\/wp-content\/uploads\/2018\/08\/image-1.png\",\"contentUrl\":\"https:\/\/predictor943.hrunk.dev\/wp-content\/uploads\/2018\/08\/image-1.png\",\"width\":454,\"height\":335},{\"@type\":\"BreadcrumbList\",\"@id\":\"https:\/\/predictor943.hrunk.dev\/product\/reductio-ad-absurdum\/#breadcrumb\",\"itemListElement\":[{\"@type\":\"ListItem\",\"position\":1,\"name\":\"Home\",\"item\":\"https:\/\/predictor943.hrunk.dev\/\"},{\"@type\":\"ListItem\",\"position\":2,\"name\":\"Buy Prints\",\"item\":\"https:\/\/predictor943.hrunk.dev\/shop\/\"},{\"@type\":\"ListItem\",\"position\":3,\"name\":\"Reductio ad Absurdum\"}]},{\"@type\":\"WebSite\",\"@id\":\"https:\/\/predictor943.hrunk.dev\/#website\",\"url\":\"https:\/\/predictor943.hrunk.dev\/\",\"name\":\"Peintre du Rail\",\"description\":\"Chris Ludlow\",\"potentialAction\":[{\"@type\":\"SearchAction\",\"target\":{\"@type\":\"EntryPoint\",\"urlTemplate\":\"https:\/\/predictor943.hrunk.dev\/?s={search_term_string}\"},\"query-input\":{\"@type\":\"PropertyValueSpecification\",\"valueRequired\":true,\"valueName\":\"search_term_string\"}}],\"inLanguage\":\"fr-FR\"}]}<\/script>\n<!-- \/ Yoast SEO plugin. -->","yoast_head_json":{"title":"Reductio ad Absurdum","robots":{"index":"index","follow":"follow","max-snippet":"max-snippet:-1","max-image-preview":"max-image-preview:large","max-video-preview":"max-video-preview:-1"},"canonical":"https:\/\/predictor943.hrunk.dev\/fr\/product\/reductio-ad-absurdum\/","og_locale":"fr_FR","og_type":"article","og_title":"[:en]Reductio ad Absurdum[:fr]Reductio ad Absurdum[:] - Peintre du Rail","og_description":"Huile sur toile 46 x 61 cm","og_url":"https:\/\/predictor943.hrunk.dev\/fr\/product\/reductio-ad-absurdum\/","og_site_name":"Peintre du Rail","article_modified_time":"2018-11-13T10:28:57+00:00","og_image":[{"width":454,"height":335,"url":"https:\/\/predictor943.hrunk.dev\/wp-content\/uploads\/2018\/08\/image-1.png","type":"image\/png"}],"twitter_card":"summary_large_image","twitter_misc":{"Est. reading time":"1 minute"},"schema":{"@context":"https:\/\/schema.org","@graph":[{"@type":"WebPage","@id":"https:\/\/predictor943.hrunk.dev\/product\/reductio-ad-absurdum\/","url":"https:\/\/predictor943.hrunk.dev\/product\/reductio-ad-absurdum\/","name":"Reductio ad Absurdum","isPartOf":{"@id":"https:\/\/predictor943.hrunk.dev\/#website"},"primaryImageOfPage":{"@id":"https:\/\/predictor943.hrunk.dev\/product\/reductio-ad-absurdum\/#primaryimage"},"image":{"@id":"https:\/\/predictor943.hrunk.dev\/product\/reductio-ad-absurdum\/#primaryimage"},"thumbnailUrl":"https:\/\/predictor943.hrunk.dev\/wp-content\/uploads\/2018\/08\/image-1.png","datePublished":"2018-11-04T15:10:19+00:00","dateModified":"2018-11-13T10:28:57+00:00","breadcrumb":{"@id":"https:\/\/predictor943.hrunk.dev\/product\/reductio-ad-absurdum\/#breadcrumb"},"inLanguage":"fr-FR","potentialAction":[{"@type":"ReadAction","target":["https:\/\/predictor943.hrunk.dev\/product\/reductio-ad-absurdum\/"]}]},{"@type":"ImageObject","inLanguage":"fr-FR","@id":"https:\/\/predictor943.hrunk.dev\/product\/reductio-ad-absurdum\/#primaryimage","url":"https:\/\/predictor943.hrunk.dev\/wp-content\/uploads\/2018\/08\/image-1.png","contentUrl":"https:\/\/predictor943.hrunk.dev\/wp-content\/uploads\/2018\/08\/image-1.png","width":454,"height":335},{"@type":"BreadcrumbList","@id":"https:\/\/predictor943.hrunk.dev\/product\/reductio-ad-absurdum\/#breadcrumb","itemListElement":[{"@type":"ListItem","position":1,"name":"Home","item":"https:\/\/predictor943.hrunk.dev\/"},{"@type":"ListItem","position":2,"name":"Buy Prints","item":"https:\/\/predictor943.hrunk.dev\/shop\/"},{"@type":"ListItem","position":3,"name":"Reductio ad Absurdum"}]},{"@type":"WebSite","@id":"https:\/\/predictor943.hrunk.dev\/#website","url":"https:\/\/predictor943.hrunk.dev\/","name":"Peintre du Rail","description":"Chris Ludlow","potentialAction":[{"@type":"SearchAction","target":{"@type":"EntryPoint","urlTemplate":"https:\/\/predictor943.hrunk.dev\/?s={search_term_string}"},"query-input":{"@type":"PropertyValueSpecification","valueRequired":true,"valueName":"search_term_string"}}],"inLanguage":"fr-FR"}]}},"_links":{"self":[{"href":"https:\/\/predictor943.hrunk.dev\/fr\/wp-json\/wp\/v2\/product\/124","targetHints":{"allow":["GET"]}}],"collection":[{"href":"https:\/\/predictor943.hrunk.dev\/fr\/wp-json\/wp\/v2\/product"}],"about":[{"href":"https:\/\/predictor943.hrunk.dev\/fr\/wp-json\/wp\/v2\/types\/product"}],"wp:featuredmedia":[{"embeddable":true,"href":"https:\/\/predictor943.hrunk.dev\/fr\/wp-json\/wp\/v2\/media\/24"}],"wp:attachment":[{"href":"https:\/\/predictor943.hrunk.dev\/fr\/wp-json\/wp\/v2\/media?parent=124"}],"wp:term":[{"taxonomy":"product_brand","embeddable":true,"href":"https:\/\/predictor943.hrunk.dev\/fr\/wp-json\/wp\/v2\/product_brand?post=124"},{"taxonomy":"product_cat","embeddable":true,"href":"https:\/\/predictor943.hrunk.dev\/fr\/wp-json\/wp\/v2\/product_cat?post=124"},{"taxonomy":"product_tag","embeddable":true,"href":"https:\/\/predictor943.hrunk.dev\/fr\/wp-json\/wp\/v2\/product_tag?post=124"}],"curies":[{"name":"wp","href":"https:\/\/api.w.org\/{rel}","templated":true}]}}